{"id":3584,"date":"2017-07-20T09:43:55","date_gmt":"2017-07-20T06:43:55","guid":{"rendered":"http:\/\/arkasaegeanlinkregatta.com\/?page_id=3584"},"modified":"2023-05-09T13:34:00","modified_gmt":"2023-05-09T10:34:00","slug":"news-events-2","status":"publish","type":"page","link":"https:\/\/arkasaegeanlinkregatta.com\/en\/news-events-2\/","title":{"rendered":"News &#038; Events"},"content":{"rendered":"<p>[vc_row rt_row_background_width=&#8221;fullwidth&#8221; rt_row_content_width=&#8221;fullwidth&#8221; rt_row_style=&#8221;default-style&#8221; rt_row_height=&#8221;min_height&#8221; rt_holder_placement=&#8221;middle&#8221; rt_row_borders=&#8221;&#8221; rt_row_shadows=&#8221;&#8221; rt_column_gaps=&#8221;&#8221; rt_row_paddings=&#8221;true&#8221; rt_bg_effect=&#8221;classic&#8221; rt_transparent_bg=&#8221;&#8221; rt_bg_image_repeat=&#8221;repeat&#8221; rt_bg_size=&#8221;cover&#8221; rt_bg_position=&#8221;right top&#8221; rt_bg_attachment=&#8221;scroll&#8221; rt_bg_video_format=&#8221;self-hosted&#8221; rt_min_row_height=&#8221;200&#8243; rt_bg_color=&#8221;#f4f4f4&#8243;][vc_column rt_col_paddings=&#8221;true&#8221; rt_wrp_col_paddings=&#8221;false&#8221; rt_column_shadow=&#8221;&#8221; rt_border_top=&#8221;&#8221; rt_border_bottom=&#8221;&#8221; rt_border_left=&#8221;&#8221; rt_border_right=&#8221;&#8221; rt_border_top_mobile=&#8221;&#8221; rt_border_bottom_mobile=&#8221;&#8221; rt_border_left_mobile=&#8221;&#8221; rt_border_right_mobile=&#8221;&#8221; rt_bg_image_repeat=&#8221;repeat&#8221; rt_bg_size=&#8221;auto auto&#8221; rt_bg_position=&#8221;right top&#8221; rt_bg_attachment=&#8221;scroll&#8221; rt_padding_top=&#8221;40&#8243; rt_padding_bottom=&#8221;40&#8243; rt_bg_color=&#8221;&#8221; rt_bg_overlay_color=&#8221;&#8221;]<div class=\"rt_heading_wrapper style-7\">\n\t\t\t\t\t\t<h1 class=\"rt_heading  aligncenter heading-font style-7\"  style=\"font-size:50px;line-height:70px;\">News &amp; Events<\/h1> \n\t\t\t\t\t<\/div><div class=\"rt_heading_wrapper style-7\">\n\t\t\t\t\t\t<p class=\"rt_heading  aligncenter primary-color secondary-font style-7\"  style=\"font-size:20px;\">Arkas Aegean Link Regatta<\/p> \n\t\t\t\t\t<\/div>[\/vc_column][\/vc_row][vc_row rt_row_background_width=&#8221;fullwidth&#8221; rt_row_content_width=&#8221;default&#8221; rt_row_style=&#8221;default-style&#8221; rt_row_height=&#8221;&#8221; rt_row_borders=&#8221;&#8221; rt_row_shadows=&#8221;&#8221; rt_column_gaps=&#8221;&#8221; rt_row_paddings=&#8221;true&#8221; rt_bg_effect=&#8221;shape&#8221; rt_bg_shape=&#8221;cross-right&#8221; rt_bg_custom_alignment=&#8221;top&#8221; rt_transparent_bg=&#8221;&#8221; rt_bg_image_repeat=&#8221;repeat&#8221; rt_bg_size=&#8221;cover&#8221; rt_bg_position=&#8221;right top&#8221; rt_bg_video_format=&#8221;self-hosted&#8221; rt_padding_top=&#8221;40&#8243; rt_padding_bottom=&#8221;40&#8243; rt_bg_shape_color=&#8221;#f4f4f4&#8243;][vc_column rt_col_paddings=&#8221;false&#8221; rt_wrp_col_paddings=&#8221;false&#8221; rt_column_shadow=&#8221;&#8221; rt_border_top=&#8221;&#8221; rt_border_bottom=&#8221;&#8221; rt_border_left=&#8221;&#8221; rt_border_right=&#8221;&#8221; rt_border_top_mobile=&#8221;&#8221; rt_border_bottom_mobile=&#8221;&#8221; rt_border_left_mobile=&#8221;&#8221; rt_border_right_mobile=&#8221;&#8221; rt_bg_image_repeat=&#8221;repeat&#8221; rt_bg_size=&#8221;auto auto&#8221; rt_bg_position=&#8221;right top&#8221; rt_bg_attachment=&#8221;scroll&#8221; rt_bg_color=&#8221;&#8221; rt_bg_overlay_color=&#8221;&#8221;]\n<div id=\"blog-dynamicID-502040\" class=\"blog_list clearfix masonry-gallery\" data-column-width=\"2\">\n<article id=\"6242\" class=\"col col-sm-6 rt-dynamic post-6242 post type-post status-publish format-standard has-post-thumbnail hentry category-genel\">\n \r\n\r\n<!-- blog box-->\r\n\r\n\t\t<figure class=\"featured_image featured_media\">\r\n\t\t<a id=\"lightbox-877012\" class=\"imgeffect zoom rt_lightbox featured_image\" data-gal-id=\"image_6234\" data-rel=\"rt_lightbox\" title=\"Enlarge Image\" data-title=\"Arkas Regatta \u00c7e\u015fme Sahillerine Renk Katt\u0131\" data-sub-html=\"\" data-src=\"\" data-width=\"\" data-height=\"\" data-poster=\"\" data-autoplay=\"\" data-audiotitle=\"\" data-download-url=\"false\" href=\"https:\/\/arkasaegeanlinkregatta.com\/en\/wp-content\/uploads\/2023\/01\/regatta-posta-izmir-010922022-s1-m.jpg\"><img decoding=\"async\" src=\"https:\/\/arkasaegeanlinkregatta.com\/en\/wp-content\/uploads\/2023\/01\/regatta-posta-izmir-010922022-s1-m-338x600.jpg\" alt=\"\" class=\"\" \/><\/a>\t\t\r\n\t<\/figure> \r\n\t\r\n\r\n\t\r\n\t<div class=\"entry-content text no-post-sidebar\">\r\n\r\n\t\t<!-- blog headline-->\r\n\t\t<h2 class=\"entry-title\"><a href=\"https:\/\/arkasaegeanlinkregatta.com\/en\/arkas-regatta-cesme-sahillerine-renk-katti\/\" rel=\"bookmark\">Arkas Regatta \u00c7e\u015fme Sahillerine Renk Katt\u0131<\/a><\/h2> \r\n\t\t\t\t\r\n\t\t\r\n\t\t<!-- meta data -->\r\n\t\t<div class=\"post_data\">\r\n\r\n\t\t\t\t\t\t<!-- date -->                                     \r\n\t\t\t<span class=\"icon-line-clock date margin-right20\"><a href=\"https:\/\/arkasaegeanlinkregatta.com\/en\/arkas-regatta-cesme-sahillerine-renk-katti\/\">19 Ocak 2023<\/a><\/span>\r\n\t\t\t\t\t\t\t\r\n\r\n\t\t\t\t\t\t\t\r\n\t\t\t\r\n\t\t\t\r\n\t\t\t\r\n\t\t\t\t\t\t\t<span class=\"social_share icon-line-share\"><ul><li class=\"mail\"><a class=\"icon-mail \" href=\"mailto:?body=https%3A%2F%2Farkasaegeanlinkregatta.com%2Fen%2Farkas-regatta-cesme-sahillerine-renk-katti%2F\" title=\"Email\"><span>Email<\/span><\/a><\/li><li class=\"twitter\"><a class=\"icon-twitter \" href=\"#\" data-url=\"http:\/\/twitter.com\/home?status=Arkas+Regatta+%C3%87e%C5%9Fme+Sahillerine+Renk+Katt%C4%B1+https%3A%2F%2Farkasaegeanlinkregatta.com%2Fen%2Farkas-regatta-cesme-sahillerine-renk-katti%2F\" title=\"Twitter\"><span>Twitter<\/span><\/a><\/li><li class=\"facebook\"><a class=\"icon-facebook \" href=\"#\" data-url=\"http:\/\/www.facebook.com\/sharer\/sharer.php?u=https%3A%2F%2Farkasaegeanlinkregatta.com%2Fen%2Farkas-regatta-cesme-sahillerine-renk-katti%2F&amp;title=Arkas+Regatta+%C3%87e%C5%9Fme+Sahillerine+Renk+Katt%C4%B1\" title=\"Facebook\"><span>Facebook<\/span><\/a><\/li><li class=\"gplus\"><a class=\"icon-gplus \" href=\"#\" data-url=\"https:\/\/plus.google.com\/share?url=https%3A%2F%2Farkasaegeanlinkregatta.com%2Fen%2Farkas-regatta-cesme-sahillerine-renk-katti%2F\" title=\"Google +\"><span>Google +<\/span><\/a><\/li><li class=\"pinterest\"><a class=\"icon-pinterest \" href=\"#\" data-url=\"http:\/\/pinterest.com\/pin\/create\/bookmarklet\/?media=https%3A%2F%2Farkasaegeanlinkregatta.com%2Fen%2Fwp-content%2Fuploads%2F2023%2F01%2Fregatta-posta-izmir-010922022-s1-m.jpg&amp;url=https%3A%2F%2Farkasaegeanlinkregatta.com%2Fen%2Farkas-regatta-cesme-sahillerine-renk-katti%2F&amp;is_video=false&amp;description=Arkas+Regatta+%C3%87e%C5%9Fme+Sahillerine+Renk+Katt%C4%B1\" title=\"Pinterest\"><span>Pinterest<\/span><\/a><\/li><li class=\"tumblr\"><a class=\"icon-tumblr \" href=\"#\" data-url=\"http:\/\/tumblr.com\/share?url=https%3A%2F%2Farkasaegeanlinkregatta.com%2Fen%2Farkas-regatta-cesme-sahillerine-renk-katti%2F&amp;title=Arkas+Regatta+%C3%87e%C5%9Fme+Sahillerine+Renk+Katt%C4%B1\" title=\"Tumblr\"><span>Tumblr<\/span><\/a><\/li><li class=\"linkedin\"><a class=\"icon-linkedin \" href=\"#\" data-url=\"http:\/\/www.linkedin.com\/shareArticle?mini=true&amp;url=https%3A%2F%2Farkasaegeanlinkregatta.com%2Fen%2Farkas-regatta-cesme-sahillerine-renk-katti%2F&amp;title=Arkas+Regatta+%C3%87e%C5%9Fme+Sahillerine+Renk+Katt%C4%B1&amp;source=\" title=\"Linkedin\"><span>Linkedin<\/span><\/a><\/li><li class=\"vkontakte\"><a class=\"icon-vkontakte \" href=\"#\" data-url=\"http:\/\/vkontakte.ru\/share.php?url=https%3A%2F%2Farkasaegeanlinkregatta.com%2Fen%2Farkas-regatta-cesme-sahillerine-renk-katti%2F\" title=\"Vkontakte\"><span>Vkontakte<\/span><\/a><\/li><\/ul><\/span>\t\t\t\r\n\t\t<\/div><!-- \/ end div  .post_data -->\r\n\t\r\n\t\t<p>&#8230; <a class=\"more-link\" href=\"https:\/\/arkasaegeanlinkregatta.com\/en\/arkas-regatta-cesme-sahillerine-renk-katti\/\">Devam\u0131n\u0131 Oku<\/a><\/p>\n\t<\/div> \r\n\r\n<!-- \/ blog box-->\r\n<\/article>\n<article id=\"6240\" class=\"col col-sm-6 rt-dynamic post-6240 post type-post status-publish format-standard has-post-thumbnail hentry category-genel\">\n \r\n\r\n<!-- blog box-->\r\n\r\n\t\t<figure class=\"featured_image featured_media\">\r\n\t\t<a id=\"lightbox-937729\" class=\"imgeffect zoom rt_lightbox featured_image\" data-gal-id=\"image_6233\" data-rel=\"rt_lightbox\" title=\"Enlarge Image\" data-title=\"Arkas Aegean Link Regatta \u00c7e\u015fme&#8217;yi Renklendirdi\" data-sub-html=\"\" data-src=\"\" data-width=\"\" data-height=\"\" data-poster=\"\" data-autoplay=\"\" data-audiotitle=\"\" data-download-url=\"false\" href=\"https:\/\/arkasaegeanlinkregatta.com\/en\/wp-content\/uploads\/2023\/01\/regatta-Posta-01.09.2022-S17.jpeg\"><img decoding=\"async\" src=\"https:\/\/arkasaegeanlinkregatta.com\/en\/wp-content\/uploads\/2023\/01\/regatta-Posta-01.09.2022-S17-331x600.jpeg\" alt=\"\" class=\"\" \/><\/a>\t\t\r\n\t<\/figure> \r\n\t\r\n\r\n\t\r\n\t<div class=\"entry-content text no-post-sidebar\">\r\n\r\n\t\t<!-- blog headline-->\r\n\t\t<h2 class=\"entry-title\"><a href=\"https:\/\/arkasaegeanlinkregatta.com\/en\/arkas-aegean-link-regatta-cesmeyi-renklendirdi\/\" rel=\"bookmark\">Arkas Aegean Link Regatta \u00c7e\u015fme&#8217;yi Renklendirdi<\/a><\/h2> \r\n\t\t\t\t\r\n\t\t\r\n\t\t<!-- meta data -->\r\n\t\t<div class=\"post_data\">\r\n\r\n\t\t\t\t\t\t<!-- date -->                                     \r\n\t\t\t<span class=\"icon-line-clock date margin-right20\"><a href=\"https:\/\/arkasaegeanlinkregatta.com\/en\/arkas-aegean-link-regatta-cesmeyi-renklendirdi\/\">19 Ocak 2023<\/a><\/span>\r\n\t\t\t\t\t\t\t\r\n\r\n\t\t\t\t\t\t\t\r\n\t\t\t\r\n\t\t\t\r\n\t\t\t\r\n\t\t\t\t\t\t\t<span class=\"social_share icon-line-share\"><ul><li class=\"mail\"><a class=\"icon-mail \" href=\"mailto:?body=https%3A%2F%2Farkasaegeanlinkregatta.com%2Fen%2Farkas-aegean-link-regatta-cesmeyi-renklendirdi%2F\" title=\"Email\"><span>Email<\/span><\/a><\/li><li class=\"twitter\"><a class=\"icon-twitter \" href=\"#\" data-url=\"http:\/\/twitter.com\/home?status=Arkas+Aegean+Link+Regatta+%C3%87e%C5%9Fme%26%238217%3Byi+Renklendirdi+https%3A%2F%2Farkasaegeanlinkregatta.com%2Fen%2Farkas-aegean-link-regatta-cesmeyi-renklendirdi%2F\" title=\"Twitter\"><span>Twitter<\/span><\/a><\/li><li class=\"facebook\"><a class=\"icon-facebook \" href=\"#\" data-url=\"http:\/\/www.facebook.com\/sharer\/sharer.php?u=https%3A%2F%2Farkasaegeanlinkregatta.com%2Fen%2Farkas-aegean-link-regatta-cesmeyi-renklendirdi%2F&amp;title=Arkas+Aegean+Link+Regatta+%C3%87e%C5%9Fme%26%238217%3Byi+Renklendirdi\" title=\"Facebook\"><span>Facebook<\/span><\/a><\/li><li class=\"gplus\"><a class=\"icon-gplus \" href=\"#\" data-url=\"https:\/\/plus.google.com\/share?url=https%3A%2F%2Farkasaegeanlinkregatta.com%2Fen%2Farkas-aegean-link-regatta-cesmeyi-renklendirdi%2F\" title=\"Google +\"><span>Google +<\/span><\/a><\/li><li class=\"pinterest\"><a class=\"icon-pinterest \" href=\"#\" data-url=\"http:\/\/pinterest.com\/pin\/create\/bookmarklet\/?media=https%3A%2F%2Farkasaegeanlinkregatta.com%2Fen%2Fwp-content%2Fuploads%2F2023%2F01%2Fregatta-Posta-01.09.2022-S17.jpeg&amp;url=https%3A%2F%2Farkasaegeanlinkregatta.com%2Fen%2Farkas-aegean-link-regatta-cesmeyi-renklendirdi%2F&amp;is_video=false&amp;description=Arkas+Aegean+Link+Regatta+%C3%87e%C5%9Fme%26%238217%3Byi+Renklendirdi\" title=\"Pinterest\"><span>Pinterest<\/span><\/a><\/li><li class=\"tumblr\"><a class=\"icon-tumblr \" href=\"#\" data-url=\"http:\/\/tumblr.com\/share?url=https%3A%2F%2Farkasaegeanlinkregatta.com%2Fen%2Farkas-aegean-link-regatta-cesmeyi-renklendirdi%2F&amp;title=Arkas+Aegean+Link+Regatta+%C3%87e%C5%9Fme%26%238217%3Byi+Renklendirdi\" title=\"Tumblr\"><span>Tumblr<\/span><\/a><\/li><li class=\"linkedin\"><a class=\"icon-linkedin \" href=\"#\" data-url=\"http:\/\/www.linkedin.com\/shareArticle?mini=true&amp;url=https%3A%2F%2Farkasaegeanlinkregatta.com%2Fen%2Farkas-aegean-link-regatta-cesmeyi-renklendirdi%2F&amp;title=Arkas+Aegean+Link+Regatta+%C3%87e%C5%9Fme%26%238217%3Byi+Renklendirdi&amp;source=\" title=\"Linkedin\"><span>Linkedin<\/span><\/a><\/li><li class=\"vkontakte\"><a class=\"icon-vkontakte \" href=\"#\" data-url=\"http:\/\/vkontakte.ru\/share.php?url=https%3A%2F%2Farkasaegeanlinkregatta.com%2Fen%2Farkas-aegean-link-regatta-cesmeyi-renklendirdi%2F\" title=\"Vkontakte\"><span>Vkontakte<\/span><\/a><\/li><\/ul><\/span>\t\t\t\r\n\t\t<\/div><!-- \/ end div  .post_data -->\r\n\t\r\n\t\t<p>&#8230; <a class=\"more-link\" href=\"https:\/\/arkasaegeanlinkregatta.com\/en\/arkas-aegean-link-regatta-cesmeyi-renklendirdi\/\">Devam\u0131n\u0131 Oku<\/a><\/p>\n\t<\/div> \r\n\r\n<!-- \/ blog box-->\r\n<\/article>\n<article id=\"6238\" class=\"col col-sm-6 rt-dynamic post-6238 post type-post status-publish format-standard has-post-thumbnail hentry category-genel\">\n \r\n\r\n<!-- blog box-->\r\n\r\n\t\t<figure class=\"featured_image featured_media\">\r\n\t\t<a id=\"lightbox-613489\" class=\"imgeffect zoom rt_lightbox featured_image\" data-gal-id=\"image_6232\" data-rel=\"rt_lightbox\" title=\"Enlarge Image\" data-title=\"Arkas Aegean Link Regatta&#8217;n\u0131n 2022 \u015eampiyonu &#8220;Baby Dracula&#8221;\" data-sub-html=\"\" data-src=\"\" data-width=\"\" data-height=\"\" data-poster=\"\" data-autoplay=\"\" data-audiotitle=\"\" data-download-url=\"false\" href=\"https:\/\/arkasaegeanlinkregatta.com\/en\/wp-content\/uploads\/2023\/01\/regatta-Cesme_Life-01.09.2022-s20.jpeg\"><img decoding=\"async\" src=\"https:\/\/arkasaegeanlinkregatta.com\/en\/wp-content\/uploads\/2023\/01\/regatta-Cesme_Life-01.09.2022-s20-445x600.jpeg\" alt=\"\" class=\"\" \/><\/a>\t\t\r\n\t<\/figure> \r\n\t\r\n\r\n\t\r\n\t<div class=\"entry-content text no-post-sidebar\">\r\n\r\n\t\t<!-- blog headline-->\r\n\t\t<h2 class=\"entry-title\"><a href=\"https:\/\/arkasaegeanlinkregatta.com\/en\/arkas-aegean-link-regatta-yeniden-2\/\" rel=\"bookmark\">Arkas Aegean Link Regatta&#8217;n\u0131n 2022 \u015eampiyonu &#8220;Baby Dracula&#8221;<\/a><\/h2> \r\n\t\t\t\t\r\n\t\t\r\n\t\t<!-- meta data -->\r\n\t\t<div class=\"post_data\">\r\n\r\n\t\t\t\t\t\t<!-- date -->                                     \r\n\t\t\t<span class=\"icon-line-clock date margin-right20\"><a href=\"https:\/\/arkasaegeanlinkregatta.com\/en\/arkas-aegean-link-regatta-yeniden-2\/\">19 Ocak 2023<\/a><\/span>\r\n\t\t\t\t\t\t\t\r\n\r\n\t\t\t\t\t\t\t\r\n\t\t\t\r\n\t\t\t\r\n\t\t\t\r\n\t\t\t\t\t\t\t<span class=\"social_share icon-line-share\"><ul><li class=\"mail\"><a class=\"icon-mail \" href=\"mailto:?body=https%3A%2F%2Farkasaegeanlinkregatta.com%2Fen%2Farkas-aegean-link-regatta-yeniden-2%2F\" title=\"Email\"><span>Email<\/span><\/a><\/li><li class=\"twitter\"><a class=\"icon-twitter \" href=\"#\" data-url=\"http:\/\/twitter.com\/home?status=Arkas+Aegean+Link+Regatta%26%238217%3Bn%C4%B1n+2022+%C5%9Eampiyonu+%26%238220%3BBaby+Dracula%26%238221%3B+https%3A%2F%2Farkasaegeanlinkregatta.com%2Fen%2Farkas-aegean-link-regatta-yeniden-2%2F\" title=\"Twitter\"><span>Twitter<\/span><\/a><\/li><li class=\"facebook\"><a class=\"icon-facebook \" href=\"#\" data-url=\"http:\/\/www.facebook.com\/sharer\/sharer.php?u=https%3A%2F%2Farkasaegeanlinkregatta.com%2Fen%2Farkas-aegean-link-regatta-yeniden-2%2F&amp;title=Arkas+Aegean+Link+Regatta%26%238217%3Bn%C4%B1n+2022+%C5%9Eampiyonu+%26%238220%3BBaby+Dracula%26%238221%3B\" title=\"Facebook\"><span>Facebook<\/span><\/a><\/li><li class=\"gplus\"><a class=\"icon-gplus \" href=\"#\" data-url=\"https:\/\/plus.google.com\/share?url=https%3A%2F%2Farkasaegeanlinkregatta.com%2Fen%2Farkas-aegean-link-regatta-yeniden-2%2F\" title=\"Google +\"><span>Google +<\/span><\/a><\/li><li class=\"pinterest\"><a class=\"icon-pinterest \" href=\"#\" data-url=\"http:\/\/pinterest.com\/pin\/create\/bookmarklet\/?media=https%3A%2F%2Farkasaegeanlinkregatta.com%2Fen%2Fwp-content%2Fuploads%2F2023%2F01%2Fregatta-Cesme_Life-01.09.2022-s20.jpeg&amp;url=https%3A%2F%2Farkasaegeanlinkregatta.com%2Fen%2Farkas-aegean-link-regatta-yeniden-2%2F&amp;is_video=false&amp;description=Arkas+Aegean+Link+Regatta%26%238217%3Bn%C4%B1n+2022+%C5%9Eampiyonu+%26%238220%3BBaby+Dracula%26%238221%3B\" title=\"Pinterest\"><span>Pinterest<\/span><\/a><\/li><li class=\"tumblr\"><a class=\"icon-tumblr \" href=\"#\" data-url=\"http:\/\/tumblr.com\/share?url=https%3A%2F%2Farkasaegeanlinkregatta.com%2Fen%2Farkas-aegean-link-regatta-yeniden-2%2F&amp;title=Arkas+Aegean+Link+Regatta%26%238217%3Bn%C4%B1n+2022+%C5%9Eampiyonu+%26%238220%3BBaby+Dracula%26%238221%3B\" title=\"Tumblr\"><span>Tumblr<\/span><\/a><\/li><li class=\"linkedin\"><a class=\"icon-linkedin \" href=\"#\" data-url=\"http:\/\/www.linkedin.com\/shareArticle?mini=true&amp;url=https%3A%2F%2Farkasaegeanlinkregatta.com%2Fen%2Farkas-aegean-link-regatta-yeniden-2%2F&amp;title=Arkas+Aegean+Link+Regatta%26%238217%3Bn%C4%B1n+2022+%C5%9Eampiyonu+%26%238220%3BBaby+Dracula%26%238221%3B&amp;source=\" title=\"Linkedin\"><span>Linkedin<\/span><\/a><\/li><li class=\"vkontakte\"><a class=\"icon-vkontakte \" href=\"#\" data-url=\"http:\/\/vkontakte.ru\/share.php?url=https%3A%2F%2Farkasaegeanlinkregatta.com%2Fen%2Farkas-aegean-link-regatta-yeniden-2%2F\" title=\"Vkontakte\"><span>Vkontakte<\/span><\/a><\/li><\/ul><\/span>\t\t\t\r\n\t\t<\/div><!-- \/ end div  .post_data -->\r\n\t\r\n\t\t<p>&#8230; <a class=\"more-link\" href=\"https:\/\/arkasaegeanlinkregatta.com\/en\/arkas-aegean-link-regatta-yeniden-2\/\">Devam\u0131n\u0131 Oku<\/a><\/p>\n\t<\/div> \r\n\r\n<!-- \/ blog box-->\r\n<\/article>\n<article id=\"6230\" class=\"col col-sm-6 rt-dynamic post-6230 post type-post status-publish format-standard has-post-thumbnail hentry category-genel\">\n \r\n\r\n<!-- blog box-->\r\n\r\n\t\t<figure class=\"featured_image featured_media\">\r\n\t\t<a id=\"lightbox-165847\" class=\"imgeffect zoom rt_lightbox featured_image\" data-gal-id=\"image_6231\" data-rel=\"rt_lightbox\" title=\"Enlarge Image\" data-title=\"Arkas Aegean Link Regatta Yeniden\" data-sub-html=\"\" data-src=\"\" data-width=\"\" data-height=\"\" data-poster=\"\" data-autoplay=\"\" data-audiotitle=\"\" data-download-url=\"false\" href=\"https:\/\/arkasaegeanlinkregatta.com\/en\/wp-content\/uploads\/2023\/01\/regatta-Yeniden.jpeg\"><img decoding=\"async\" src=\"https:\/\/arkasaegeanlinkregatta.com\/en\/wp-content\/uploads\/2023\/01\/regatta-Yeniden.jpeg\" alt=\"\" class=\"\" \/><\/a>\t\t\r\n\t<\/figure> \r\n\t\r\n\r\n\t\r\n\t<div class=\"entry-content text no-post-sidebar\">\r\n\r\n\t\t<!-- blog headline-->\r\n\t\t<h2 class=\"entry-title\"><a href=\"https:\/\/arkasaegeanlinkregatta.com\/en\/arkas-aegean-link-regatta-yeniden\/\" rel=\"bookmark\">Arkas Aegean Link Regatta Yeniden<\/a><\/h2> \r\n\t\t\t\t\r\n\t\t\r\n\t\t<!-- meta data -->\r\n\t\t<div class=\"post_data\">\r\n\r\n\t\t\t\t\t\t<!-- date -->                                     \r\n\t\t\t<span class=\"icon-line-clock date margin-right20\"><a href=\"https:\/\/arkasaegeanlinkregatta.com\/en\/arkas-aegean-link-regatta-yeniden\/\">19 Ocak 2023<\/a><\/span>\r\n\t\t\t\t\t\t\t\r\n\r\n\t\t\t\t\t\t\t\r\n\t\t\t\r\n\t\t\t\r\n\t\t\t\r\n\t\t\t\t\t\t\t<span class=\"social_share icon-line-share\"><ul><li class=\"mail\"><a class=\"icon-mail \" href=\"mailto:?body=https%3A%2F%2Farkasaegeanlinkregatta.com%2Fen%2Farkas-aegean-link-regatta-yeniden%2F\" title=\"Email\"><span>Email<\/span><\/a><\/li><li class=\"twitter\"><a class=\"icon-twitter \" href=\"#\" data-url=\"http:\/\/twitter.com\/home?status=Arkas+Aegean+Link+Regatta+Yeniden+https%3A%2F%2Farkasaegeanlinkregatta.com%2Fen%2Farkas-aegean-link-regatta-yeniden%2F\" title=\"Twitter\"><span>Twitter<\/span><\/a><\/li><li class=\"facebook\"><a class=\"icon-facebook \" href=\"#\" data-url=\"http:\/\/www.facebook.com\/sharer\/sharer.php?u=https%3A%2F%2Farkasaegeanlinkregatta.com%2Fen%2Farkas-aegean-link-regatta-yeniden%2F&amp;title=Arkas+Aegean+Link+Regatta+Yeniden\" title=\"Facebook\"><span>Facebook<\/span><\/a><\/li><li class=\"gplus\"><a class=\"icon-gplus \" href=\"#\" data-url=\"https:\/\/plus.google.com\/share?url=https%3A%2F%2Farkasaegeanlinkregatta.com%2Fen%2Farkas-aegean-link-regatta-yeniden%2F\" title=\"Google +\"><span>Google +<\/span><\/a><\/li><li class=\"pinterest\"><a class=\"icon-pinterest \" href=\"#\" data-url=\"http:\/\/pinterest.com\/pin\/create\/bookmarklet\/?media=https%3A%2F%2Farkasaegeanlinkregatta.com%2Fen%2Fwp-content%2Fuploads%2F2023%2F01%2Fregatta-Yeniden.jpeg&amp;url=https%3A%2F%2Farkasaegeanlinkregatta.com%2Fen%2Farkas-aegean-link-regatta-yeniden%2F&amp;is_video=false&amp;description=Arkas+Aegean+Link+Regatta+Yeniden\" title=\"Pinterest\"><span>Pinterest<\/span><\/a><\/li><li class=\"tumblr\"><a class=\"icon-tumblr \" href=\"#\" data-url=\"http:\/\/tumblr.com\/share?url=https%3A%2F%2Farkasaegeanlinkregatta.com%2Fen%2Farkas-aegean-link-regatta-yeniden%2F&amp;title=Arkas+Aegean+Link+Regatta+Yeniden\" title=\"Tumblr\"><span>Tumblr<\/span><\/a><\/li><li class=\"linkedin\"><a class=\"icon-linkedin \" href=\"#\" data-url=\"http:\/\/www.linkedin.com\/shareArticle?mini=true&amp;url=https%3A%2F%2Farkasaegeanlinkregatta.com%2Fen%2Farkas-aegean-link-regatta-yeniden%2F&amp;title=Arkas+Aegean+Link+Regatta+Yeniden&amp;source=\" title=\"Linkedin\"><span>Linkedin<\/span><\/a><\/li><li class=\"vkontakte\"><a class=\"icon-vkontakte \" href=\"#\" data-url=\"http:\/\/vkontakte.ru\/share.php?url=https%3A%2F%2Farkasaegeanlinkregatta.com%2Fen%2Farkas-aegean-link-regatta-yeniden%2F\" title=\"Vkontakte\"><span>Vkontakte<\/span><\/a><\/li><\/ul><\/span>\t\t\t\r\n\t\t<\/div><!-- \/ end div  .post_data -->\r\n\t\r\n\t\t<p>&#8230; <a class=\"more-link\" href=\"https:\/\/arkasaegeanlinkregatta.com\/en\/arkas-aegean-link-regatta-yeniden\/\">Devam\u0131n\u0131 Oku<\/a><\/p>\n\t<\/div> \r\n\r\n<!-- \/ blog box-->\r\n<\/article>\n<\/div>\n<button href=\"#\" class=\"load_more button_ medium style-2 aligncenter\" autocomplete=\"off\" data-atts=\"id*blog-dynamicID-502040|archive*false|list_layout*1\/2|layout_style*masonry|heading_size*h2|show_author*false|show_categories*false|show_comment_numbers*false|show_date*true|show_share*true|show_post_sidebar*false|featured_image_resize*true|featured_image_max_width*900|featured_image_max_height*600|featured_image_crop*false|pagination*true|ajax_pagination*true|use_excerpts*true|list_orderby*date|list_order*DESC|item_per_page*4|categories*|ajax*false|paged*0|wpml_lang*|purpose*blog\" data-page_count=\"12\" data-current_page=\"1\" data-listid=\"blog-dynamicID-502040\"><span class=\"icon-angle-double-down\"><\/span>\u00d6NCEK\u0130 HABERLER<\/button>[\/vc_column][\/vc_row]<\/p>\n","protected":false},"excerpt":{"rendered":"<p>[vc_row rt_row_background_width=&#8221;fullwidth&#8221; rt_row_content_width=&#8221;fullwidth&#8221; rt_row_style=&#8221;default-style&#8221; rt_row_height=&#8221;min_height&#8221; rt_holder_placement=&#8221;middle&#8221; rt_row_borders=&#8221;&#8221; rt_row_shadows=&#8221;&#8221; rt_column_gaps=&#8221;&#8221; rt_row_paddings=&#8221;true&#8221; rt_bg_effect=&#8221;classic&#8221; rt_transparent_bg=&#8221;&#8221; rt_bg_image_repeat=&#8221;repeat&#8221; rt_bg_size=&#8221;cover&#8221; rt_bg_position=&#8221;right top&#8221; rt_bg_attachment=&#8221;scroll&#8221; rt_bg_video_format=&#8221;self-hosted&#8221; rt_min_row_height=&#8221;200&#8243; rt_bg_color=&#8221;#f4f4f4&#8243;][vc_column rt_col_paddings=&#8221;true&#8221; rt_wrp_col_paddings=&#8221;false&#8221; rt_column_shadow=&#8221;&#8221; rt_border_top=&#8221;&#8221; rt_border_bottom=&#8221;&#8221; rt_border_left=&#8221;&#8221; rt_border_right=&#8221;&#8221; rt_border_top_mobile=&#8221;&#8221; rt_border_bottom_mobile=&#8221;&#8221; rt_border_left_mobile=&#8221;&#8221; rt_border_right_mobile=&#8221;&#8221; rt_bg_image_repeat=&#8221;repeat&#8221; rt_bg_size=&#8221;auto auto&#8221; rt_bg_position=&#8221;right top&#8221; rt_bg_attachment=&#8221;scroll&#8221; rt_padding_top=&#8221;40&#8243; rt_padding_bottom=&#8221;40&#8243; rt_bg_color=&#8221;&#8221; rt_bg_overlay_color=&#8221;&#8221;][\/vc_column][\/vc_row][vc_row rt_row_background_width=&#8221;fullwidth&#8221; rt_row_content_width=&#8221;default&#8221; rt_row_style=&#8221;default-style&#8221; rt_row_height=&#8221;&#8221; rt_row_borders=&#8221;&#8221; rt_row_shadows=&#8221;&#8221; rt_column_gaps=&#8221;&#8221; rt_row_paddings=&#8221;true&#8221; rt_bg_effect=&#8221;shape&#8221; rt_bg_shape=&#8221;cross-right&#8221; rt_bg_custom_alignment=&#8221;top&#8221; rt_transparent_bg=&#8221;&#8221; rt_bg_image_repeat=&#8221;repeat&#8221; rt_bg_size=&#8221;cover&#8221; &#8230; <a class=\"more-link\" href=\"https:\/\/arkasaegeanlinkregatta.com\/en\/arkas-aegean-link-regatta-yeniden\/\">Devam\u0131n\u0131 Oku<\/a><\/p>\n","protected":false},"author":1,"featured_media":0,"parent":0,"menu_order":0,"comment_status":"closed","ping_status":"closed","template":"","meta":{"footnotes":""},"class_list":["post-3584","page","type-page","status-publish","hentry"],"_links":{"self":[{"href":"https:\/\/arkasaegeanlinkregatta.com\/en\/wp-json\/wp\/v2\/pages\/3584","targetHints":{"allow":["GET"]}}],"collection":[{"href":"https:\/\/arkasaegeanlinkregatta.com\/en\/wp-json\/wp\/v2\/pages"}],"about":[{"href":"https:\/\/arkasaegeanlinkregatta.com\/en\/wp-json\/wp\/v2\/types\/page"}],"author":[{"embeddable":true,"href":"https:\/\/arkasaegeanlinkregatta.com\/en\/wp-json\/wp\/v2\/users\/1"}],"replies":[{"embeddable":true,"href":"https:\/\/arkasaegeanlinkregatta.com\/en\/wp-json\/wp\/v2\/comments?post=3584"}],"version-history":[{"count":5,"href":"https:\/\/arkasaegeanlinkregatta.com\/en\/wp-json\/wp\/v2\/pages\/3584\/revisions"}],"predecessor-version":[{"id":6317,"href":"https:\/\/arkasaegeanlinkregatta.com\/en\/wp-json\/wp\/v2\/pages\/3584\/revisions\/6317"}],"wp:attachment":[{"href":"https:\/\/arkasaegeanlinkregatta.com\/en\/wp-json\/wp\/v2\/media?parent=3584"}],"curies":[{"name":"wp","href":"https:\/\/api.w.org\/{rel}","templated":true}]}}