{"id":3760,"date":"2017-08-29T16:11:33","date_gmt":"2017-08-29T13:11:33","guid":{"rendered":"http:\/\/arkasaegeanlinkregatta.com\/?page_id=3760"},"modified":"2023-05-10T10:06:01","modified_gmt":"2023-05-10T07:06:01","slug":"photo-gallery","status":"publish","type":"page","link":"https:\/\/arkasaegeanlinkregatta.com\/en\/photo-gallery\/","title":{"rendered":"Photo gallery"},"content":{"rendered":"<p>[vc_row rt_row_background_width=&#8221;fullwidth&#8221; rt_row_content_width=&#8221;default&#8221; rt_row_style=&#8221;default-style&#8221; rt_row_height=&#8221;&#8221; rt_row_borders=&#8221;&#8221; rt_row_shadows=&#8221;&#8221; rt_column_gaps=&#8221;&#8221; rt_row_paddings=&#8221;true&#8221; rt_bg_effect=&#8221;classic&#8221; rt_transparent_bg=&#8221;&#8221; rt_bg_image_repeat=&#8221;repeat&#8221; rt_bg_size=&#8221;cover&#8221; rt_bg_position=&#8221;right top&#8221; rt_bg_attachment=&#8221;scroll&#8221; rt_bg_video_format=&#8221;self-hosted&#8221;][vc_column rt_col_paddings=&#8221;true&#8221; rt_wrp_col_paddings=&#8221;false&#8221; rt_column_shadow=&#8221;&#8221; rt_border_top=&#8221;&#8221; rt_border_bottom=&#8221;&#8221; rt_border_left=&#8221;&#8221; rt_border_right=&#8221;&#8221; rt_border_top_mobile=&#8221;&#8221; rt_border_bottom_mobile=&#8221;&#8221; rt_border_left_mobile=&#8221;&#8221; rt_border_right_mobile=&#8221;&#8221; rt_bg_image_repeat=&#8221;repeat&#8221; rt_bg_size=&#8221;auto auto&#8221; rt_bg_position=&#8221;right top&#8221; rt_bg_attachment=&#8221;scroll&#8221;][vc_column_text]<\/p>\n<h3>Arkas Aegean Link Regatta 2017 Foto\u011fraflar\u0131<\/h3>\n<p>[\/vc_column_text][vc_column_text]<a href=\"http:\/\/arkasaegeanlinkregatta.com\/23-agustos-cesme-marina-kokteyl\/\">23 A\u011fustos 2017 \u00c7e\u015fme Marina Kokteyl<\/a><\/p>\n<p><a href=\"http:\/\/arkasaegeanlinkregatta.com\/24-agustos-briefing-yaris\/\">24 A\u011fustos 2107 Briefing &amp; Yar\u0131\u015f<\/a><\/p>\n<p><a href=\"http:\/\/arkasaegeanlinkregatta.com\/25-agustos-sakiz-adasi\/\">25 A\u011fustos 2017 Sak\u0131z Adas\u0131<\/a><\/p>\n<p><a href=\"http:\/\/arkasaegeanlinkregatta.com\/26-agustos-aquente-parti\">26 A\u011fustos 2107 Aquente Parti<\/a><\/p>\n<p><a href=\"http:\/\/arkasaegeanlinkregatta.com\/27-agustos-yaris\/\">27 A\u011fustos 2017 Yar\u0131\u015f<\/a><\/p>\n<p><a href=\"http:\/\/arkasaegeanlinkregatta.com\/27-agustos-odul\">27 A\u011fustos 2017 Before Sunset Kapan\u0131\u015f Partisi ve \u00d6d\u00fcl T\u00f6reni<\/a>[\/vc_column_text][\/vc_column][\/vc_row]<\/p>\n","protected":false},"excerpt":{"rendered":"<p>[vc_row rt_row_background_width=&#8221;fullwidth&#8221; rt_row_content_width=&#8221;default&#8221; rt_row_style=&#8221;default-style&#8221; rt_row_height=&#8221;&#8221; rt_row_borders=&#8221;&#8221; rt_row_shadows=&#8221;&#8221; rt_column_gaps=&#8221;&#8221; rt_row_paddings=&#8221;true&#8221; rt_bg_effect=&#8221;classic&#8221; rt_transparent_bg=&#8221;&#8221; rt_bg_image_repeat=&#8221;repeat&#8221; rt_bg_size=&#8221;cover&#8221; rt_bg_position=&#8221;right top&#8221; rt_bg_attachment=&#8221;scroll&#8221; rt_bg_video_format=&#8221;self-hosted&#8221;][vc_column rt_col_paddings=&#8221;true&#8221; rt_wrp_col_paddings=&#8221;false&#8221; rt_column_shadow=&#8221;&#8221; rt_border_top=&#8221;&#8221; rt_border_bottom=&#8221;&#8221; rt_border_left=&#8221;&#8221; rt_border_right=&#8221;&#8221; rt_border_top_mobile=&#8221;&#8221; rt_border_bottom_mobile=&#8221;&#8221; rt_border_left_mobile=&#8221;&#8221; rt_border_right_mobile=&#8221;&#8221; rt_bg_image_repeat=&#8221;repeat&#8221; rt_bg_size=&#8221;auto auto&#8221; rt_bg_position=&#8221;right top&#8221; rt_bg_attachment=&#8221;scroll&#8221;][vc_column_text] Arkas Aegean Link Regatta 2017 Foto\u011fraflar\u0131 [\/vc_column_text][vc_column_text]23 A\u011fustos 2017 \u00c7e\u015fme Marina Kokteyl 24 A\u011fustos 2107 Briefing &amp; Yar\u0131\u015f 25 A\u011fustos 2017 &#8230; <a class=\"more-link\" href=\"https:\/\/arkasaegeanlinkregatta.com\/en\/photo-gallery\/\">Devam\u0131n\u0131 Oku<\/a><\/p>\n","protected":false},"author":1,"featured_media":0,"parent":0,"menu_order":0,"comment_status":"closed","ping_status":"closed","template":"","meta":{"footnotes":""},"class_list":["post-3760","page","type-page","status-publish","hentry"],"_links":{"self":[{"href":"https:\/\/arkasaegeanlinkregatta.com\/en\/wp-json\/wp\/v2\/pages\/3760","targetHints":{"allow":["GET"]}}],"collection":[{"href":"https:\/\/arkasaegeanlinkregatta.com\/en\/wp-json\/wp\/v2\/pages"}],"about":[{"href":"https:\/\/arkasaegeanlinkregatta.com\/en\/wp-json\/wp\/v2\/types\/page"}],"author":[{"embeddable":true,"href":"https:\/\/arkasaegeanlinkregatta.com\/en\/wp-json\/wp\/v2\/users\/1"}],"replies":[{"embeddable":true,"href":"https:\/\/arkasaegeanlinkregatta.com\/en\/wp-json\/wp\/v2\/comments?post=3760"}],"version-history":[{"count":7,"href":"https:\/\/arkasaegeanlinkregatta.com\/en\/wp-json\/wp\/v2\/pages\/3760\/revisions"}],"predecessor-version":[{"id":6349,"href":"https:\/\/arkasaegeanlinkregatta.com\/en\/wp-json\/wp\/v2\/pages\/3760\/revisions\/6349"}],"wp:attachment":[{"href":"https:\/\/arkasaegeanlinkregatta.com\/en\/wp-json\/wp\/v2\/media?parent=3760"}],"curies":[{"name":"wp","href":"https:\/\/api.w.org\/{rel}","templated":true}]}}