{"id":4536,"date":"2018-06-25T13:39:53","date_gmt":"2018-06-25T10:39:53","guid":{"rendered":"http:\/\/arkasaegeanlinkregatta.com\/?page_id=4536"},"modified":"2023-05-09T15:45:58","modified_gmt":"2023-05-09T12:45:58","slug":"2018-participant-list","status":"publish","type":"page","link":"https:\/\/arkasaegeanlinkregatta.com\/en\/2018-participant-list\/","title":{"rendered":"2018 Participant List"},"content":{"rendered":"<p>[vc_row rt_row_background_width=&#8221;fullwidth&#8221; rt_row_content_width=&#8221;default&#8221; rt_row_style=&#8221;default-style&#8221; rt_row_height=&#8221;&#8221; rt_row_borders=&#8221;&#8221; rt_row_shadows=&#8221;&#8221; rt_column_gaps=&#8221;&#8221; rt_row_paddings=&#8221;true&#8221; rt_bg_effect=&#8221;classic&#8221; rt_transparent_bg=&#8221;&#8221; rt_bg_image_repeat=&#8221;repeat&#8221; rt_bg_size=&#8221;cover&#8221; rt_bg_position=&#8221;right top&#8221; rt_bg_attachment=&#8221;scroll&#8221; rt_bg_video_format=&#8221;self-hosted&#8221;][vc_column rt_col_paddings=&#8221;true&#8221; rt_wrp_col_paddings=&#8221;false&#8221; rt_column_shadow=&#8221;&#8221; rt_border_top=&#8221;&#8221; rt_border_bottom=&#8221;&#8221; rt_border_left=&#8221;&#8221; rt_border_right=&#8221;&#8221; rt_border_top_mobile=&#8221;&#8221; rt_border_bottom_mobile=&#8221;&#8221; rt_border_left_mobile=&#8221;&#8221; rt_border_right_mobile=&#8221;&#8221; rt_bg_image_repeat=&#8221;repeat&#8221; rt_bg_size=&#8221;auto auto&#8221; rt_bg_position=&#8221;right top&#8221; rt_bg_attachment=&#8221;scroll&#8221;][vc_column_text]<\/p>\n<h2 style=\"text-align: center;\"><strong>52 Participant<\/strong><\/h2>\n<p>[\/vc_column_text][vc_empty_space][vc_column_text]<\/p>\n<h2 style=\"text-align: center;\"><strong>IRC<\/strong><\/h2>\n<p>[\/vc_column_text][vc_column_text]<\/p>\n<table>\n<tbody>\n<tr>\n<td width=\"221\"><strong>Boat Name<\/strong><\/td>\n<td width=\"178\"><strong>Boat Officer<\/strong><\/td>\n<td align=\"center\" width=\"80\"><strong>Class<\/strong><\/td>\n<td align=\"center\" width=\"130\"><strong>Full Size\/LOA\u00a0<\/strong><\/td>\n<\/tr>\n<tr>\n<td>GOODDAY SUNSHINE<\/td>\n<td>Ahmet Yababa<\/td>\n<td align=\"center\">IRC<\/td>\n<td align=\"center\">10.2<\/td>\n<\/tr>\n<tr>\n<td>SHAKER<\/td>\n<td>Haluk Buzluk<\/td>\n<td align=\"center\">IRC<\/td>\n<td align=\"center\">12.2<\/td>\n<\/tr>\n<tr>\n<td>ENKON<\/td>\n<td>Semih \u00d6zamrak<\/td>\n<td align=\"center\">IRC<\/td>\n<td align=\"center\">10.25<\/td>\n<\/tr>\n<tr>\n<td>MARE<\/td>\n<td>Merih ERKAL<\/td>\n<td align=\"center\">IRC<\/td>\n<td align=\"center\">11.3<\/td>\n<\/tr>\n<tr>\n<td>AYK-BLUE MILES<\/td>\n<td>Erg\u00fcn Nalbanto\u011flu<\/td>\n<td align=\"center\">IRC<\/td>\n<td align=\"center\">12.95<\/td>\n<\/tr>\n<tr>\n<td>KAYK APAZ \u2013 K\u00d6M\u00dcRC\u00dcO\u011eLU<\/td>\n<td width=\"178\">KAYK \u2013 KU\u015eADASI YAT VE YELKEN SPOR KUL\u00dcB\u00dc \/ DO\u011eUKAN KANDEM\u0130R<\/td>\n<td align=\"center\">IRC<\/td>\n<td align=\"center\">9.99<\/td>\n<\/tr>\n<tr>\n<td>CYGNUS<\/td>\n<td>O\u011fuz Akif Sezer<\/td>\n<td align=\"center\">IRC<\/td>\n<td align=\"center\"><\/td>\n<\/tr>\n<tr>\n<td>ANYTH\u0130NG \/ DERE CONSTRUCT\u0130ON<\/td>\n<td>BORA TURAN<\/td>\n<td align=\"center\">IRC<\/td>\n<td align=\"center\">12.6<\/td>\n<\/tr>\n<tr>\n<td>QUATTRO 4<\/td>\n<td>Bekir Tolga Tun\u00e7er<\/td>\n<td align=\"center\">IRC<\/td>\n<td align=\"center\">9.52<\/td>\n<\/tr>\n<tr>\n<td>Matrak II<\/td>\n<td>Orhan \u00d6zda\u015f<\/td>\n<td align=\"center\">IRC<\/td>\n<td align=\"center\"><\/td>\n<\/tr>\n<tr>\n<td>\u0130ZM\u0130R YELKEN AKADEM\u0130S\u0130<\/td>\n<td>KAAN \u00d6ZG\u00d6NEN\u00c7<\/td>\n<td align=\"center\">IRC<\/td>\n<td align=\"center\">10.1<\/td>\n<\/tr>\n<tr>\n<td>Garanti Sailing \u2013 Lemon<\/td>\n<td>Onur Tok<\/td>\n<td align=\"center\">IRC<\/td>\n<td align=\"center\">12.45<\/td>\n<\/tr>\n<tr>\n<td>\u00c7E\u015eME MARINA &#8211; VENTUS<\/td>\n<td>G\u00fcven \u0130LT\u0130R<\/td>\n<td align=\"center\">IRC<\/td>\n<td align=\"center\"><\/td>\n<\/tr>\n<tr>\n<td>Ladies First<\/td>\n<td width=\"178\">Canan Aydemir<\/td>\n<td align=\"center\">IRC<\/td>\n<td align=\"center\">11.9<\/td>\n<\/tr>\n<tr>\n<td>MUGE<\/td>\n<td width=\"178\">MUSTAFA \u00d6ZDEM\u0130R<\/td>\n<td align=\"center\">IRC<\/td>\n<td align=\"center\">17.75<\/td>\n<\/tr>\n<tr>\n<td>Rainbow followers<\/td>\n<td>Ufuk C\u00fcc\u00fc<\/td>\n<td align=\"center\">IRC<\/td>\n<td align=\"center\">12.59<\/td>\n<\/tr>\n<tr>\n<td>FARMER<\/td>\n<td>CELAL YILMAZ \u0130\u015e\u00c7\u0130MENLER<\/td>\n<td align=\"center\">IRC<\/td>\n<td align=\"center\">10.2<\/td>\n<\/tr>\n<tr>\n<td>COMET A<\/td>\n<td>BERNARD ARCAS<\/td>\n<td align=\"center\">IRC<\/td>\n<td align=\"center\">11.8<\/td>\n<\/tr>\n<tr>\n<td>SHAKARA<\/td>\n<td>ATES OKTA<\/td>\n<td align=\"center\">IRC<\/td>\n<td align=\"center\">12.85<\/td>\n<\/tr>\n<tr>\n<td>VOURLA<\/td>\n<td>\u0130lkben S\u00f6\u011f\u00fctl\u00fc Sezer<\/td>\n<td align=\"center\">IRC<\/td>\n<td align=\"center\"><\/td>\n<\/tr>\n<tr>\n<td>G\u00d6ZTEPE YELKEN 1925<\/td>\n<td>DERYA YEN\u0130G\u00dcN<\/td>\n<td align=\"center\">IRC<\/td>\n<td align=\"center\">11.2<\/td>\n<\/tr>\n<tr>\n<td>AV\u0130OR<\/td>\n<td>U\u011fur \u00fcye<\/td>\n<td align=\"center\">IRC<\/td>\n<td align=\"center\">11<\/td>\n<\/tr>\n<tr>\n<td>SHAK SHUKA 2<\/td>\n<td>Yasemin Aky\u0131l<\/td>\n<td align=\"center\">IRC<\/td>\n<td align=\"center\"><\/td>\n<\/tr>\n<tr>\n<td>MIRANDA<\/td>\n<td>\u00c7ET\u0130N KENT<\/td>\n<td align=\"center\">IRC<\/td>\n<td align=\"center\"><\/td>\n<\/tr>\n<tr>\n<td>KALKI\u015e FORATAN<\/td>\n<td>ESRA AKBALIK<\/td>\n<td align=\"center\">IRC<\/td>\n<td align=\"center\"><\/td>\n<\/tr>\n<tr>\n<td>KAIROS<\/td>\n<td>Mehmet Nardal\u0131<\/td>\n<td align=\"center\">IRC<\/td>\n<td align=\"center\"><\/td>\n<\/tr>\n<tr>\n<td>KIRMIZI 1<\/td>\n<td>Murat Taner<\/td>\n<td align=\"center\">IRC<\/td>\n<td align=\"center\">10.20<\/td>\n<\/tr>\n<tr>\n<td>ARNES<\/td>\n<td>KEMAL O\u011eUL<\/td>\n<td align=\"center\">IRC<\/td>\n<td align=\"center\">11.96<\/td>\n<\/tr>\n<tr>\n<td>YED\u0130\u00c7ER\u0130LER<\/td>\n<td>VAROL HIDIR<\/td>\n<td align=\"center\">IRC<\/td>\n<td align=\"center\">9.99<\/td>\n<\/tr>\n<tr>\n<td>TRINITY<\/td>\n<td>Mehmet Altan \u0130briko\u011flu<\/td>\n<td align=\"center\">IRC<\/td>\n<td align=\"center\"><\/td>\n<\/tr>\n<\/tbody>\n<\/table>\n<p>[\/vc_column_text][vc_empty_space][vc_column_text]<\/p>\n<h2 style=\"text-align: center;\"><strong>Support<\/strong><\/h2>\n<p>[\/vc_column_text][vc_column_text]<\/p>\n<table>\n<tbody>\n<tr>\n<td width=\"221\"><strong>Boat Name<\/strong><\/td>\n<td width=\"178\"><strong>Boat Officer<\/strong><\/td>\n<td align=\"center\" width=\"53\"><strong>Class<\/strong><\/td>\n<td align=\"center\" width=\"114\"><strong>Full Size\/LOA<\/strong><\/td>\n<\/tr>\n<tr>\n<td>EASE<\/td>\n<td>\u0130brahim Akku\u015f<\/td>\n<td align=\"center\">Support<\/td>\n<td align=\"center\">12.85<\/td>\n<\/tr>\n<tr>\n<td>GULCHIN<\/td>\n<td>\u00c7imen Atalay<\/td>\n<td align=\"center\">Support<\/td>\n<td align=\"center\">13.67<\/td>\n<\/tr>\n<tr>\n<td>PORTA NOVO<\/td>\n<td>Sadi \u00c7al\u0131\u015fkan<\/td>\n<td align=\"center\">Support<\/td>\n<td align=\"center\">8.0<\/td>\n<\/tr>\n<tr>\n<td>UYSAL MARKET &#8211; EFE<\/td>\n<td>Kutluay Yat\u00e7\u0131l\u0131k<\/td>\n<td align=\"center\">Support<\/td>\n<td align=\"center\">11.15<\/td>\n<\/tr>\n<tr>\n<td>DOLCE<\/td>\n<td>AL\u0130 G\u00dcNG\u00d6R<\/td>\n<td align=\"center\">Support<\/td>\n<td align=\"center\">12.8<\/td>\n<\/tr>\n<tr>\n<td>HAPPY LEMON &#8211; BARAN AMBALAJ<\/td>\n<td>Fikret Oral<\/td>\n<td align=\"center\">Support<\/td>\n<td align=\"center\">11.99<\/td>\n<\/tr>\n<tr>\n<td>TOPHANEL\u0130 \u0130.H.<\/td>\n<td>Caner G\u00fc\u00e7al<\/td>\n<td align=\"center\">Support<\/td>\n<td align=\"center\">9.77<\/td>\n<\/tr>\n<tr>\n<td>Fun Lemon \u2013 Odeabank<\/td>\n<td>Onur Pek\u00e7etin<\/td>\n<td align=\"center\">Support<\/td>\n<td align=\"center\">11.99<\/td>\n<\/tr>\n<tr>\n<td>ERNESTO<\/td>\n<td>TURGUT KAHRAMAN<\/td>\n<td align=\"center\">Support<\/td>\n<td align=\"center\">12.86<\/td>\n<\/tr>\n<tr>\n<td>PERGAMON<\/td>\n<td>YAHYA MET\u0130N KAYA<\/td>\n<td align=\"center\">Support<\/td>\n<td align=\"center\">12.94<\/td>\n<\/tr>\n<tr>\n<td>RAKI<\/td>\n<td>HAYDAR ERDO\u011eAN<\/td>\n<td align=\"center\">Support<\/td>\n<td align=\"center\">11.62<\/td>\n<\/tr>\n<tr>\n<td>Mersin Yelken Akademisi 2<\/td>\n<td>Oytun \u00c7al\u0131\u015flar<\/td>\n<td align=\"center\">Support<\/td>\n<td align=\"center\">12.3<\/td>\n<\/tr>\n<tr>\n<td>Aurora<\/td>\n<td>Talat Erboy<\/td>\n<td align=\"center\">Support<\/td>\n<td align=\"center\">12.8<\/td>\n<\/tr>\n<tr>\n<td>ANARADA<\/td>\n<td>Adnan Mah\u00e7up<\/td>\n<td align=\"center\">Support<\/td>\n<td align=\"center\">9.997<\/td>\n<\/tr>\n<tr>\n<td>\u0130ZG\u0130<\/td>\n<td>Denizcan G\u00fcm\u00fc\u015f<\/td>\n<td align=\"center\">Support<\/td>\n<td align=\"center\">13.98<\/td>\n<\/tr>\n<tr>\n<td>CADI FY<\/td>\n<td>\u00d6nder Tekeler<\/td>\n<td align=\"center\">Support<\/td>\n<td align=\"center\">11.2<\/td>\n<\/tr>\n<tr>\n<td>CANDID<\/td>\n<td>Erkan \u00c7ayl\u0131<\/td>\n<td align=\"center\">Support<\/td>\n<td align=\"center\">12.0<\/td>\n<\/tr>\n<tr>\n<td>FAGOTTO<\/td>\n<td>U\u011fur Kayran<\/td>\n<td align=\"center\">Support<\/td>\n<td align=\"center\">13.67<\/td>\n<\/tr>\n<tr>\n<td>FIRST LADY<\/td>\n<td>Atilla G\u00f6kova<\/td>\n<td align=\"center\">Support<\/td>\n<td align=\"center\">11.99<\/td>\n<\/tr>\n<tr>\n<td>FI\u00c7I<\/td>\n<td>Olcay Mutlu<\/td>\n<td align=\"center\">Support<\/td>\n<td align=\"center\"><\/td>\n<\/tr>\n<tr>\n<td>RE\u0130S<\/td>\n<td>\u0130brahim Yelkenbi\u00e7er<\/td>\n<td align=\"center\">Support<\/td>\n<td align=\"center\">11.98<\/td>\n<\/tr>\n<tr>\n<td>PRIME TIME<\/td>\n<td>Mert \u0130kiz<\/td>\n<td align=\"center\">Support<\/td>\n<td align=\"center\">15.30<\/td>\n<\/tr>\n<\/tbody>\n<\/table>\n<p>[\/vc_column_text][\/vc_column][\/vc_row]<\/p>\n","protected":false},"excerpt":{"rendered":"<p>[vc_row rt_row_background_width=&#8221;fullwidth&#8221; rt_row_content_width=&#8221;default&#8221; rt_row_style=&#8221;default-style&#8221; rt_row_height=&#8221;&#8221; rt_row_borders=&#8221;&#8221; rt_row_shadows=&#8221;&#8221; rt_column_gaps=&#8221;&#8221; rt_row_paddings=&#8221;true&#8221; rt_bg_effect=&#8221;classic&#8221; rt_transparent_bg=&#8221;&#8221; rt_bg_image_repeat=&#8221;repeat&#8221; rt_bg_size=&#8221;cover&#8221; rt_bg_position=&#8221;right top&#8221; rt_bg_attachment=&#8221;scroll&#8221; rt_bg_video_format=&#8221;self-hosted&#8221;][vc_column rt_col_paddings=&#8221;true&#8221; rt_wrp_col_paddings=&#8221;false&#8221; rt_column_shadow=&#8221;&#8221; rt_border_top=&#8221;&#8221; rt_border_bottom=&#8221;&#8221; rt_border_left=&#8221;&#8221; rt_border_right=&#8221;&#8221; rt_border_top_mobile=&#8221;&#8221; rt_border_bottom_mobile=&#8221;&#8221; rt_border_left_mobile=&#8221;&#8221; rt_border_right_mobile=&#8221;&#8221; rt_bg_image_repeat=&#8221;repeat&#8221; rt_bg_size=&#8221;auto auto&#8221; rt_bg_position=&#8221;right top&#8221; rt_bg_attachment=&#8221;scroll&#8221;][vc_column_text] 52 Participant [\/vc_column_text][vc_empty_space][vc_column_text] IRC [\/vc_column_text][vc_column_text] Boat Name Boat Officer Class Full Size\/LOA\u00a0 GOODDAY SUNSHINE Ahmet Yababa IRC 10.2 SHAKER Haluk Buzluk &#8230; <a class=\"more-link\" href=\"https:\/\/arkasaegeanlinkregatta.com\/en\/2018-participant-list\/\">Devam\u0131n\u0131 Oku<\/a><\/p>\n","protected":false},"author":1,"featured_media":0,"parent":0,"menu_order":0,"comment_status":"closed","ping_status":"closed","template":"","meta":{"footnotes":""},"class_list":["post-4536","page","type-page","status-publish","hentry"],"_links":{"self":[{"href":"https:\/\/arkasaegeanlinkregatta.com\/en\/wp-json\/wp\/v2\/pages\/4536","targetHints":{"allow":["GET"]}}],"collection":[{"href":"https:\/\/arkasaegeanlinkregatta.com\/en\/wp-json\/wp\/v2\/pages"}],"about":[{"href":"https:\/\/arkasaegeanlinkregatta.com\/en\/wp-json\/wp\/v2\/types\/page"}],"author":[{"embeddable":true,"href":"https:\/\/arkasaegeanlinkregatta.com\/en\/wp-json\/wp\/v2\/users\/1"}],"replies":[{"embeddable":true,"href":"https:\/\/arkasaegeanlinkregatta.com\/en\/wp-json\/wp\/v2\/comments?post=4536"}],"version-history":[{"count":29,"href":"https:\/\/arkasaegeanlinkregatta.com\/en\/wp-json\/wp\/v2\/pages\/4536\/revisions"}],"predecessor-version":[{"id":6324,"href":"https:\/\/arkasaegeanlinkregatta.com\/en\/wp-json\/wp\/v2\/pages\/4536\/revisions\/6324"}],"wp:attachment":[{"href":"https:\/\/arkasaegeanlinkregatta.com\/en\/wp-json\/wp\/v2\/media?parent=4536"}],"curies":[{"name":"wp","href":"https:\/\/api.w.org\/{rel}","templated":true}]}}