{"id":5454,"date":"2019-08-27T10:46:18","date_gmt":"2019-08-27T07:46:18","guid":{"rendered":"http:\/\/arkasaegeanlinkregatta.com\/?page_id=5454"},"modified":"2023-05-10T10:06:45","modified_gmt":"2023-05-10T07:06:45","slug":"2019-participant-list-by-group","status":"publish","type":"page","link":"https:\/\/arkasaegeanlinkregatta.com\/en\/2019-participant-list-by-group\/","title":{"rendered":"2019 Participant List by Group"},"content":{"rendered":"<p>[vc_row rt_row_background_width=&#8221;fullwidth&#8221; rt_row_content_width=&#8221;fullwidth&#8221; rt_row_style=&#8221;default-style&#8221; rt_row_height=&#8221;&#8221; rt_row_borders=&#8221;&#8221; rt_row_shadows=&#8221;&#8221; rt_column_gaps=&#8221;&#8221; rt_row_paddings=&#8221;true&#8221; rt_bg_effect=&#8221;classic&#8221; rt_transparent_bg=&#8221;&#8221; rt_bg_image_repeat=&#8221;repeat&#8221; rt_bg_size=&#8221;cover&#8221; rt_bg_position=&#8221;right top&#8221; rt_bg_attachment=&#8221;scroll&#8221; rt_bg_video_format=&#8221;self-hosted&#8221;][vc_column rt_col_paddings=&#8221;true&#8221; rt_wrp_col_paddings=&#8221;false&#8221; rt_column_shadow=&#8221;&#8221; rt_border_top=&#8221;&#8221; rt_border_bottom=&#8221;&#8221; rt_border_left=&#8221;&#8221; rt_border_right=&#8221;&#8221; rt_border_top_mobile=&#8221;&#8221; rt_border_bottom_mobile=&#8221;&#8221; rt_border_left_mobile=&#8221;&#8221; rt_border_right_mobile=&#8221;&#8221; rt_bg_image_repeat=&#8221;repeat&#8221; rt_bg_size=&#8221;auto auto&#8221; rt_bg_position=&#8221;right top&#8221; rt_bg_attachment=&#8221;scroll&#8221;][vc_column_text]<\/p>\n<h2 style=\"text-align: center;\"><strong>56 Kat\u0131l\u0131mc\u0131<\/strong><\/h2>\n<p>[\/vc_column_text][vc_column_text]<\/p>\n<h2 style=\"text-align: center;\"><strong>IRC A-0<\/strong><\/h2>\n<p>[\/vc_column_text][vc_column_text]<\/p>\n<table width=\"100%\">\n<tbody>\n<tr>\n<td align=\"center\" width=\"34%\"><strong>TEKNE ADI<\/strong><\/td>\n<td align=\"center\" width=\"32%\"><strong>TEKNE MODEL\u0130<\/strong><\/td>\n<td align=\"center\" width=\"17%\"><strong>IRC DE\u011eER\u0130<\/strong><\/td>\n<td align=\"center\" width=\"17%\"><strong>IRC GRUBU<\/strong><\/td>\n<\/tr>\n<tr>\n<td align=\"center\">Anything \/ Dere Construction<\/td>\n<td align=\"center\">KERR 41<\/td>\n<td align=\"center\">1,258<\/td>\n<td align=\"center\">IRC A-0<\/td>\n<\/tr>\n<tr>\n<td align=\"center\">Arkas Comet A<\/td>\n<td align=\"center\">MAT 1180<\/td>\n<td align=\"center\">1,197<\/td>\n<td align=\"center\">IRC A-0<\/td>\n<\/tr>\n<tr>\n<td align=\"center\">Boreas<\/td>\n<td align=\"center\">FARR 40<\/td>\n<td align=\"center\">1,168<\/td>\n<td align=\"center\">IRC A-0<\/td>\n<\/tr>\n<\/tbody>\n<\/table>\n<p>[\/vc_column_text][vc_column_text]<\/p>\n<h2 style=\"text-align: center;\"><strong>IRC A-1<\/strong><\/h2>\n<p>[\/vc_column_text][vc_column_text]<\/p>\n<table width=\"100%\">\n<tbody>\n<tr>\n<td align=\"center\" width=\"34%\"><strong>TEKNE ADI<\/strong><\/td>\n<td align=\"center\" width=\"32%\"><strong>TEKNE MODEL\u0130<\/strong><\/td>\n<td align=\"center\" width=\"17%\"><strong>IRC DE\u011eER\u0130<\/strong><\/td>\n<td align=\"center\" width=\"17%\"><strong>IRC GRUBU<\/strong><\/td>\n<\/tr>\n<tr>\n<td align=\"center\">MERS\u0130N YELKEN AKADEM\u0130S\u0130<\/td>\n<td align=\"center\">MAT 12<\/td>\n<td align=\"center\">1,117<\/td>\n<td align=\"center\">IRC A-1<\/td>\n<\/tr>\n<tr>\n<td align=\"center\">Lemon<\/td>\n<td align=\"center\">MAT 12<\/td>\n<td align=\"center\">1,108<\/td>\n<td align=\"center\">IRC A-1<\/td>\n<\/tr>\n<tr>\n<td align=\"center\">Yar\u0131\u015f -ati<\/td>\n<td align=\"center\">HUMPREY 40<\/td>\n<td align=\"center\">1,084<\/td>\n<td align=\"center\">IRC A-1<\/td>\n<\/tr>\n<tr>\n<td align=\"center\">Shaker<\/td>\n<td align=\"center\">J100<\/td>\n<td align=\"center\">1,080<\/td>\n<td align=\"center\">IRC A-1<\/td>\n<\/tr>\n<tr>\n<td align=\"center\">Wind Rider<\/td>\n<td align=\"center\">FIRST 40<\/td>\n<td align=\"center\">1,075<\/td>\n<td align=\"center\">IRC A-1<\/td>\n<\/tr>\n<\/tbody>\n<\/table>\n<p>[\/vc_column_text][vc_column_text]<\/p>\n<h2 style=\"text-align: center;\"><strong>IRC A-2<\/strong><\/h2>\n<p>[\/vc_column_text][vc_column_text]<\/p>\n<table width=\"100%\">\n<tbody>\n<tr>\n<td align=\"center\" width=\"34%\"><strong>TEKNE ADI<\/strong><\/td>\n<td align=\"center\" width=\"32%\"><strong>TEKNE MODEL\u0130<\/strong><\/td>\n<td align=\"center\" width=\"17%\"><strong>IRC DE\u011eER\u0130<\/strong><\/td>\n<td align=\"center\" width=\"17%\"><strong>IRC GRUBU<\/strong><\/td>\n<\/tr>\n<tr>\n<td align=\"center\">Bear<\/td>\n<td align=\"center\">FARR 30<\/td>\n<td align=\"center\">1,048<\/td>\n<td align=\"center\">IRC A-2<\/td>\n<\/tr>\n<tr>\n<td align=\"center\">Ladies First<\/td>\n<td align=\"center\">FIRST 40.7<\/td>\n<td align=\"center\">1,043<\/td>\n<td align=\"center\">IRC A-2<\/td>\n<\/tr>\n<tr>\n<td align=\"center\">ARNES<\/td>\n<td align=\"center\">FIRST 40.7<\/td>\n<td align=\"center\">1,041<\/td>\n<td align=\"center\">IRC A-2<\/td>\n<\/tr>\n<tr>\n<td align=\"center\">ORCHESTRA<\/td>\n<td align=\"center\">FIRST 40.7<\/td>\n<td align=\"center\">1,037<\/td>\n<td align=\"center\">IRC A-2<\/td>\n<\/tr>\n<tr>\n<td align=\"center\">KIRMIZI 1<\/td>\n<td align=\"center\">FAST 33<\/td>\n<td align=\"center\">1,029<\/td>\n<td align=\"center\">IRC A-2<\/td>\n<\/tr>\n<tr>\n<td align=\"center\">ORSA-CHEESE SAILING<\/td>\n<td align=\"center\">A 35<\/td>\n<td align=\"center\">1,029<\/td>\n<td align=\"center\">IRC A-2<\/td>\n<\/tr>\n<\/tbody>\n<\/table>\n<p>[\/vc_column_text][vc_column_text]<\/p>\n<h2 style=\"text-align: center;\"><strong>IRC A-3<\/strong><\/h2>\n<p>[\/vc_column_text][vc_column_text]<\/p>\n<table width=\"100%\">\n<tbody>\n<tr>\n<td align=\"center\" width=\"34%\"><strong>TEKNE ADI<\/strong><\/td>\n<td align=\"center\" width=\"32%\"><strong>TEKNE MODEL\u0130<\/strong><\/td>\n<td align=\"center\" width=\"17%\"><strong>IRC DE\u011eER\u0130<\/strong><\/td>\n<td align=\"center\" width=\"17%\"><strong>IRC GRUBU<\/strong><\/td>\n<\/tr>\n<tr>\n<td align=\"center\">STORMY<\/td>\n<td align=\"center\">MOUNT GAY 30<\/td>\n<td align=\"center\">1,013<\/td>\n<td align=\"center\">IRC A-3<\/td>\n<\/tr>\n<tr>\n<td align=\"center\">Mare<\/td>\n<td align=\"center\">HANSE 375<\/td>\n<td align=\"center\">1,011<\/td>\n<td align=\"center\">IRC A-3<\/td>\n<\/tr>\n<tr>\n<td align=\"center\">Cygnus Yunusmarin<\/td>\n<td align=\"center\">GS 40<\/td>\n<td align=\"center\">1,001<\/td>\n<td align=\"center\">IRC A-3<\/td>\n<\/tr>\n<tr>\n<td align=\"center\">Blue Miles<\/td>\n<td align=\"center\">FIRST 42S7<\/td>\n<td align=\"center\">1,000<\/td>\n<td align=\"center\">IRC A-3<\/td>\n<\/tr>\n<\/tbody>\n<\/table>\n<p>[\/vc_column_text][vc_column_text]<\/p>\n<h2 style=\"text-align: center;\"><strong>IRC A-4<\/strong><\/h2>\n<p>[\/vc_column_text][vc_column_text]<\/p>\n<table width=\"100%\">\n<tbody>\n<tr>\n<td align=\"center\" width=\"34%\"><strong>TEKNE ADI<\/strong><\/td>\n<td align=\"center\" width=\"32%\"><strong>TEKNE MODEL\u0130<\/strong><\/td>\n<td align=\"center\" width=\"17%\"><strong>IRC DE\u011eER\u0130<\/strong><\/td>\n<td align=\"center\" width=\"17%\"><strong>IRC GRUBU<\/strong><\/td>\n<\/tr>\n<tr>\n<td align=\"center\">Yedi\u00e7eriler<\/td>\n<td align=\"center\">MAT 10<\/td>\n<td align=\"center\">0.984<\/td>\n<td align=\"center\">IRC A-4<\/td>\n<\/tr>\n<tr>\n<td align=\"center\">KAYK APAZ<\/td>\n<td align=\"center\">FIRST 34.7<\/td>\n<td align=\"center\">0.983<\/td>\n<td align=\"center\">IRC A-4<\/td>\n<\/tr>\n<tr>\n<td align=\"center\">Lady Sun<\/td>\n<td align=\"center\">SUN FAST 37<\/td>\n<td align=\"center\">0.969<\/td>\n<td align=\"center\">IRC A-4<\/td>\n<\/tr>\n<tr>\n<td align=\"center\">\u00c7e\u015fme Marina Ventus<\/td>\n<td align=\"center\">SUN FAST 35<\/td>\n<td align=\"center\">0.968<\/td>\n<td align=\"center\">IRC A-4<\/td>\n<\/tr>\n<tr>\n<td align=\"center\">TR\u0130N\u0130TY<\/td>\n<td align=\"center\">ELAN 310<\/td>\n<td align=\"center\">0.966<\/td>\n<td align=\"center\">IRC A-4<\/td>\n<\/tr>\n<tr>\n<td align=\"center\">DANCER<\/td>\n<td align=\"center\">FIRST 375<\/td>\n<td align=\"center\">0.933<\/td>\n<td align=\"center\">IRC A-4<\/td>\n<\/tr>\n<tr>\n<td align=\"center\">FERMER<\/td>\n<td align=\"center\">FIRST 345<\/td>\n<td align=\"center\">0.912<\/td>\n<td align=\"center\">IRC A-4<\/td>\n<\/tr>\n<\/tbody>\n<\/table>\n<p>[\/vc_column_text][vc_column_text]<\/p>\n<h2 style=\"text-align: center;\"><strong>IRC B-1<\/strong><\/h2>\n<p>[\/vc_column_text][vc_column_text]<\/p>\n<table width=\"100%\">\n<tbody>\n<tr>\n<td align=\"center\" width=\"34%\"><strong>TEKNE ADI<\/strong><\/td>\n<td align=\"center\" width=\"32%\"><strong>TEKNE MODEL\u0130<\/strong><\/td>\n<td align=\"center\" width=\"17%\"><strong>IRC DE\u011eER\u0130<\/strong><\/td>\n<td align=\"center\" width=\"17%\"><strong>IRC GRUBU<\/strong><\/td>\n<\/tr>\n<tr>\n<td align=\"center\">M\u00fcge<\/td>\n<td align=\"center\">OC 58<\/td>\n<td align=\"center\">1,146<\/td>\n<td align=\"center\">IRC B-1<\/td>\n<\/tr>\n<tr>\n<td align=\"center\">Aiolos<\/td>\n<td align=\"center\">BAVARIA 51<\/td>\n<td align=\"center\">1,048<\/td>\n<td align=\"center\">IRC B-1<\/td>\n<\/tr>\n<tr>\n<td align=\"center\">Meltemi<\/td>\n<td align=\"center\">SO 479<\/td>\n<td align=\"center\">1,017<\/td>\n<td align=\"center\">IRC B-1<\/td>\n<\/tr>\n<\/tbody>\n<\/table>\n<p>[\/vc_column_text][vc_column_text]<\/p>\n<h2 style=\"text-align: center;\"><strong>IRC B-2<\/strong><\/h2>\n<p>[\/vc_column_text][vc_column_text]<\/p>\n<table width=\"100%\">\n<tbody>\n<tr>\n<td align=\"center\" width=\"34%\"><strong>TEKNE ADI<\/strong><\/td>\n<td align=\"center\" width=\"32%\"><strong>TEKNE MODEL\u0130<\/strong><\/td>\n<td align=\"center\" width=\"17%\"><strong>IRC DE\u011eER\u0130<\/strong><\/td>\n<td align=\"center\" width=\"17%\"><strong>IRC GRUBU<\/strong><\/td>\n<\/tr>\n<tr>\n<td align=\"center\">Rainbow Followers<\/td>\n<td align=\"center\">SO 42\u0130<\/td>\n<td align=\"center\">1,004<\/td>\n<td align=\"center\">IRC B-2<\/td>\n<\/tr>\n<tr>\n<td align=\"center\">EASE<\/td>\n<td align=\"center\">SO 42\u0130<\/td>\n<td align=\"center\">1,000<\/td>\n<td align=\"center\">IRC B-2<\/td>\n<\/tr>\n<tr>\n<td align=\"center\">Goodday Sunshine<\/td>\n<td align=\"center\">BAVARIA 42<\/td>\n<td align=\"center\">0.977<\/td>\n<td align=\"center\">IRC B-2<\/td>\n<\/tr>\n<tr>\n<td align=\"center\">Kairos<\/td>\n<td align=\"center\">BAVARIA 42<\/td>\n<td align=\"center\">0.972<\/td>\n<td align=\"center\">IRC B-2<\/td>\n<\/tr>\n<\/tbody>\n<\/table>\n<p>[\/vc_column_text][vc_column_text]<\/p>\n<h2 style=\"text-align: center;\"><strong>IRC B-3<\/strong><\/h2>\n<p>[\/vc_column_text][vc_column_text]<\/p>\n<table width=\"100%\">\n<tbody>\n<tr>\n<td align=\"center\" width=\"34%\"><strong>TEKNE ADI<\/strong><\/td>\n<td align=\"center\" width=\"32%\"><strong>TEKNE MODEL\u0130<\/strong><\/td>\n<td align=\"center\" width=\"17%\"><strong>IRC DE\u011eER\u0130<\/strong><\/td>\n<td align=\"center\" width=\"17%\"><strong>IRC GRUBU<\/strong><\/td>\n<\/tr>\n<tr>\n<td align=\"center\">Allegro<\/td>\n<td align=\"center\">SO 43<\/td>\n<td align=\"center\">0.961<\/td>\n<td align=\"center\">IRC B-3<\/td>\n<\/tr>\n<tr>\n<td align=\"center\">Anya<\/td>\n<td align=\"center\">FORNA 37<\/td>\n<td align=\"center\">0.950<\/td>\n<td align=\"center\">IRC B-3<\/td>\n<\/tr>\n<tr>\n<td align=\"center\">AV\u0130OR<\/td>\n<td align=\"center\">SO 37<\/td>\n<td align=\"center\">0.915<\/td>\n<td align=\"center\">IRC B-3<\/td>\n<\/tr>\n<tr>\n<td align=\"center\">Enkon<\/td>\n<td align=\"center\">BAVARIA 33<\/td>\n<td align=\"center\">0.884<\/td>\n<td align=\"center\">IRC B-3<\/td>\n<\/tr>\n<\/tbody>\n<\/table>\n<p>[\/vc_column_text][vc_column_text]<\/p>\n<h2 style=\"text-align: center;\"><strong>DESTEK 1<\/strong><\/h2>\n<p>[\/vc_column_text][vc_column_text]<\/p>\n<table width=\"100%\">\n<tbody>\n<tr>\n<td align=\"center\" width=\"40%\"><strong>TEKNE ADI<\/strong><\/td>\n<td align=\"center\" width=\"12%\"><strong>GRUP<\/strong><\/td>\n<td align=\"center\" width=\"12%\"><strong>RATING<\/strong><\/td>\n<td align=\"center\" width=\"12%\"><strong>BOY<\/strong><\/td>\n<td align=\"center\" width=\"12%\"><strong>YIL<\/strong><\/td>\n<td align=\"center\" width=\"12%\"><strong>BALON<\/strong><\/td>\n<\/tr>\n<tr>\n<td align=\"center\">EGEM<\/td>\n<td align=\"center\">Destek 1<\/td>\n<td align=\"center\">1.166<\/td>\n<td align=\"center\">15.57<\/td>\n<td align=\"center\">2,011<\/td>\n<td align=\"center\">Evet<\/td>\n<\/tr>\n<tr>\n<td align=\"center\">SILENCE<\/td>\n<td align=\"center\">Destek 1<\/td>\n<td align=\"center\">1.079<\/td>\n<td align=\"center\">13.50<\/td>\n<td align=\"center\">2017<\/td>\n<td align=\"center\">Hay\u0131r<\/td>\n<\/tr>\n<tr>\n<td align=\"center\">Final<\/td>\n<td align=\"center\">Destek 1<\/td>\n<td align=\"center\">1.110<\/td>\n<td align=\"center\">13.40<\/td>\n<td align=\"center\">2014<\/td>\n<td align=\"center\">Evet<\/td>\n<\/tr>\n<tr>\n<td align=\"center\">Pergamon<\/td>\n<td align=\"center\">Destek 1<\/td>\n<td align=\"center\">1.034<\/td>\n<td align=\"center\">12.94<\/td>\n<td align=\"center\">2006<\/td>\n<td align=\"center\">Hay\u0131r<\/td>\n<\/tr>\n<tr>\n<td align=\"center\">Aurora<\/td>\n<td align=\"center\">Destek 1<\/td>\n<td align=\"center\">1.090<\/td>\n<td align=\"center\">12.80<\/td>\n<td align=\"center\">2013<\/td>\n<td align=\"center\">Evet<\/td>\n<\/tr>\n<tr>\n<td align=\"center\">BLUES BROTHERS<\/td>\n<td align=\"center\">Destek 1<\/td>\n<td align=\"center\">1.047<\/td>\n<td align=\"center\">12.80<\/td>\n<td align=\"center\">2011<\/td>\n<td align=\"center\">Hay\u0131r<\/td>\n<\/tr>\n<tr>\n<td align=\"center\">EVEN FLOW<\/td>\n<td align=\"center\">Destek 1<\/td>\n<td align=\"center\">1.034<\/td>\n<td align=\"center\">12.70<\/td>\n<td align=\"center\">2008<\/td>\n<td align=\"center\">Hay\u0131r<\/td>\n<\/tr>\n<\/tbody>\n<\/table>\n<p>[\/vc_column_text][vc_column_text]<\/p>\n<h2 style=\"text-align: center;\"><strong>DESTEK 2<\/strong><\/h2>\n<p>[\/vc_column_text][vc_column_text]<\/p>\n<table width=\"100%\">\n<tbody>\n<tr>\n<td align=\"center\" width=\"40%\"><strong>TEKNE ADI<\/strong><\/td>\n<td align=\"center\" width=\"12%\"><strong>GRUP<\/strong><\/td>\n<td align=\"center\" width=\"12%\"><strong>RATING<\/strong><\/td>\n<td align=\"center\" width=\"12%\"><strong>BOY<\/strong><\/td>\n<td align=\"center\" width=\"12%\"><strong>YIL<\/strong><\/td>\n<td align=\"center\" width=\"12%\"><strong>BALON<\/strong><\/td>\n<\/tr>\n<tr>\n<td align=\"center\">CHESS<\/td>\n<td align=\"center\">Destek 2<\/td>\n<td align=\"center\">1.001<\/td>\n<td align=\"center\">12.20<\/td>\n<td align=\"center\">2002<\/td>\n<td align=\"center\">Hay\u0131r<\/td>\n<\/tr>\n<tr>\n<td align=\"center\">SHE<\/td>\n<td align=\"center\">Destek 2<\/td>\n<td align=\"center\">1.006<\/td>\n<td align=\"center\">12.12<\/td>\n<td align=\"center\">2005<\/td>\n<td align=\"center\">Hay\u0131r<\/td>\n<\/tr>\n<tr>\n<td align=\"center\">Auriga<\/td>\n<td align=\"center\">Destek 2<\/td>\n<td align=\"center\">1.032<\/td>\n<td align=\"center\">12.00<\/td>\n<td align=\"center\">1988<\/td>\n<td align=\"center\">Evet<\/td>\n<\/tr>\n<tr>\n<td align=\"center\">Fun lemon uysal market<\/td>\n<td align=\"center\">Destek 2<\/td>\n<td align=\"center\">1.062<\/td>\n<td align=\"center\">11.99<\/td>\n<td align=\"center\">2012<\/td>\n<td align=\"center\">Evet<\/td>\n<\/tr>\n<tr>\n<td align=\"center\">Happy Lemon<\/td>\n<td align=\"center\">Destek 2<\/td>\n<td align=\"center\">1.059<\/td>\n<td align=\"center\">11.99<\/td>\n<td align=\"center\">2011<\/td>\n<td align=\"center\">Evet<\/td>\n<\/tr>\n<tr>\n<td align=\"center\">Raki<\/td>\n<td align=\"center\">Destek 2<\/td>\n<td align=\"center\">1.026<\/td>\n<td align=\"center\">11.62<\/td>\n<td align=\"center\">2005<\/td>\n<td align=\"center\">Evet<\/td>\n<\/tr>\n<\/tbody>\n<\/table>\n<p>[\/vc_column_text][vc_column_text]<\/p>\n<h2 style=\"text-align: center;\"><strong>DESTEK 3<\/strong><\/h2>\n<p>[\/vc_column_text][vc_column_text]<\/p>\n<table width=\"100%\">\n<tbody>\n<tr>\n<td align=\"center\" width=\"40%\"><strong>TEKNE ADI<\/strong><\/td>\n<td align=\"center\" width=\"12%\"><strong>GRUP<\/strong><\/td>\n<td align=\"center\" width=\"12%\"><strong>RATING<\/strong><\/td>\n<td align=\"center\" width=\"12%\"><strong>BOY<\/strong><\/td>\n<td align=\"center\" width=\"12%\"><strong>YIL<\/strong><\/td>\n<td align=\"center\" width=\"12%\"><strong>BALON<\/strong><\/td>\n<\/tr>\n<tr>\n<td align=\"center\">Alevim<\/td>\n<td align=\"center\">Destek 3<\/td>\n<td align=\"center\">0.965<\/td>\n<td align=\"center\">11.08<\/td>\n<td align=\"center\">1984<\/td>\n<td align=\"center\">Hay\u0131r<\/td>\n<\/tr>\n<tr>\n<td align=\"center\">PRENSES-D<\/td>\n<td align=\"center\">Destek 3<\/td>\n<td align=\"center\">0.994<\/td>\n<td align=\"center\">10.96<\/td>\n<td align=\"center\">2015<\/td>\n<td align=\"center\">Hay\u0131r<\/td>\n<\/tr>\n<tr>\n<td align=\"center\">\u00c7ece<\/td>\n<td align=\"center\">Destek 3<\/td>\n<td align=\"center\">0.938<\/td>\n<td align=\"center\">10.30<\/td>\n<td align=\"center\">1994<\/td>\n<td align=\"center\">Hay\u0131r<\/td>\n<\/tr>\n<tr>\n<td align=\"center\">Tophaneli \u0130.H<\/td>\n<td align=\"center\">Destek 3<\/td>\n<td align=\"center\">0.962<\/td>\n<td align=\"center\">10.00<\/td>\n<td align=\"center\">1955<\/td>\n<td align=\"center\">Evet<\/td>\n<\/tr>\n<tr>\n<td align=\"center\">BLUE<\/td>\n<td align=\"center\">Destek 3<\/td>\n<td align=\"center\">0.949<\/td>\n<td align=\"center\">9.99<\/td>\n<td align=\"center\">2010<\/td>\n<td align=\"center\">Hay\u0131r<\/td>\n<\/tr>\n<tr>\n<td align=\"center\">LUNE<\/td>\n<td align=\"center\">Destek 3<\/td>\n<td align=\"center\">0.903<\/td>\n<td align=\"center\">9.35<\/td>\n<td align=\"center\">1988<\/td>\n<td align=\"center\">Hay\u0131r<\/td>\n<\/tr>\n<tr>\n<td align=\"center\">Porto Novo<\/td>\n<td align=\"center\">Destek 3<\/td>\n<td align=\"center\">0.849<\/td>\n<td align=\"center\">8.00<\/td>\n<td align=\"center\">1979<\/td>\n<td align=\"center\">Hay\u0131r<\/td>\n<\/tr>\n<\/tbody>\n<\/table>\n<p>[\/vc_column_text][\/vc_column][\/vc_row]<\/p>\n","protected":false},"excerpt":{"rendered":"<p>[vc_row rt_row_background_width=&#8221;fullwidth&#8221; rt_row_content_width=&#8221;fullwidth&#8221; rt_row_style=&#8221;default-style&#8221; rt_row_height=&#8221;&#8221; rt_row_borders=&#8221;&#8221; rt_row_shadows=&#8221;&#8221; rt_column_gaps=&#8221;&#8221; rt_row_paddings=&#8221;true&#8221; rt_bg_effect=&#8221;classic&#8221; rt_transparent_bg=&#8221;&#8221; rt_bg_image_repeat=&#8221;repeat&#8221; rt_bg_size=&#8221;cover&#8221; rt_bg_position=&#8221;right top&#8221; rt_bg_attachment=&#8221;scroll&#8221; rt_bg_video_format=&#8221;self-hosted&#8221;][vc_column rt_col_paddings=&#8221;true&#8221; rt_wrp_col_paddings=&#8221;false&#8221; rt_column_shadow=&#8221;&#8221; rt_border_top=&#8221;&#8221; rt_border_bottom=&#8221;&#8221; rt_border_left=&#8221;&#8221; rt_border_right=&#8221;&#8221; rt_border_top_mobile=&#8221;&#8221; rt_border_bottom_mobile=&#8221;&#8221; rt_border_left_mobile=&#8221;&#8221; rt_border_right_mobile=&#8221;&#8221; rt_bg_image_repeat=&#8221;repeat&#8221; rt_bg_size=&#8221;auto auto&#8221; rt_bg_position=&#8221;right top&#8221; rt_bg_attachment=&#8221;scroll&#8221;][vc_column_text] 56 Kat\u0131l\u0131mc\u0131 [\/vc_column_text][vc_column_text] IRC A-0 [\/vc_column_text][vc_column_text] TEKNE ADI TEKNE MODEL\u0130 IRC DE\u011eER\u0130 IRC GRUBU Anything \/ Dere Construction KERR 41 1,258 &#8230; <a class=\"more-link\" href=\"https:\/\/arkasaegeanlinkregatta.com\/en\/2019-participant-list-by-group\/\">Devam\u0131n\u0131 Oku<\/a><\/p>\n","protected":false},"author":1,"featured_media":0,"parent":0,"menu_order":0,"comment_status":"closed","ping_status":"closed","template":"","meta":{"footnotes":""},"class_list":["post-5454","page","type-page","status-publish","hentry"],"_links":{"self":[{"href":"https:\/\/arkasaegeanlinkregatta.com\/en\/wp-json\/wp\/v2\/pages\/5454","targetHints":{"allow":["GET"]}}],"collection":[{"href":"https:\/\/arkasaegeanlinkregatta.com\/en\/wp-json\/wp\/v2\/pages"}],"about":[{"href":"https:\/\/arkasaegeanlinkregatta.com\/en\/wp-json\/wp\/v2\/types\/page"}],"author":[{"embeddable":true,"href":"https:\/\/arkasaegeanlinkregatta.com\/en\/wp-json\/wp\/v2\/users\/1"}],"replies":[{"embeddable":true,"href":"https:\/\/arkasaegeanlinkregatta.com\/en\/wp-json\/wp\/v2\/comments?post=5454"}],"version-history":[{"count":12,"href":"https:\/\/arkasaegeanlinkregatta.com\/en\/wp-json\/wp\/v2\/pages\/5454\/revisions"}],"predecessor-version":[{"id":6352,"href":"https:\/\/arkasaegeanlinkregatta.com\/en\/wp-json\/wp\/v2\/pages\/5454\/revisions\/6352"}],"wp:attachment":[{"href":"https:\/\/arkasaegeanlinkregatta.com\/en\/wp-json\/wp\/v2\/media?parent=5454"}],"curies":[{"name":"wp","href":"https:\/\/api.w.org\/{rel}","templated":true}]}}