{"id":5512,"date":"2019-09-04T13:13:58","date_gmt":"2019-09-04T10:13:58","guid":{"rendered":"http:\/\/arkasaegeanlinkregatta.com\/?page_id=5512"},"modified":"2019-09-04T13:16:08","modified_gmt":"2019-09-04T10:16:08","slug":"overall-sonuclari","status":"publish","type":"page","link":"https:\/\/arkasaegeanlinkregatta.com\/en\/overall-sonuclari\/","title":{"rendered":"Overall Sonu\u00e7lar\u0131"},"content":{"rendered":"<p>[vc_row rt_row_background_width=&#8221;fullwidth&#8221; rt_row_content_width=&#8221;fullwidth&#8221; rt_row_style=&#8221;default-style&#8221; rt_row_height=&#8221;&#8221; rt_row_borders=&#8221;&#8221; rt_row_shadows=&#8221;&#8221; rt_column_gaps=&#8221;&#8221; rt_row_paddings=&#8221;false&#8221; rt_bg_effect=&#8221;classic&#8221; rt_transparent_bg=&#8221;&#8221; rt_bg_image_repeat=&#8221;repeat&#8221; rt_bg_size=&#8221;cover&#8221; rt_bg_position=&#8221;right top&#8221; rt_bg_attachment=&#8221;scroll&#8221; rt_bg_video_format=&#8221;self-hosted&#8221;][vc_column rt_col_paddings=&#8221;true&#8221; rt_wrp_col_paddings=&#8221;false&#8221; rt_column_shadow=&#8221;&#8221; rt_border_top=&#8221;&#8221; rt_border_bottom=&#8221;&#8221; rt_border_left=&#8221;&#8221; rt_border_right=&#8221;&#8221; rt_border_top_mobile=&#8221;&#8221; rt_border_bottom_mobile=&#8221;&#8221; rt_border_left_mobile=&#8221;&#8221; rt_border_right_mobile=&#8221;&#8221; rt_bg_image_repeat=&#8221;repeat&#8221; rt_bg_size=&#8221;auto auto&#8221; rt_bg_position=&#8221;right top&#8221; rt_bg_attachment=&#8221;scroll&#8221;][vc_column_text]<\/p>\n<table width=\"100%\" cellspacing=\"0\" cellpadding=\"0\">\n<tbody>\n<tr>\n<td colspan=\"16\" align=\"center\" width=\"1119\"><strong>ARKAS AEGEANLINK REGATTA &#8211; 2019<\/strong><\/td>\n<\/tr>\n<tr>\n<td colspan=\"16\" align=\"center\"><strong>\u00c7E\u015eME \/ \u0130ZM\u0130R<\/strong><\/td>\n<\/tr>\n<tr>\n<td colspan=\"16\" align=\"center\"><strong>01\/09\/2019<\/strong><\/td>\n<\/tr>\n<tr>\n<td colspan=\"16\" align=\"center\"><strong>OVERALL SONU\u00c7LARI<\/strong><\/td>\n<\/tr>\n<tr>\n<td align=\"center\"><\/td>\n<td align=\"center\"><\/td>\n<td align=\"center\"><\/td>\n<td align=\"center\"><\/td>\n<td align=\"center\"><\/td>\n<td colspan=\"2\" align=\"center\"><strong>1. YARI\u015e<\/strong><\/td>\n<td colspan=\"2\" align=\"center\"><strong>2. YARI\u015e<\/strong><\/td>\n<td colspan=\"2\" align=\"center\"><strong>3. YARI\u015e<\/strong><\/td>\n<td colspan=\"2\" align=\"center\"><strong>4. YARI\u015e<\/strong><\/td>\n<td colspan=\"2\" align=\"center\"><strong>5. YARI\u015e<\/strong><\/td>\n<td rowspan=\"2\" align=\"center\"><strong>TOPLAM<\/strong><\/td>\n<\/tr>\n<tr>\n<td align=\"center\"><strong>S\u0131ra<\/strong><\/td>\n<td align=\"center\" width=\"42\"><strong>Yelken<br \/>\nNo<\/strong><\/td>\n<td align=\"center\"><strong>Tekne Ad\u0131<\/strong><\/td>\n<td align=\"center\"><strong>Tekne Tipi<\/strong><\/td>\n<td align=\"center\"><strong>Skipper<\/strong><\/td>\n<td align=\"center\"><strong>D\u00fcz. S\u00fcre<\/strong><\/td>\n<td align=\"center\"><strong>Puan<\/strong><\/td>\n<td align=\"center\"><strong>D\u00fcz. S\u00fcre<\/strong><\/td>\n<td align=\"center\"><strong>Puan<\/strong><\/td>\n<td align=\"center\"><strong>D\u00fcz. S\u00fcre<\/strong><\/td>\n<td align=\"center\"><strong>Puan<\/strong><\/td>\n<td align=\"center\"><strong>D\u00fcz. S\u00fcre<\/strong><\/td>\n<td align=\"center\"><strong>Puan<\/strong><\/td>\n<td align=\"center\"><strong>D\u00fcz. S\u00fcre<\/strong><\/td>\n<td align=\"center\"><strong>Puan<\/strong><\/td>\n<\/tr>\n<tr>\n<td align=\"center\">1<\/td>\n<td align=\"center\">35<\/td>\n<td align=\"center\">ARKAS COMET A<\/td>\n<td align=\"center\">MAT 1180<\/td>\n<td align=\"center\">SERHAT ALTAY<\/td>\n<td align=\"center\">8270<\/td>\n<td align=\"center\">1<\/td>\n<td align=\"center\">4543<\/td>\n<td align=\"center\">5<\/td>\n<td align=\"center\">6600<\/td>\n<td align=\"center\">4<\/td>\n<td align=\"center\">4054<\/td>\n<td align=\"center\">1<\/td>\n<td align=\"center\">4306<\/td>\n<td align=\"center\">1<\/td>\n<td align=\"center\">12<\/td>\n<\/tr>\n<tr>\n<td align=\"center\">2<\/td>\n<td align=\"center\">14<\/td>\n<td align=\"center\">ORSA-CHEESE SAILING<\/td>\n<td align=\"center\">A 35<\/td>\n<td align=\"center\">LEVENT PEYN\u0130RC\u0130<\/td>\n<td align=\"center\">8386<\/td>\n<td align=\"center\">3<\/td>\n<td align=\"center\">4300<\/td>\n<td align=\"center\">1<\/td>\n<td align=\"center\">6615<\/td>\n<td align=\"center\">6<\/td>\n<td align=\"center\">4388<\/td>\n<td align=\"center\">2<\/td>\n<td align=\"center\">4394<\/td>\n<td align=\"center\">2<\/td>\n<td align=\"center\">14<\/td>\n<\/tr>\n<tr>\n<td align=\"center\">3<\/td>\n<td align=\"center\">17<\/td>\n<td align=\"center\">ARNES<\/td>\n<td align=\"center\">F\u0130RST 40.7<\/td>\n<td align=\"center\">KEMAL O\u011eUL<\/td>\n<td align=\"center\">8404<\/td>\n<td align=\"center\">4<\/td>\n<td align=\"center\">4449<\/td>\n<td align=\"center\">2<\/td>\n<td align=\"center\">6571<\/td>\n<td align=\"center\">2<\/td>\n<td align=\"center\">4453<\/td>\n<td align=\"center\">3<\/td>\n<td align=\"center\">4536<\/td>\n<td align=\"center\">3<\/td>\n<td align=\"center\">14<\/td>\n<\/tr>\n<tr>\n<td align=\"center\">4<\/td>\n<td align=\"center\">12<\/td>\n<td align=\"center\">LEMON<\/td>\n<td align=\"center\">MAT 12<\/td>\n<td align=\"center\">MUSTAFA ANBARCI<\/td>\n<td align=\"center\">8661<\/td>\n<td align=\"center\">7<\/td>\n<td align=\"center\">4490<\/td>\n<td align=\"center\">3<\/td>\n<td align=\"center\">6743<\/td>\n<td align=\"center\">10<\/td>\n<td align=\"center\">4502<\/td>\n<td align=\"center\">5<\/td>\n<td align=\"center\">4652<\/td>\n<td align=\"center\">5<\/td>\n<td align=\"center\">30<\/td>\n<\/tr>\n<tr>\n<td align=\"center\">5<\/td>\n<td align=\"center\">10<\/td>\n<td align=\"center\">LADIES FIRST<\/td>\n<td align=\"center\">FIRST 40.7<\/td>\n<td align=\"center\">CANAN AYDEM\u0130R<\/td>\n<td align=\"center\">8367<\/td>\n<td align=\"center\">2<\/td>\n<td align=\"center\">4588<\/td>\n<td align=\"center\">8<\/td>\n<td align=\"center\">6598<\/td>\n<td align=\"center\">3<\/td>\n<td align=\"center\">4726<\/td>\n<td align=\"center\">14<\/td>\n<td align=\"center\">4602<\/td>\n<td align=\"center\">4<\/td>\n<td align=\"center\">31<\/td>\n<\/tr>\n<tr>\n<td align=\"center\">6<\/td>\n<td align=\"center\">48<\/td>\n<td align=\"center\">CYGNUS<\/td>\n<td align=\"center\">GRAND SOLEY 40<\/td>\n<td align=\"center\">O\u011eUZ AK\u0130F SEZER<\/td>\n<td align=\"center\">8675<\/td>\n<td align=\"center\">8<\/td>\n<td align=\"center\">4544<\/td>\n<td align=\"center\">6<\/td>\n<td align=\"center\">6698<\/td>\n<td align=\"center\">7<\/td>\n<td align=\"center\">4475<\/td>\n<td align=\"center\">4<\/td>\n<td align=\"center\">4695<\/td>\n<td align=\"center\">7<\/td>\n<td align=\"center\">32<\/td>\n<\/tr>\n<tr>\n<td align=\"center\">7<\/td>\n<td align=\"center\">5<\/td>\n<td align=\"center\">BLUE MILES<\/td>\n<td align=\"center\">F\u0130RST 42.7<\/td>\n<td align=\"center\">ERG\u00dcN NALBANTO\u011eLU<\/td>\n<td align=\"center\">8803<\/td>\n<td align=\"center\">10<\/td>\n<td align=\"center\">4664<\/td>\n<td align=\"center\">10<\/td>\n<td align=\"center\">6721<\/td>\n<td align=\"center\">9<\/td>\n<td align=\"center\">4519<\/td>\n<td align=\"center\">6<\/td>\n<td align=\"center\">4801<\/td>\n<td align=\"center\">11<\/td>\n<td align=\"center\">46<\/td>\n<\/tr>\n<tr>\n<td align=\"center\">8<\/td>\n<td align=\"center\">30<\/td>\n<td align=\"center\">SHAKER<\/td>\n<td align=\"center\">J BOT 122<\/td>\n<td align=\"center\">HALUK BUZLUK<\/td>\n<td align=\"center\">8943<\/td>\n<td align=\"center\">11<\/td>\n<td align=\"center\">4707<\/td>\n<td align=\"center\">12<\/td>\n<td align=\"center\">6814<\/td>\n<td align=\"center\">12<\/td>\n<td align=\"center\">4524<\/td>\n<td align=\"center\">7<\/td>\n<td align=\"center\">4688<\/td>\n<td align=\"center\">6<\/td>\n<td align=\"center\">48<\/td>\n<\/tr>\n<tr>\n<td align=\"center\">9<\/td>\n<td align=\"center\">19<\/td>\n<td align=\"center\">ORCHESTRA<\/td>\n<td align=\"center\">F\u0130RST 40.7<\/td>\n<td align=\"center\">SIRMA YALAZ<\/td>\n<td align=\"center\">8635<\/td>\n<td align=\"center\">6<\/td>\n<td align=\"center\">4677<\/td>\n<td align=\"center\">11<\/td>\n<td align=\"center\">6883<\/td>\n<td align=\"center\">13<\/td>\n<td align=\"center\">4562<\/td>\n<td align=\"center\">8<\/td>\n<td align=\"center\">4798<\/td>\n<td align=\"center\">10<\/td>\n<td align=\"center\">48<\/td>\n<\/tr>\n<tr>\n<td align=\"center\">10<\/td>\n<td align=\"center\">29<\/td>\n<td align=\"center\">BOREAS<\/td>\n<td align=\"center\">FARR 40<\/td>\n<td align=\"center\">HAKAN TANER<\/td>\n<td align=\"center\">8408<\/td>\n<td align=\"center\">5<\/td>\n<td align=\"center\">4518<\/td>\n<td align=\"center\">4<\/td>\n<td align=\"center\">6613<\/td>\n<td align=\"center\">5<\/td>\n<td align=\"center\">4612<\/td>\n<td align=\"center\">9<\/td>\n<td align=\"center\">&#8212;<\/td>\n<td align=\"center\">31<\/td>\n<td align=\"center\">54<\/td>\n<\/tr>\n<tr>\n<td align=\"center\">11<\/td>\n<td align=\"center\">40<\/td>\n<td align=\"center\">STORMY<\/td>\n<td align=\"center\">MOUNT GAY 30<\/td>\n<td align=\"center\">TUNCA \u00c7ALI\u015eKAN<\/td>\n<td align=\"center\">9091<\/td>\n<td align=\"center\">12<\/td>\n<td align=\"center\">4749<\/td>\n<td align=\"center\">14<\/td>\n<td align=\"center\">7232<\/td>\n<td align=\"center\">21<\/td>\n<td align=\"center\">4626<\/td>\n<td align=\"center\">10<\/td>\n<td align=\"center\">4707<\/td>\n<td align=\"center\">8<\/td>\n<td align=\"center\">65<\/td>\n<\/tr>\n<tr>\n<td align=\"center\">12<\/td>\n<td align=\"center\">4<\/td>\n<td align=\"center\">MERS\u0130N YELKEN AKADEM\u0130S\u0130<\/td>\n<td align=\"center\">MAT 12<\/td>\n<td align=\"center\">OYTUN \u00c7ALI\u015eLAR<\/td>\n<td align=\"center\">&#8212;<\/td>\n<td align=\"center\">35<\/td>\n<td align=\"center\">4562<\/td>\n<td align=\"center\">7<\/td>\n<td align=\"center\">6761<\/td>\n<td align=\"center\">11<\/td>\n<td align=\"center\">4634<\/td>\n<td align=\"center\">11<\/td>\n<td align=\"center\">4785<\/td>\n<td align=\"center\">9<\/td>\n<td align=\"center\">73<\/td>\n<\/tr>\n<tr>\n<td align=\"center\">13<\/td>\n<td align=\"center\">7<\/td>\n<td align=\"center\">WIND RIDER<\/td>\n<td align=\"center\">FIRST 40<\/td>\n<td align=\"center\">EROL ALG\u00dcL<\/td>\n<td align=\"center\">9171<\/td>\n<td align=\"center\">16<\/td>\n<td align=\"center\">4754<\/td>\n<td align=\"center\">15<\/td>\n<td align=\"center\">7022<\/td>\n<td align=\"center\">14<\/td>\n<td align=\"center\">4859<\/td>\n<td align=\"center\">19<\/td>\n<td align=\"center\">4908<\/td>\n<td align=\"center\">14<\/td>\n<td align=\"center\">78<\/td>\n<\/tr>\n<tr>\n<td align=\"center\">14<\/td>\n<td align=\"center\">36<\/td>\n<td align=\"center\">GOODDAY SUNSHINE<\/td>\n<td align=\"center\">BAVAR\u0130A 41 HOL\u0130DAY<\/td>\n<td align=\"center\">AHMET YABABA<\/td>\n<td align=\"center\">9274<\/td>\n<td align=\"center\">17<\/td>\n<td align=\"center\">4906<\/td>\n<td align=\"center\">18<\/td>\n<td align=\"center\">7294<\/td>\n<td align=\"center\">22<\/td>\n<td align=\"center\">4681<\/td>\n<td align=\"center\">12<\/td>\n<td align=\"center\">4868<\/td>\n<td align=\"center\">13<\/td>\n<td align=\"center\">82<\/td>\n<\/tr>\n<tr>\n<td align=\"center\">15<\/td>\n<td align=\"center\">34<\/td>\n<td align=\"center\">FERMER<\/td>\n<td align=\"center\">F\u0130RST 345<\/td>\n<td align=\"center\">CELAL \u0130\u015e\u00c7\u0130MENLER<\/td>\n<td align=\"center\">9111<\/td>\n<td align=\"center\">14<\/td>\n<td align=\"center\">5204<\/td>\n<td align=\"center\">23<\/td>\n<td align=\"center\">7156<\/td>\n<td align=\"center\">18<\/td>\n<td align=\"center\">4725<\/td>\n<td align=\"center\">13<\/td>\n<td align=\"center\">4918<\/td>\n<td align=\"center\">15<\/td>\n<td align=\"center\">83<\/td>\n<\/tr>\n<tr>\n<td align=\"center\">16<\/td>\n<td align=\"center\">56<\/td>\n<td align=\"center\">ANYTH\u0130NG \/ DERE CONSTRUCTION<\/td>\n<td align=\"center\">KER 41<\/td>\n<td align=\"center\">ZEK\u0130 BORA TURAN<\/td>\n<td align=\"center\">8728<\/td>\n<td align=\"center\">9<\/td>\n<td align=\"center\">4602<\/td>\n<td align=\"center\">9<\/td>\n<td align=\"center\">6552<\/td>\n<td align=\"center\">1<\/td>\n<td align=\"center\">&#8212;<\/td>\n<td align=\"center\">36<\/td>\n<td align=\"center\">&#8212;<\/td>\n<td align=\"center\">31<\/td>\n<td align=\"center\">86<\/td>\n<\/tr>\n<tr>\n<td align=\"center\">17<\/td>\n<td align=\"center\">44<\/td>\n<td align=\"center\">YARI\u015e-AT\u0130<\/td>\n<td align=\"center\">HUMPHREYS 40<\/td>\n<td align=\"center\">AT\u0130LLA G\u00d6KOVA<\/td>\n<td align=\"center\">9116<\/td>\n<td align=\"center\">15<\/td>\n<td align=\"center\">4739<\/td>\n<td align=\"center\">13<\/td>\n<td align=\"center\">6699<\/td>\n<td align=\"center\">8<\/td>\n<td align=\"center\">4881<\/td>\n<td align=\"center\">20<\/td>\n<td align=\"center\">&#8212;<\/td>\n<td align=\"center\">31<\/td>\n<td align=\"center\">87<\/td>\n<\/tr>\n<tr>\n<td align=\"center\">18<\/td>\n<td align=\"center\">1<\/td>\n<td align=\"center\">\u00c7E\u015eME MAR\u0130NA &#8211; VENTUS<\/td>\n<td align=\"center\">SUN FAST 35<\/td>\n<td align=\"center\">G\u00dcVEN \u0130LT\u0130R<\/td>\n<td align=\"center\">9741<\/td>\n<td align=\"center\">21<\/td>\n<td align=\"center\">4762<\/td>\n<td align=\"center\">16<\/td>\n<td align=\"center\">7463<\/td>\n<td align=\"center\">23<\/td>\n<td align=\"center\">4763<\/td>\n<td align=\"center\">16<\/td>\n<td align=\"center\">4962<\/td>\n<td align=\"center\">17<\/td>\n<td align=\"center\">93<\/td>\n<\/tr>\n<tr>\n<td align=\"center\">19<\/td>\n<td align=\"center\">3<\/td>\n<td align=\"center\">MARE<\/td>\n<td align=\"center\">HANSE 375<\/td>\n<td align=\"center\">MER\u0130H ERKAL<\/td>\n<td align=\"center\">9512<\/td>\n<td align=\"center\">20<\/td>\n<td align=\"center\">5161<\/td>\n<td align=\"center\">22<\/td>\n<td align=\"center\">7128<\/td>\n<td align=\"center\">17<\/td>\n<td align=\"center\">4837<\/td>\n<td align=\"center\">17<\/td>\n<td align=\"center\">5056<\/td>\n<td align=\"center\">19<\/td>\n<td align=\"center\">95<\/td>\n<\/tr>\n<tr>\n<td align=\"center\">20<\/td>\n<td align=\"center\">27<\/td>\n<td align=\"center\">MELTEM\u0130<\/td>\n<td align=\"center\">JENNEAU SO 479<\/td>\n<td align=\"center\">FAHR\u0130 KARTAL<\/td>\n<td align=\"center\">9743<\/td>\n<td align=\"center\">22<\/td>\n<td align=\"center\">5087<\/td>\n<td align=\"center\">21<\/td>\n<td align=\"center\">7191<\/td>\n<td align=\"center\">19<\/td>\n<td align=\"center\">4728<\/td>\n<td align=\"center\">15<\/td>\n<td align=\"center\">5089<\/td>\n<td align=\"center\">21<\/td>\n<td align=\"center\">98<\/td>\n<\/tr>\n<tr>\n<td align=\"center\">21<\/td>\n<td align=\"center\">23<\/td>\n<td align=\"center\">YED\u0130\u00c7ER\u0130LER<\/td>\n<td align=\"center\">MAT 10<\/td>\n<td align=\"center\">FEYYAZ \u00dcNAL<\/td>\n<td align=\"center\">9397<\/td>\n<td align=\"center\">18<\/td>\n<td align=\"center\">4778<\/td>\n<td align=\"center\">17<\/td>\n<td align=\"center\">7063<\/td>\n<td align=\"center\">15<\/td>\n<td align=\"center\">4948<\/td>\n<td align=\"center\">23<\/td>\n<td align=\"center\">5314<\/td>\n<td align=\"center\">28<\/td>\n<td align=\"center\">101<\/td>\n<\/tr>\n<tr>\n<td align=\"center\">22<\/td>\n<td align=\"center\">42<\/td>\n<td align=\"center\">KIRMIZI 1<\/td>\n<td align=\"center\">FAST 33<\/td>\n<td align=\"center\">MURAT TANER<\/td>\n<td align=\"center\">9100<\/td>\n<td align=\"center\">13<\/td>\n<td align=\"center\">5000<\/td>\n<td align=\"center\">20<\/td>\n<td align=\"center\">7223<\/td>\n<td align=\"center\">20<\/td>\n<td align=\"center\">5049<\/td>\n<td align=\"center\">28<\/td>\n<td align=\"center\">&#8212;<\/td>\n<td align=\"center\">31<\/td>\n<td align=\"center\">112<\/td>\n<\/tr>\n<tr>\n<td align=\"center\">23<\/td>\n<td align=\"center\">39<\/td>\n<td align=\"center\">KAYK APAZ<\/td>\n<td align=\"center\">FIRST 34.7<\/td>\n<td align=\"center\">G\u00d6KHAN AYDIN<\/td>\n<td align=\"center\">9743<\/td>\n<td align=\"center\">23<\/td>\n<td align=\"center\">4968<\/td>\n<td align=\"center\">19<\/td>\n<td align=\"center\">7629<\/td>\n<td align=\"center\">24<\/td>\n<td align=\"center\">5012<\/td>\n<td align=\"center\">26<\/td>\n<td align=\"center\">5092<\/td>\n<td align=\"center\">22<\/td>\n<td align=\"center\">114<\/td>\n<\/tr>\n<tr>\n<td align=\"center\">24<\/td>\n<td align=\"center\">22<\/td>\n<td align=\"center\">KAIROS<\/td>\n<td align=\"center\">BAVAR\u0130A 42 CRU\u0130SER<\/td>\n<td align=\"center\">MEHMET NARDALI<\/td>\n<td align=\"center\">10192<\/td>\n<td align=\"center\">25<\/td>\n<td align=\"center\">5817<\/td>\n<td align=\"center\">31<\/td>\n<td align=\"center\">7701<\/td>\n<td align=\"center\">27<\/td>\n<td align=\"center\">4918<\/td>\n<td align=\"center\">22<\/td>\n<td align=\"center\">4826<\/td>\n<td align=\"center\">12<\/td>\n<td align=\"center\">117<\/td>\n<\/tr>\n<tr>\n<td align=\"center\">25<\/td>\n<td align=\"center\">8<\/td>\n<td align=\"center\">RAINBOW FOLLOWERS<\/td>\n<td align=\"center\">SUN ODYSSEY 42<\/td>\n<td align=\"center\">UFUK C\u00dcC\u00dc<\/td>\n<td align=\"center\">10268<\/td>\n<td align=\"center\">26<\/td>\n<td align=\"center\">5724<\/td>\n<td align=\"center\">30<\/td>\n<td align=\"center\">7837<\/td>\n<td align=\"center\">28<\/td>\n<td align=\"center\">4854<\/td>\n<td align=\"center\">18<\/td>\n<td align=\"center\">4961<\/td>\n<td align=\"center\">16<\/td>\n<td align=\"center\">118<\/td>\n<\/tr>\n<tr>\n<td align=\"center\">26<\/td>\n<td align=\"center\">55<\/td>\n<td align=\"center\">ALLEGRO<\/td>\n<td align=\"center\">JEANNEAU S0 40.3<\/td>\n<td align=\"center\">ESAT KARDI\u00c7ALI<\/td>\n<td align=\"center\">9414<\/td>\n<td align=\"center\">19<\/td>\n<td align=\"center\">5386<\/td>\n<td align=\"center\">28<\/td>\n<td align=\"center\">7117<\/td>\n<td align=\"center\">16<\/td>\n<td align=\"center\">5106<\/td>\n<td align=\"center\">30<\/td>\n<td align=\"center\">5190<\/td>\n<td align=\"center\">25<\/td>\n<td align=\"center\">118<\/td>\n<\/tr>\n<tr>\n<td align=\"center\">27<\/td>\n<td align=\"center\">49<\/td>\n<td align=\"center\">DANCER<\/td>\n<td align=\"center\">FIRST 375<\/td>\n<td align=\"center\">MAX\u0130MOV DM\u0130TRY<\/td>\n<td align=\"center\">9781<\/td>\n<td align=\"center\">24<\/td>\n<td align=\"center\">5274<\/td>\n<td align=\"center\">26<\/td>\n<td align=\"center\">7652<\/td>\n<td align=\"center\">25<\/td>\n<td align=\"center\">4964<\/td>\n<td align=\"center\">24<\/td>\n<td align=\"center\">5154<\/td>\n<td align=\"center\">24<\/td>\n<td align=\"center\">123<\/td>\n<\/tr>\n<tr>\n<td align=\"center\">28<\/td>\n<td align=\"center\">2<\/td>\n<td align=\"center\">LADY SUN<\/td>\n<td align=\"center\">SUNFAST 37<\/td>\n<td align=\"center\">YASEM\u0130N AKYIL<\/td>\n<td align=\"center\">12835<\/td>\n<td align=\"center\">34<\/td>\n<td align=\"center\">5253<\/td>\n<td align=\"center\">25<\/td>\n<td align=\"center\">7663<\/td>\n<td align=\"center\">26<\/td>\n<td align=\"center\">4896<\/td>\n<td align=\"center\">21<\/td>\n<td align=\"center\">5000<\/td>\n<td align=\"center\">18<\/td>\n<td align=\"center\">124<\/td>\n<\/tr>\n<tr>\n<td align=\"center\">29<\/td>\n<td align=\"center\">43<\/td>\n<td align=\"center\">MUGE<\/td>\n<td align=\"center\">BENETEAU 58<\/td>\n<td align=\"center\">MUSTAFA \u00d6ZDEM\u0130R<\/td>\n<td align=\"center\">10476<\/td>\n<td align=\"center\">27<\/td>\n<td align=\"center\">5364<\/td>\n<td align=\"center\">27<\/td>\n<td align=\"center\">8204<\/td>\n<td align=\"center\">30<\/td>\n<td align=\"center\">5219<\/td>\n<td align=\"center\">32<\/td>\n<td align=\"center\">5096<\/td>\n<td align=\"center\">23<\/td>\n<td align=\"center\">139<\/td>\n<\/tr>\n<tr>\n<td align=\"center\">30<\/td>\n<td align=\"center\">52<\/td>\n<td align=\"center\">BEAR<\/td>\n<td align=\"center\">MUMM 30<\/td>\n<td align=\"center\">Y\u0130\u011e\u0130T \u00c7ULA<\/td>\n<td align=\"center\">10633<\/td>\n<td align=\"center\">28<\/td>\n<td align=\"center\">5224<\/td>\n<td align=\"center\">24<\/td>\n<td align=\"center\">8203<\/td>\n<td align=\"center\">29<\/td>\n<td align=\"center\">5304<\/td>\n<td align=\"center\">33<\/td>\n<td align=\"center\">5287<\/td>\n<td align=\"center\">27<\/td>\n<td align=\"center\">141<\/td>\n<\/tr>\n<tr>\n<td align=\"center\">31<\/td>\n<td align=\"center\">16<\/td>\n<td align=\"center\">EASE<\/td>\n<td align=\"center\">JEANEAU SO 42\u0130<\/td>\n<td align=\"center\">BEHL\u00dcL USLUO\u011eLU<\/td>\n<td align=\"center\">11415<\/td>\n<td align=\"center\">33<\/td>\n<td align=\"center\">6440<\/td>\n<td align=\"center\">35<\/td>\n<td align=\"center\">9208<\/td>\n<td align=\"center\">34<\/td>\n<td align=\"center\">5013<\/td>\n<td align=\"center\">27<\/td>\n<td align=\"center\">5060<\/td>\n<td align=\"center\">20<\/td>\n<td align=\"center\">149<\/td>\n<\/tr>\n<tr>\n<td align=\"center\">32<\/td>\n<td align=\"center\">26<\/td>\n<td align=\"center\">A\u0130OLOS<\/td>\n<td align=\"center\">CRUISER 51<\/td>\n<td align=\"center\">OR\u00c7UN TENKER<\/td>\n<td align=\"center\">11264<\/td>\n<td align=\"center\">31<\/td>\n<td align=\"center\">5873<\/td>\n<td align=\"center\">33<\/td>\n<td align=\"center\">&#8212;<\/td>\n<td align=\"center\">36<\/td>\n<td align=\"center\">5002<\/td>\n<td align=\"center\">25<\/td>\n<td align=\"center\">5197<\/td>\n<td align=\"center\">26<\/td>\n<td align=\"center\">151<\/td>\n<\/tr>\n<tr>\n<td align=\"center\">33<\/td>\n<td align=\"center\">18<\/td>\n<td align=\"center\">ANYA<\/td>\n<td align=\"center\">FORNA 37<\/td>\n<td align=\"center\">C\u0130HAT AYTA\u00c7<\/td>\n<td align=\"center\">11101<\/td>\n<td align=\"center\">29<\/td>\n<td align=\"center\">5868<\/td>\n<td align=\"center\">32<\/td>\n<td align=\"center\">8669<\/td>\n<td align=\"center\">32<\/td>\n<td align=\"center\">5070<\/td>\n<td align=\"center\">29<\/td>\n<td align=\"center\">5336<\/td>\n<td align=\"center\">29<\/td>\n<td align=\"center\">151<\/td>\n<\/tr>\n<tr>\n<td align=\"center\">34<\/td>\n<td align=\"center\">47<\/td>\n<td align=\"center\">TRINITY<\/td>\n<td align=\"center\">ELAN 310<\/td>\n<td align=\"center\">MEHMET ALTAN \u0130BR\u0130KO\u011eLU<\/td>\n<td align=\"center\">11400<\/td>\n<td align=\"center\">32<\/td>\n<td align=\"center\">5437<\/td>\n<td align=\"center\">29<\/td>\n<td align=\"center\">8581<\/td>\n<td align=\"center\">31<\/td>\n<td align=\"center\">5120<\/td>\n<td align=\"center\">31<\/td>\n<td align=\"center\">&#8212;<\/td>\n<td align=\"center\">31<\/td>\n<td align=\"center\">154<\/td>\n<\/tr>\n<tr>\n<td align=\"center\">35<\/td>\n<td align=\"center\">20<\/td>\n<td align=\"center\">ENKON<\/td>\n<td align=\"center\">BAVAR\u0130A 33<\/td>\n<td align=\"center\">SEM\u0130H \u00d6ZEMRAK<\/td>\n<td align=\"center\">11185<\/td>\n<td align=\"center\">30<\/td>\n<td align=\"center\">6068<\/td>\n<td align=\"center\">34<\/td>\n<td align=\"center\">9102<\/td>\n<td align=\"center\">33<\/td>\n<td align=\"center\">5368<\/td>\n<td align=\"center\">34<\/td>\n<td align=\"center\">5342<\/td>\n<td align=\"center\">30<\/td>\n<td align=\"center\">161<\/td>\n<\/tr>\n<tr>\n<td align=\"center\">36<\/td>\n<td align=\"center\">28<\/td>\n<td align=\"center\">AV\u0130OR<\/td>\n<td align=\"center\">JEANNEAU S0 40.3<\/td>\n<td align=\"center\">U\u011eUR \u00dcYE<\/td>\n<td align=\"center\">&#8212;<\/td>\n<td align=\"center\">35<\/td>\n<td align=\"center\">&#8212;<\/td>\n<td align=\"center\">36<\/td>\n<td align=\"center\">9326<\/td>\n<td align=\"center\">35<\/td>\n<td align=\"center\">5632<\/td>\n<td align=\"center\">35<\/td>\n<td align=\"center\">&#8212;<\/td>\n<td align=\"center\">31<\/td>\n<td align=\"center\">172<\/td>\n<\/tr>\n<\/tbody>\n<\/table>\n<p>[\/vc_column_text][\/vc_column][\/vc_row]<\/p>\n","protected":false},"excerpt":{"rendered":"<p>[vc_row rt_row_background_width=&#8221;fullwidth&#8221; rt_row_content_width=&#8221;fullwidth&#8221; rt_row_style=&#8221;default-style&#8221; rt_row_height=&#8221;&#8221; rt_row_borders=&#8221;&#8221; rt_row_shadows=&#8221;&#8221; rt_column_gaps=&#8221;&#8221; rt_row_paddings=&#8221;false&#8221; rt_bg_effect=&#8221;classic&#8221; rt_transparent_bg=&#8221;&#8221; rt_bg_image_repeat=&#8221;repeat&#8221; rt_bg_size=&#8221;cover&#8221; rt_bg_position=&#8221;right top&#8221; rt_bg_attachment=&#8221;scroll&#8221; rt_bg_video_format=&#8221;self-hosted&#8221;][vc_column rt_col_paddings=&#8221;true&#8221; rt_wrp_col_paddings=&#8221;false&#8221; rt_column_shadow=&#8221;&#8221; rt_border_top=&#8221;&#8221; rt_border_bottom=&#8221;&#8221; rt_border_left=&#8221;&#8221; rt_border_right=&#8221;&#8221; rt_border_top_mobile=&#8221;&#8221; rt_border_bottom_mobile=&#8221;&#8221; rt_border_left_mobile=&#8221;&#8221; rt_border_right_mobile=&#8221;&#8221; rt_bg_image_repeat=&#8221;repeat&#8221; rt_bg_size=&#8221;auto auto&#8221; rt_bg_position=&#8221;right top&#8221; rt_bg_attachment=&#8221;scroll&#8221;][vc_column_text] ARKAS AEGEANLINK REGATTA &#8211; 2019 \u00c7E\u015eME \/ \u0130ZM\u0130R 01\/09\/2019 OVERALL SONU\u00c7LARI 1. YARI\u015e 2. YARI\u015e 3. YARI\u015e 4. YARI\u015e 5. YARI\u015e &#8230; <a class=\"more-link\" href=\"https:\/\/arkasaegeanlinkregatta.com\/en\/overall-sonuclari\/\">Devam\u0131n\u0131 Oku<\/a><\/p>\n","protected":false},"author":1,"featured_media":0,"parent":0,"menu_order":0,"comment_status":"closed","ping_status":"closed","template":"","meta":{"footnotes":""},"class_list":["post-5512","page","type-page","status-publish","hentry"],"_links":{"self":[{"href":"https:\/\/arkasaegeanlinkregatta.com\/en\/wp-json\/wp\/v2\/pages\/5512","targetHints":{"allow":["GET"]}}],"collection":[{"href":"https:\/\/arkasaegeanlinkregatta.com\/en\/wp-json\/wp\/v2\/pages"}],"about":[{"href":"https:\/\/arkasaegeanlinkregatta.com\/en\/wp-json\/wp\/v2\/types\/page"}],"author":[{"embeddable":true,"href":"https:\/\/arkasaegeanlinkregatta.com\/en\/wp-json\/wp\/v2\/users\/1"}],"replies":[{"embeddable":true,"href":"https:\/\/arkasaegeanlinkregatta.com\/en\/wp-json\/wp\/v2\/comments?post=5512"}],"version-history":[{"count":2,"href":"https:\/\/arkasaegeanlinkregatta.com\/en\/wp-json\/wp\/v2\/pages\/5512\/revisions"}],"predecessor-version":[{"id":5516,"href":"https:\/\/arkasaegeanlinkregatta.com\/en\/wp-json\/wp\/v2\/pages\/5512\/revisions\/5516"}],"wp:attachment":[{"href":"https:\/\/arkasaegeanlinkregatta.com\/en\/wp-json\/wp\/v2\/media?parent=5512"}],"curies":[{"name":"wp","href":"https:\/\/api.w.org\/{rel}","templated":true}]}}