{"id":5696,"date":"2020-08-14T14:17:47","date_gmt":"2020-08-14T11:17:47","guid":{"rendered":"http:\/\/arkasaegeanlinkregatta.com\/?page_id=5696"},"modified":"2023-05-10T10:06:30","modified_gmt":"2023-05-10T07:06:30","slug":"2020-participant-list","status":"publish","type":"page","link":"https:\/\/arkasaegeanlinkregatta.com\/en\/2020-participant-list\/","title":{"rendered":"2020 Participant List"},"content":{"rendered":"<p>[vc_row rt_row_background_width=&#8221;fullwidth&#8221; rt_row_content_width=&#8221;fullwidth&#8221; rt_row_style=&#8221;default-style&#8221; rt_row_height=&#8221;&#8221; rt_row_borders=&#8221;&#8221; rt_row_shadows=&#8221;&#8221; rt_column_gaps=&#8221;&#8221; rt_row_paddings=&#8221;true&#8221; rt_bg_effect=&#8221;classic&#8221; rt_transparent_bg=&#8221;&#8221; rt_bg_image_repeat=&#8221;repeat&#8221; rt_bg_size=&#8221;cover&#8221; rt_bg_position=&#8221;right top&#8221; rt_bg_attachment=&#8221;scroll&#8221; rt_bg_video_format=&#8221;self-hosted&#8221;][vc_column rt_col_paddings=&#8221;true&#8221; rt_wrp_col_paddings=&#8221;false&#8221; rt_column_shadow=&#8221;&#8221; rt_border_top=&#8221;&#8221; rt_border_bottom=&#8221;&#8221; rt_border_left=&#8221;&#8221; rt_border_right=&#8221;&#8221; rt_border_top_mobile=&#8221;&#8221; rt_border_bottom_mobile=&#8221;&#8221; rt_border_left_mobile=&#8221;&#8221; rt_border_right_mobile=&#8221;&#8221; rt_bg_image_repeat=&#8221;repeat&#8221; rt_bg_size=&#8221;auto auto&#8221; rt_bg_position=&#8221;right top&#8221; rt_bg_attachment=&#8221;scroll&#8221;][vc_column_text]<\/p>\n<h2 style=\"text-align: center;\"><strong>41 Kat\u0131l\u0131mc\u0131<\/strong><\/h2>\n<p>[\/vc_column_text][vc_column_text]<\/p>\n<table width=\"100%\">\n<tbody>\n<tr>\n<td align=\"center\" valign=\"bottom\" nowrap=\"nowrap\" width=\"5%\"><strong>SAYI<\/strong><\/td>\n<td align=\"center\" valign=\"bottom\" nowrap=\"nowrap\" width=\"25%\"><strong>TEKNE ADI<\/strong><\/td>\n<td align=\"center\" valign=\"bottom\" nowrap=\"nowrap\" width=\"15%\"><strong>SINIFI<\/strong><\/td>\n<td align=\"center\" valign=\"bottom\" nowrap=\"nowrap\" width=\"15%\"><strong>IRC RATING<\/strong><\/td>\n<td align=\"center\" valign=\"bottom\" nowrap=\"nowrap\" width=\"15%\"><strong>BALON<\/strong><\/td>\n<td align=\"center\" valign=\"bottom\" nowrap=\"nowrap\" width=\"25%\"><strong>SORUMLU<\/strong><\/td>\n<\/tr>\n<tr>\n<td valign=\"bottom\" nowrap=\"nowrap\" width=\"5%\">\n<p align=\"center\">1<\/p>\n<\/td>\n<td valign=\"bottom\" nowrap=\"nowrap\" width=\"25%\">Arkas Comet A<\/td>\n<td align=\"center\" valign=\"bottom\" nowrap=\"nowrap\" width=\"15%\">IRC<\/td>\n<td align=\"center\" nowrap=\"nowrap\" width=\"15%\">\n<p align=\"center\">1,197<\/p>\n<\/td>\n<td align=\"center\" valign=\"bottom\" nowrap=\"nowrap\" width=\"15%\">Evet<\/td>\n<td valign=\"bottom\" nowrap=\"nowrap\" width=\"25%\">Bernard Arkas<\/td>\n<\/tr>\n<tr>\n<td valign=\"bottom\" nowrap=\"nowrap\">\n<p align=\"center\">2<\/p>\n<\/td>\n<td valign=\"bottom\" nowrap=\"nowrap\">Arnes<\/td>\n<td align=\"center\" valign=\"bottom\" nowrap=\"nowrap\">IRC<\/td>\n<td align=\"center\" nowrap=\"nowrap\">\n<p align=\"center\">1,041<\/p>\n<\/td>\n<td align=\"center\" valign=\"bottom\" nowrap=\"nowrap\">Evet<\/td>\n<td valign=\"bottom\" nowrap=\"nowrap\">Ali Pepeyi<\/td>\n<\/tr>\n<tr>\n<td valign=\"bottom\" nowrap=\"nowrap\">\n<p align=\"center\">3<\/p>\n<\/td>\n<td valign=\"bottom\" nowrap=\"nowrap\">Anya-BAL Spor<\/td>\n<td align=\"center\" valign=\"bottom\" nowrap=\"nowrap\">IRC<\/td>\n<td align=\"center\" nowrap=\"nowrap\">\n<p align=\"center\">0,950<\/p>\n<\/td>\n<td align=\"center\" valign=\"bottom\" nowrap=\"nowrap\">Evet<\/td>\n<td valign=\"bottom\" nowrap=\"nowrap\">Cihat Aytac<\/td>\n<\/tr>\n<tr>\n<td valign=\"bottom\" nowrap=\"nowrap\">\n<p align=\"center\">4<\/p>\n<\/td>\n<td valign=\"bottom\" nowrap=\"nowrap\">Boreas<\/td>\n<td align=\"center\" valign=\"bottom\" nowrap=\"nowrap\">IRC<\/td>\n<td align=\"center\" nowrap=\"nowrap\">\n<p align=\"center\">1,167<\/p>\n<\/td>\n<td align=\"center\" valign=\"bottom\" nowrap=\"nowrap\">Evet<\/td>\n<td valign=\"bottom\" nowrap=\"nowrap\">Mustafa \u00c7elebi<\/td>\n<\/tr>\n<tr>\n<td valign=\"bottom\" nowrap=\"nowrap\">\n<p align=\"center\">5<\/p>\n<\/td>\n<td valign=\"bottom\" nowrap=\"nowrap\">Cygnus Yunusmarin<\/td>\n<td align=\"center\" valign=\"bottom\" nowrap=\"nowrap\">IRC<\/td>\n<td align=\"center\" nowrap=\"nowrap\">\n<p align=\"center\">0,999<\/p>\n<\/td>\n<td align=\"center\" valign=\"bottom\" nowrap=\"nowrap\">Evet<\/td>\n<td valign=\"bottom\" nowrap=\"nowrap\">O\u011fuz Akif Sezer<\/td>\n<\/tr>\n<tr>\n<td valign=\"bottom\" nowrap=\"nowrap\">\n<p align=\"center\">6<\/p>\n<\/td>\n<td valign=\"bottom\" nowrap=\"nowrap\">Devrim<\/td>\n<td align=\"center\" valign=\"bottom\" nowrap=\"nowrap\">IRC<\/td>\n<td align=\"center\" nowrap=\"nowrap\">\n<p align=\"center\">\n<\/td>\n<td align=\"center\" valign=\"bottom\" nowrap=\"nowrap\">Hay\u0131r<\/td>\n<td valign=\"bottom\" nowrap=\"nowrap\">Bora Ergezgin<\/td>\n<\/tr>\n<tr>\n<td valign=\"bottom\" nowrap=\"nowrap\">\n<p align=\"center\">7<\/p>\n<\/td>\n<td valign=\"bottom\" nowrap=\"nowrap\">Goodday Sunshine<\/td>\n<td align=\"center\" valign=\"bottom\" nowrap=\"nowrap\">IRC<\/td>\n<td align=\"center\" nowrap=\"nowrap\">\n<p align=\"center\">0,977<\/p>\n<\/td>\n<td align=\"center\" valign=\"bottom\" nowrap=\"nowrap\">Evet<\/td>\n<td valign=\"bottom\" nowrap=\"nowrap\">Ahmet Yababa<\/td>\n<\/tr>\n<tr>\n<td valign=\"bottom\" nowrap=\"nowrap\">\n<p align=\"center\">8<\/p>\n<\/td>\n<td valign=\"bottom\" nowrap=\"nowrap\">Fagotto<\/td>\n<td align=\"center\" valign=\"bottom\" nowrap=\"nowrap\">IRC<\/td>\n<td align=\"center\" nowrap=\"nowrap\">1,014<\/td>\n<td align=\"center\" valign=\"bottom\" nowrap=\"nowrap\">Evet<\/td>\n<td valign=\"bottom\" nowrap=\"nowrap\">U\u011fur Kayran<\/td>\n<\/tr>\n<tr>\n<td valign=\"bottom\" nowrap=\"nowrap\">\n<p align=\"center\">9<\/p>\n<\/td>\n<td valign=\"bottom\" nowrap=\"nowrap\">Joy Lemon<\/td>\n<td align=\"center\" valign=\"bottom\" nowrap=\"nowrap\">IRC<\/td>\n<td align=\"center\" nowrap=\"nowrap\">1,024<\/td>\n<td align=\"center\" valign=\"bottom\" nowrap=\"nowrap\">Evet<\/td>\n<td valign=\"bottom\" nowrap=\"nowrap\">Aylin Pala<\/td>\n<\/tr>\n<tr>\n<td valign=\"bottom\" nowrap=\"nowrap\" width=\"5%\">\n<p align=\"center\">10<\/p>\n<\/td>\n<td valign=\"bottom\" nowrap=\"nowrap\">Kairos Bal<\/td>\n<td align=\"center\" valign=\"bottom\" nowrap=\"nowrap\">IRC<\/td>\n<td align=\"center\" nowrap=\"nowrap\">\n<p align=\"center\">0,972<\/p>\n<\/td>\n<td align=\"center\" valign=\"bottom\" nowrap=\"nowrap\">Evet<\/td>\n<td valign=\"bottom\" nowrap=\"nowrap\">Mehmet Nardal\u0131<\/td>\n<\/tr>\n<tr>\n<td valign=\"bottom\" nowrap=\"nowrap\">\n<p align=\"center\">11<\/p>\n<\/td>\n<td valign=\"bottom\" nowrap=\"nowrap\">K\u0131rm\u0131z\u01311<\/td>\n<td align=\"center\" valign=\"bottom\" nowrap=\"nowrap\">IRC<\/td>\n<td align=\"center\" nowrap=\"nowrap\">\n<p align=\"center\">1,029<\/p>\n<\/td>\n<td align=\"center\" valign=\"bottom\" nowrap=\"nowrap\">Evet<\/td>\n<td valign=\"bottom\" nowrap=\"nowrap\">Ogeday Sunay<\/td>\n<\/tr>\n<tr>\n<td valign=\"bottom\" nowrap=\"nowrap\">\n<p align=\"center\">12<\/p>\n<\/td>\n<td valign=\"bottom\" nowrap=\"nowrap\">Ladies First<\/td>\n<td align=\"center\" valign=\"bottom\" nowrap=\"nowrap\">IRC<\/td>\n<td align=\"center\" nowrap=\"nowrap\">\n<p align=\"center\">1,042<\/p>\n<\/td>\n<td align=\"center\" valign=\"bottom\" nowrap=\"nowrap\">Evet<\/td>\n<td valign=\"bottom\" nowrap=\"nowrap\">Canan Aydemir<\/td>\n<\/tr>\n<tr>\n<td valign=\"bottom\" nowrap=\"nowrap\">\n<p align=\"center\">13<\/p>\n<\/td>\n<td valign=\"bottom\" nowrap=\"nowrap\">Lady Sun<\/td>\n<td align=\"center\" valign=\"bottom\" nowrap=\"nowrap\">IRC<\/td>\n<td align=\"center\" nowrap=\"nowrap\">\n<p align=\"center\">1,035<\/p>\n<\/td>\n<td align=\"center\" valign=\"bottom\" nowrap=\"nowrap\">Evet<\/td>\n<td valign=\"bottom\" nowrap=\"nowrap\">Serdar Lale<\/td>\n<\/tr>\n<tr>\n<td valign=\"bottom\" nowrap=\"nowrap\">\n<p align=\"center\">14<\/p>\n<\/td>\n<td valign=\"bottom\" nowrap=\"nowrap\">Lemon<\/td>\n<td align=\"center\" valign=\"bottom\" nowrap=\"nowrap\">IRC<\/td>\n<td align=\"center\" nowrap=\"nowrap\">\n<p align=\"center\">1,125<\/p>\n<\/td>\n<td align=\"center\" valign=\"bottom\" nowrap=\"nowrap\">Evet<\/td>\n<td valign=\"bottom\" nowrap=\"nowrap\">Mustafa Anbarc\u0131<\/td>\n<\/tr>\n<tr>\n<td valign=\"bottom\" nowrap=\"nowrap\">\n<p align=\"center\">15<\/p>\n<\/td>\n<td valign=\"bottom\" nowrap=\"nowrap\">Mare<\/td>\n<td align=\"center\" valign=\"bottom\" nowrap=\"nowrap\">IRC<\/td>\n<td align=\"center\" nowrap=\"nowrap\">\n<p align=\"center\">0,998<\/p>\n<\/td>\n<td align=\"center\" valign=\"bottom\" nowrap=\"nowrap\">Evet<\/td>\n<td valign=\"bottom\" nowrap=\"nowrap\">Merih Erkal<\/td>\n<\/tr>\n<tr>\n<td valign=\"bottom\" nowrap=\"nowrap\">\n<p align=\"center\">16<\/p>\n<\/td>\n<td valign=\"bottom\" nowrap=\"nowrap\">Meltemi<\/td>\n<td align=\"center\" valign=\"bottom\" nowrap=\"nowrap\">IRC<\/td>\n<td align=\"center\" nowrap=\"nowrap\">\n<p align=\"center\">1,050<\/p>\n<\/td>\n<td align=\"center\" valign=\"bottom\" nowrap=\"nowrap\">Evet<\/td>\n<td valign=\"bottom\" nowrap=\"nowrap\">Fahri Kartal<\/td>\n<\/tr>\n<tr>\n<td valign=\"bottom\" nowrap=\"nowrap\">\n<p align=\"center\">17<\/p>\n<\/td>\n<td valign=\"bottom\" nowrap=\"nowrap\">Mercer-Blue Miles<\/td>\n<td align=\"center\" valign=\"bottom\" nowrap=\"nowrap\">IRC<\/td>\n<td align=\"center\" nowrap=\"nowrap\">\n<p align=\"center\">0,999<\/p>\n<\/td>\n<td align=\"center\" valign=\"bottom\" nowrap=\"nowrap\">Evet<\/td>\n<td valign=\"bottom\" nowrap=\"nowrap\">Hasan Erg\u00fcn Nalbanto\u011flu<\/td>\n<\/tr>\n<tr>\n<td valign=\"bottom\" nowrap=\"nowrap\">\n<p align=\"center\">18<\/p>\n<\/td>\n<td valign=\"bottom\" nowrap=\"nowrap\">Mersin Yelken Akademisi<\/td>\n<td align=\"center\" valign=\"bottom\" nowrap=\"nowrap\">IRC<\/td>\n<td align=\"center\" nowrap=\"nowrap\">\n<p align=\"center\">1,126<\/p>\n<\/td>\n<td align=\"center\" valign=\"bottom\" nowrap=\"nowrap\">Evet<\/td>\n<td valign=\"bottom\" nowrap=\"nowrap\">Oytun \u00c7al\u0131\u015flar<\/td>\n<\/tr>\n<tr>\n<td valign=\"bottom\" nowrap=\"nowrap\">\n<p align=\"center\">19<\/p>\n<\/td>\n<td valign=\"bottom\" nowrap=\"nowrap\">Nemo<\/td>\n<td align=\"center\" valign=\"bottom\" nowrap=\"nowrap\">IRC<\/td>\n<td align=\"center\" nowrap=\"nowrap\">\n<p align=\"center\">1,027<\/p>\n<\/td>\n<td align=\"center\" valign=\"bottom\" nowrap=\"nowrap\">Hay\u0131r<\/td>\n<td valign=\"bottom\" nowrap=\"nowrap\">B\u00fclent Yemi\u015f\u00e7i<\/td>\n<\/tr>\n<tr>\n<td valign=\"bottom\" nowrap=\"nowrap\">\n<p align=\"center\">20<\/p>\n<\/td>\n<td valign=\"bottom\" nowrap=\"nowrap\">Orchestra<\/td>\n<td align=\"center\" valign=\"bottom\" nowrap=\"nowrap\">IRC<\/td>\n<td align=\"center\" nowrap=\"nowrap\">\n<p align=\"center\">1,040<\/p>\n<\/td>\n<td align=\"center\" valign=\"bottom\" nowrap=\"nowrap\">Evet<\/td>\n<td valign=\"bottom\" nowrap=\"nowrap\">Altan Yalaz<\/td>\n<\/tr>\n<tr>\n<td valign=\"bottom\" nowrap=\"nowrap\">\n<p align=\"center\">21<\/p>\n<\/td>\n<td valign=\"bottom\" nowrap=\"nowrap\">Perlewhite<\/td>\n<td align=\"center\" valign=\"bottom\" nowrap=\"nowrap\">IRC<\/td>\n<td align=\"center\" nowrap=\"nowrap\">\n<p align=\"center\">1,117<\/p>\n<\/td>\n<td align=\"center\" valign=\"bottom\" nowrap=\"nowrap\">Evet<\/td>\n<td valign=\"bottom\" nowrap=\"nowrap\">Erkan Bilsev<\/td>\n<\/tr>\n<tr>\n<td valign=\"bottom\" nowrap=\"nowrap\">\n<p align=\"center\">22<\/p>\n<\/td>\n<td valign=\"bottom\" nowrap=\"nowrap\">Quartet<\/td>\n<td align=\"center\" valign=\"bottom\" nowrap=\"nowrap\">IRC<\/td>\n<td align=\"center\" nowrap=\"nowrap\">\n<p align=\"center\">0,977<\/p>\n<\/td>\n<td align=\"center\" valign=\"bottom\" nowrap=\"nowrap\">Evet<\/td>\n<td valign=\"bottom\" nowrap=\"nowrap\">Can Murat U\u011furcan<\/td>\n<\/tr>\n<tr>\n<td valign=\"bottom\" nowrap=\"nowrap\">\n<p align=\"center\">23<\/p>\n<\/td>\n<td valign=\"bottom\" nowrap=\"nowrap\">Rak\u0131<\/td>\n<td align=\"center\" valign=\"bottom\" nowrap=\"nowrap\">IRC<\/td>\n<td align=\"center\" nowrap=\"nowrap\">\n<p align=\"center\">0,945<\/p>\n<\/td>\n<td align=\"center\" valign=\"bottom\" nowrap=\"nowrap\">Evet<\/td>\n<td valign=\"bottom\" nowrap=\"nowrap\">Haydar Erdo\u011fan<\/td>\n<\/tr>\n<tr>\n<td valign=\"bottom\" nowrap=\"nowrap\">\n<p align=\"center\">24<\/p>\n<\/td>\n<td valign=\"bottom\" nowrap=\"nowrap\">Rengareng<\/td>\n<td align=\"center\" valign=\"bottom\" nowrap=\"nowrap\">IRC<\/td>\n<td align=\"center\" nowrap=\"nowrap\">\n<p align=\"center\">0,967<\/p>\n<\/td>\n<td align=\"center\" valign=\"bottom\" nowrap=\"nowrap\">Evet<\/td>\n<td valign=\"bottom\" nowrap=\"nowrap\">Onur Canl\u0131<\/td>\n<\/tr>\n<tr>\n<td valign=\"bottom\" nowrap=\"nowrap\">\n<p align=\"center\">25<\/p>\n<\/td>\n<td valign=\"bottom\" nowrap=\"nowrap\">Shakara<\/td>\n<td align=\"center\" valign=\"bottom\" nowrap=\"nowrap\">IRC<\/td>\n<td align=\"center\" nowrap=\"nowrap\">\n<p align=\"center\">1,022<\/p>\n<\/td>\n<td align=\"center\" valign=\"bottom\" nowrap=\"nowrap\">Evet<\/td>\n<td valign=\"bottom\" nowrap=\"nowrap\">Ate\u015f Okta<\/td>\n<\/tr>\n<tr>\n<td valign=\"bottom\" nowrap=\"nowrap\">\n<p align=\"center\">26<\/p>\n<\/td>\n<td valign=\"bottom\" nowrap=\"nowrap\">Solsting<\/td>\n<td align=\"center\" valign=\"bottom\" nowrap=\"nowrap\">IRC<\/td>\n<td align=\"center\" nowrap=\"nowrap\">\n<p align=\"center\">0,986<\/p>\n<\/td>\n<td align=\"center\" valign=\"bottom\" nowrap=\"nowrap\">Evet<\/td>\n<td valign=\"bottom\" nowrap=\"nowrap\">Stanislav Pechenkin<\/td>\n<\/tr>\n<tr>\n<td valign=\"bottom\" nowrap=\"nowrap\">\n<p align=\"center\">27<\/p>\n<\/td>\n<td valign=\"bottom\" nowrap=\"nowrap\">Uyan Sailing School<\/td>\n<td align=\"center\" valign=\"bottom\" nowrap=\"nowrap\">IRC<\/td>\n<td align=\"center\" nowrap=\"nowrap\">\n<p align=\"center\">1,011<\/p>\n<\/td>\n<td align=\"center\" valign=\"bottom\" nowrap=\"nowrap\">Evet<\/td>\n<td valign=\"bottom\" nowrap=\"nowrap\">Erhan Uyan<\/td>\n<\/tr>\n<tr>\n<td valign=\"bottom\" nowrap=\"nowrap\">\n<p align=\"center\">28<\/p>\n<\/td>\n<td valign=\"bottom\" nowrap=\"nowrap\">Team Spirit<\/td>\n<td align=\"center\" valign=\"bottom\" nowrap=\"nowrap\">IRC<\/td>\n<td align=\"center\" nowrap=\"nowrap\">\n<p align=\"center\">1,196<\/p>\n<\/td>\n<td align=\"center\" valign=\"bottom\" nowrap=\"nowrap\">Evet<\/td>\n<td valign=\"bottom\" nowrap=\"nowrap\">Haluk Buzluk<\/td>\n<\/tr>\n<tr>\n<td valign=\"bottom\" nowrap=\"nowrap\">\n<p align=\"center\">29<\/p>\n<\/td>\n<td valign=\"bottom\" nowrap=\"nowrap\">Trinity<\/td>\n<td align=\"center\" valign=\"bottom\" nowrap=\"nowrap\">IRC<\/td>\n<td align=\"center\" nowrap=\"nowrap\">\n<p align=\"center\">0,963<\/p>\n<\/td>\n<td align=\"center\" valign=\"bottom\" nowrap=\"nowrap\">Evet<\/td>\n<td valign=\"bottom\" nowrap=\"nowrap\">Mehmet Altan \u0130briko\u011flu<\/td>\n<\/tr>\n<tr>\n<td valign=\"bottom\" nowrap=\"nowrap\">\n<p align=\"center\">30<\/p>\n<\/td>\n<td valign=\"bottom\" nowrap=\"nowrap\">Windrider &#8211; Gumbel Enerji<\/td>\n<td align=\"center\" valign=\"bottom\" nowrap=\"nowrap\">IRC<\/td>\n<td align=\"center\" nowrap=\"nowrap\">\n<p align=\"center\">1,074<\/p>\n<\/td>\n<td align=\"center\" valign=\"bottom\" nowrap=\"nowrap\">Evet<\/td>\n<td valign=\"bottom\" nowrap=\"nowrap\">Erol Algul<\/td>\n<\/tr>\n<tr>\n<td valign=\"bottom\" nowrap=\"nowrap\">\n<p align=\"center\">31<\/p>\n<\/td>\n<td valign=\"bottom\" nowrap=\"nowrap\">Yedi\u00e7eriler<\/td>\n<td align=\"center\" valign=\"bottom\" nowrap=\"nowrap\">IRC<\/td>\n<td align=\"center\" nowrap=\"nowrap\">\n<p align=\"center\">0,982<\/p>\n<\/td>\n<td align=\"center\" valign=\"bottom\" nowrap=\"nowrap\">Evet<\/td>\n<td valign=\"bottom\" nowrap=\"nowrap\">Feyyaz \u00dcnal<\/td>\n<\/tr>\n<tr>\n<td valign=\"bottom\" nowrap=\"nowrap\">\n<p align=\"center\">32<\/p>\n<\/td>\n<td valign=\"bottom\" nowrap=\"nowrap\">Aruna<\/td>\n<td align=\"center\" valign=\"bottom\" nowrap=\"nowrap\">Destek<\/td>\n<td align=\"center\" nowrap=\"nowrap\"><\/td>\n<td align=\"center\" valign=\"bottom\" nowrap=\"nowrap\">Evet<\/td>\n<td valign=\"bottom\" nowrap=\"nowrap\">Yal\u0131m \u0130\u015fleyici<\/td>\n<\/tr>\n<tr>\n<td valign=\"bottom\" nowrap=\"nowrap\">\n<p align=\"center\">33<\/p>\n<\/td>\n<td valign=\"bottom\" nowrap=\"nowrap\" width=\"25%\">Aurora<\/td>\n<td align=\"center\" valign=\"bottom\" nowrap=\"nowrap\" width=\"15%\">Destek<\/td>\n<td align=\"center\" nowrap=\"nowrap\" width=\"15%\"><\/td>\n<td align=\"center\" valign=\"bottom\" nowrap=\"nowrap\" width=\"15%\">Evet<\/td>\n<td valign=\"bottom\" nowrap=\"nowrap\" width=\"25%\">Herman Van Lierde<\/td>\n<\/tr>\n<tr>\n<td valign=\"bottom\" nowrap=\"nowrap\">\n<p align=\"center\">34<\/p>\n<\/td>\n<td valign=\"bottom\" nowrap=\"nowrap\">Elisa<\/td>\n<td align=\"center\" valign=\"bottom\" nowrap=\"nowrap\">Destek<\/td>\n<td align=\"center\" nowrap=\"nowrap\"><\/td>\n<td align=\"center\" valign=\"bottom\" nowrap=\"nowrap\">Evet<\/td>\n<td valign=\"bottom\" nowrap=\"nowrap\">Erhan Abay<\/td>\n<\/tr>\n<tr>\n<td valign=\"bottom\" nowrap=\"nowrap\">\n<p align=\"center\">35<\/p>\n<\/td>\n<td valign=\"bottom\" nowrap=\"nowrap\">Fun Lemon<\/td>\n<td align=\"center\" valign=\"bottom\" nowrap=\"nowrap\">Destek<\/td>\n<td align=\"center\" nowrap=\"nowrap\"><\/td>\n<td align=\"center\" valign=\"bottom\" nowrap=\"nowrap\">Evet<\/td>\n<td valign=\"bottom\" nowrap=\"nowrap\">Fikret Oral<\/td>\n<\/tr>\n<tr>\n<td valign=\"bottom\" nowrap=\"nowrap\">\n<p align=\"center\">36<\/p>\n<\/td>\n<td valign=\"bottom\" nowrap=\"nowrap\">Happy Lemon<\/td>\n<td align=\"center\" valign=\"bottom\" nowrap=\"nowrap\">Destek<\/td>\n<td align=\"center\" nowrap=\"nowrap\"><\/td>\n<td align=\"center\" valign=\"bottom\" nowrap=\"nowrap\">Evet<\/td>\n<td valign=\"bottom\" nowrap=\"nowrap\">Cem Aygencer<\/td>\n<\/tr>\n<tr>\n<td valign=\"bottom\" nowrap=\"nowrap\">\n<p align=\"center\">37<\/p>\n<\/td>\n<td valign=\"bottom\" nowrap=\"nowrap\">Izmir Shipyard Lina<\/td>\n<td align=\"center\" valign=\"bottom\" nowrap=\"nowrap\">Destek<\/td>\n<td align=\"center\" nowrap=\"nowrap\"><\/td>\n<td align=\"center\" valign=\"bottom\" nowrap=\"nowrap\">Hay\u0131r<\/td>\n<td valign=\"bottom\" nowrap=\"nowrap\">\u00d6zg\u00fcr \u0130nam<\/td>\n<\/tr>\n<tr>\n<td valign=\"bottom\" nowrap=\"nowrap\">\n<p align=\"center\">38<\/p>\n<\/td>\n<td valign=\"bottom\" nowrap=\"nowrap\">K\u0131van\u00e7<\/td>\n<td align=\"center\" valign=\"bottom\" nowrap=\"nowrap\">Destek<\/td>\n<td align=\"center\" nowrap=\"nowrap\"><\/td>\n<td align=\"center\" valign=\"bottom\" nowrap=\"nowrap\">Hay\u0131r<\/td>\n<td valign=\"bottom\" nowrap=\"nowrap\">Semih Berbero\u011flu<\/td>\n<\/tr>\n<tr>\n<td valign=\"bottom\" nowrap=\"nowrap\">\n<p align=\"center\">39<\/p>\n<\/td>\n<td valign=\"bottom\" nowrap=\"nowrap\">Pearl M<\/td>\n<td align=\"center\" valign=\"bottom\" nowrap=\"nowrap\">Destek<\/td>\n<td align=\"center\" nowrap=\"nowrap\"><\/td>\n<td align=\"center\" valign=\"bottom\" nowrap=\"nowrap\">Evet<\/td>\n<td valign=\"bottom\" nowrap=\"nowrap\">Tolga Tun\u00e7er<\/td>\n<\/tr>\n<tr>\n<td valign=\"bottom\" nowrap=\"nowrap\">\n<p align=\"center\">40<\/p>\n<\/td>\n<td valign=\"bottom\" nowrap=\"nowrap\">Prenses-D<\/td>\n<td align=\"center\" valign=\"bottom\" nowrap=\"nowrap\">Destek<\/td>\n<td align=\"center\" nowrap=\"nowrap\"><\/td>\n<td align=\"center\" valign=\"bottom\" nowrap=\"nowrap\">Hay\u0131r<\/td>\n<td valign=\"bottom\" nowrap=\"nowrap\">Nevzat K\u0131yak<\/td>\n<\/tr>\n<tr>\n<td valign=\"bottom\" nowrap=\"nowrap\">\n<p align=\"center\">41<\/p>\n<\/td>\n<td valign=\"bottom\" nowrap=\"nowrap\">She<\/td>\n<td align=\"center\" valign=\"bottom\" nowrap=\"nowrap\">Destek<\/td>\n<td align=\"center\" nowrap=\"nowrap\"><\/td>\n<td align=\"center\" valign=\"bottom\" nowrap=\"nowrap\">Evet<\/td>\n<td valign=\"bottom\" nowrap=\"nowrap\">H. Murat T\u00fcrkeli<\/td>\n<\/tr>\n<\/tbody>\n<\/table>\n<p>[\/vc_column_text][\/vc_column][\/vc_row]<\/p>\n","protected":false},"excerpt":{"rendered":"<p>[vc_row rt_row_background_width=&#8221;fullwidth&#8221; rt_row_content_width=&#8221;fullwidth&#8221; rt_row_style=&#8221;default-style&#8221; rt_row_height=&#8221;&#8221; rt_row_borders=&#8221;&#8221; rt_row_shadows=&#8221;&#8221; rt_column_gaps=&#8221;&#8221; rt_row_paddings=&#8221;true&#8221; rt_bg_effect=&#8221;classic&#8221; rt_transparent_bg=&#8221;&#8221; rt_bg_image_repeat=&#8221;repeat&#8221; rt_bg_size=&#8221;cover&#8221; rt_bg_position=&#8221;right top&#8221; rt_bg_attachment=&#8221;scroll&#8221; rt_bg_video_format=&#8221;self-hosted&#8221;][vc_column rt_col_paddings=&#8221;true&#8221; rt_wrp_col_paddings=&#8221;false&#8221; rt_column_shadow=&#8221;&#8221; rt_border_top=&#8221;&#8221; rt_border_bottom=&#8221;&#8221; rt_border_left=&#8221;&#8221; rt_border_right=&#8221;&#8221; rt_border_top_mobile=&#8221;&#8221; rt_border_bottom_mobile=&#8221;&#8221; rt_border_left_mobile=&#8221;&#8221; rt_border_right_mobile=&#8221;&#8221; rt_bg_image_repeat=&#8221;repeat&#8221; rt_bg_size=&#8221;auto auto&#8221; rt_bg_position=&#8221;right top&#8221; rt_bg_attachment=&#8221;scroll&#8221;][vc_column_text] 41 Kat\u0131l\u0131mc\u0131 [\/vc_column_text][vc_column_text] SAYI TEKNE ADI SINIFI IRC RATING BALON SORUMLU 1 Arkas Comet A IRC 1,197 Evet Bernard Arkas 2 &#8230; <a class=\"more-link\" href=\"https:\/\/arkasaegeanlinkregatta.com\/en\/2020-participant-list\/\">Devam\u0131n\u0131 Oku<\/a><\/p>\n","protected":false},"author":1,"featured_media":0,"parent":0,"menu_order":0,"comment_status":"closed","ping_status":"closed","template":"","meta":{"footnotes":""},"class_list":["post-5696","page","type-page","status-publish","hentry"],"_links":{"self":[{"href":"https:\/\/arkasaegeanlinkregatta.com\/en\/wp-json\/wp\/v2\/pages\/5696","targetHints":{"allow":["GET"]}}],"collection":[{"href":"https:\/\/arkasaegeanlinkregatta.com\/en\/wp-json\/wp\/v2\/pages"}],"about":[{"href":"https:\/\/arkasaegeanlinkregatta.com\/en\/wp-json\/wp\/v2\/types\/page"}],"author":[{"embeddable":true,"href":"https:\/\/arkasaegeanlinkregatta.com\/en\/wp-json\/wp\/v2\/users\/1"}],"replies":[{"embeddable":true,"href":"https:\/\/arkasaegeanlinkregatta.com\/en\/wp-json\/wp\/v2\/comments?post=5696"}],"version-history":[{"count":21,"href":"https:\/\/arkasaegeanlinkregatta.com\/en\/wp-json\/wp\/v2\/pages\/5696\/revisions"}],"predecessor-version":[{"id":6351,"href":"https:\/\/arkasaegeanlinkregatta.com\/en\/wp-json\/wp\/v2\/pages\/5696\/revisions\/6351"}],"wp:attachment":[{"href":"https:\/\/arkasaegeanlinkregatta.com\/en\/wp-json\/wp\/v2\/media?parent=5696"}],"curies":[{"name":"wp","href":"https:\/\/api.w.org\/{rel}","templated":true}]}}