{"id":5938,"date":"2021-08-16T17:18:37","date_gmt":"2021-08-16T14:18:37","guid":{"rendered":"http:\/\/arkasaegeanlinkregatta.com\/?page_id=5938"},"modified":"2023-05-10T10:00:30","modified_gmt":"2023-05-10T07:00:30","slug":"2021-participant-list","status":"publish","type":"page","link":"https:\/\/arkasaegeanlinkregatta.com\/en\/2021-participant-list\/","title":{"rendered":"2021 Participant List"},"content":{"rendered":"<p>[vc_row rt_row_background_width=&#8221;fullwidth&#8221; rt_row_content_width=&#8221;fullwidth&#8221; rt_row_style=&#8221;default-style&#8221; rt_row_height=&#8221;&#8221; rt_row_borders=&#8221;&#8221; rt_row_shadows=&#8221;&#8221; rt_column_gaps=&#8221;&#8221; rt_row_paddings=&#8221;true&#8221; rt_bg_effect=&#8221;classic&#8221; rt_transparent_bg=&#8221;&#8221; rt_bg_image_repeat=&#8221;repeat&#8221; rt_bg_size=&#8221;cover&#8221; rt_bg_position=&#8221;right top&#8221; rt_bg_attachment=&#8221;scroll&#8221; rt_bg_video_format=&#8221;self-hosted&#8221;][vc_column rt_col_paddings=&#8221;true&#8221; rt_wrp_col_paddings=&#8221;false&#8221; rt_column_shadow=&#8221;&#8221; rt_border_top=&#8221;&#8221; rt_border_bottom=&#8221;&#8221; rt_border_left=&#8221;&#8221; rt_border_right=&#8221;&#8221; rt_border_top_mobile=&#8221;&#8221; rt_border_bottom_mobile=&#8221;&#8221; rt_border_left_mobile=&#8221;&#8221; rt_border_right_mobile=&#8221;&#8221; rt_bg_image_repeat=&#8221;repeat&#8221; rt_bg_size=&#8221;auto auto&#8221; rt_bg_position=&#8221;right top&#8221; rt_bg_attachment=&#8221;scroll&#8221;][vc_column_text]<\/p>\n<h2 style=\"text-align: center;\"><strong>44 Participant<\/strong><\/h2>\n<p>[\/vc_column_text][vc_column_text]<\/p>\n<table border=\"0\" width=\"100%\" cellspacing=\"0\" cellpadding=\"0\">\n<colgroup>\n<col style=\"text-align: center;\" \/>\n<col style=\"text-align: center;\" \/>\n<col style=\"text-align: center;\" \/>\n<col style=\"text-align: center;\" \/>\n<col style=\"text-align: center;\" \/>\n<col style=\"text-align: center;\" \/> <\/colgroup>\n<tbody>\n<tr>\n<td style=\"height: 23px; width: 64px; text-align: center;\" height=\"23\"><strong>SAYI<\/strong><\/td>\n<td style=\"width: 255px; text-align: center;\"><strong>TEKNE ADI<\/strong><\/td>\n<td style=\"width: 83px; text-align: center;\"><strong>SINIFI<\/strong><\/td>\n<td style=\"width: 167px; text-align: center;\"><strong>IRC RATING<\/strong><\/td>\n<td style=\"width: 99px; text-align: center;\"><strong>BALON<\/strong><\/td>\n<td style=\"width: 256px; text-align: center;\"><strong>SORUMLU<\/strong><\/td>\n<\/tr>\n<tr>\n<td style=\"height: 24px; width: 64px; text-align: center;\" height=\"24\">1<\/td>\n<td style=\"width: 255px; text-align: center;\">27<\/td>\n<td style=\"width: 83px; text-align: center;\">IRC<\/td>\n<td style=\"width: 167px; text-align: center;\">1,062<\/td>\n<td style=\"width: 99px; text-align: center;\">Evet<\/td>\n<td style=\"width: 256px; text-align: center;\">Teoman K\u0131l\u0131\u00e7<\/td>\n<\/tr>\n<tr>\n<td style=\"height: 24px; width: 64px; text-align: center;\" height=\"24\">2<\/td>\n<td style=\"width: 255px; text-align: center;\">Across The Universe<\/td>\n<td style=\"width: 83px; text-align: center;\">IRC<\/td>\n<td style=\"width: 167px; text-align: center;\">0,863<\/td>\n<td style=\"width: 99px; text-align: center;\">Hay\u0131r<\/td>\n<td style=\"width: 256px; text-align: center;\">Murat Y\u00fccel<\/td>\n<\/tr>\n<tr>\n<td style=\"height: 24px; width: 64px; text-align: center;\" height=\"24\">3<\/td>\n<td style=\"width: 255px; text-align: center;\">Arnes<\/td>\n<td style=\"width: 83px; text-align: center;\">IRC<\/td>\n<td style=\"width: 167px; text-align: center;\">1,041<\/td>\n<td style=\"width: 99px; text-align: center;\">Evet<\/td>\n<td style=\"width: 256px; text-align: center;\">Ali Pepeyi<\/td>\n<\/tr>\n<tr>\n<td style=\"height: 24px; width: 64px; text-align: center;\" height=\"24\">4<\/td>\n<td style=\"width: 255px; text-align: center;\">Bear<\/td>\n<td style=\"width: 83px; text-align: center;\">IRC<\/td>\n<td style=\"width: 167px; text-align: center;\">1,022<\/td>\n<td style=\"width: 99px; text-align: center;\">Hay\u0131r<\/td>\n<td style=\"width: 256px; text-align: center;\">Ender Tan<\/td>\n<\/tr>\n<tr>\n<td style=\"height: 24px; width: 64px; text-align: center;\" height=\"24\">5<\/td>\n<td style=\"width: 255px; text-align: center;\">Comet A<\/td>\n<td style=\"width: 83px; text-align: center;\">IRC<\/td>\n<td style=\"width: 167px; text-align: center;\">1,196<\/td>\n<td style=\"width: 99px; text-align: center;\">Evet<\/td>\n<td style=\"width: 256px; text-align: center;\">Bernard Arkas<\/td>\n<\/tr>\n<tr>\n<td style=\"height: 24px; width: 64px; text-align: center;\" height=\"24\">6<\/td>\n<td style=\"width: 255px; text-align: center;\">Corendon Cheese<\/td>\n<td style=\"width: 83px; text-align: center;\">IRC<\/td>\n<td style=\"width: 167px; text-align: center;\">1,024<\/td>\n<td style=\"width: 99px; text-align: center;\">Evet<\/td>\n<td style=\"width: 256px; text-align: center;\">G\u00fcney Kaptan<\/td>\n<\/tr>\n<tr>\n<td style=\"height: 24px; width: 64px; text-align: center;\" height=\"24\">7<\/td>\n<td style=\"width: 255px; text-align: center;\">Cygnus<\/td>\n<td style=\"width: 83px; text-align: center;\">IRC<\/td>\n<td style=\"width: 167px; text-align: center;\">0,998<\/td>\n<td style=\"width: 99px; text-align: center;\">Evet<\/td>\n<td style=\"width: 256px; text-align: center;\">Kaan Parlas<\/td>\n<\/tr>\n<tr>\n<td style=\"height: 24px; width: 64px; text-align: center;\" height=\"24\">8<\/td>\n<td style=\"width: 255px; text-align: center;\">Dawn \u00c7e\u015fme Marina<\/td>\n<td style=\"width: 83px; text-align: center;\">IRC<\/td>\n<td style=\"width: 167px; text-align: center;\">0,999<\/td>\n<td style=\"width: 99px; text-align: center;\">Evet<\/td>\n<td style=\"width: 256px; text-align: center;\">G\u00fcven \u0130ltir<\/td>\n<\/tr>\n<tr>\n<td style=\"height: 24px; width: 64px; text-align: center;\" height=\"24\">9<\/td>\n<td style=\"width: 255px; text-align: center;\">Eshquia &#8211; VMG Yelken<\/td>\n<td style=\"width: 83px; text-align: center;\">IRC<\/td>\n<td style=\"width: 167px; text-align: center;\">1,036<\/td>\n<td style=\"width: 99px; text-align: center;\">Evet<\/td>\n<td style=\"width: 256px; text-align: center;\">Haktan Ta\u015f<\/td>\n<\/tr>\n<tr>\n<td style=\"height: 24px; width: 64px; text-align: center;\" height=\"24\">10<\/td>\n<td style=\"width: 255px; text-align: center;\">Europen Yelken Tak\u0131m\u0131<\/td>\n<td style=\"width: 83px; text-align: center;\">IRC<\/td>\n<td style=\"width: 167px; text-align: center;\">1,124<\/td>\n<td style=\"width: 99px; text-align: center;\">Evet<\/td>\n<td style=\"width: 256px; text-align: center;\">Oytun \u00c7al\u0131\u015flar<\/td>\n<\/tr>\n<tr>\n<td style=\"height: 24px; width: 64px; text-align: center;\" height=\"24\">11<\/td>\n<td style=\"width: 255px; text-align: center;\">Fagotto<\/td>\n<td style=\"width: 83px; text-align: center;\">IRC<\/td>\n<td style=\"width: 167px; text-align: center;\">1,014<\/td>\n<td style=\"width: 99px; text-align: center;\">Evet<\/td>\n<td style=\"width: 256px; text-align: center;\">U\u011fur Kayran<\/td>\n<\/tr>\n<tr>\n<td style=\"height: 24px; width: 64px; text-align: center;\" height=\"24\">12<\/td>\n<td style=\"width: 255px; text-align: center;\">Farmer<\/td>\n<td style=\"width: 83px; text-align: center;\">IRC<\/td>\n<td style=\"width: 167px; text-align: center;\">0,912<\/td>\n<td style=\"width: 99px; text-align: center;\">Evet<\/td>\n<td style=\"width: 256px; text-align: center;\">Y\u0131lmaz\u00a0Celal \u0130\u015f\u00e7imenler<\/td>\n<\/tr>\n<tr>\n<td style=\"height: 24px; width: 64px; text-align: center;\" height=\"24\">13<\/td>\n<td style=\"width: 255px; text-align: center;\">Goodday Sunshine<\/td>\n<td style=\"width: 83px; text-align: center;\">IRC<\/td>\n<td style=\"width: 167px; text-align: center;\">0,977<\/td>\n<td style=\"width: 99px; text-align: center;\">Evet<\/td>\n<td style=\"width: 256px; text-align: center;\">Ahmet Yababa<\/td>\n<\/tr>\n<tr>\n<td style=\"height: 24px; width: 64px; text-align: center;\" height=\"24\">14<\/td>\n<td style=\"width: 255px; text-align: center;\">K\u0131rm\u0131z\u01311<\/td>\n<td style=\"width: 83px; text-align: center;\">IRC<\/td>\n<td style=\"width: 167px; text-align: center;\">1,029<\/td>\n<td style=\"width: 99px; text-align: center;\">Evet<\/td>\n<td style=\"width: 256px; text-align: center;\">Murat Taner<\/td>\n<\/tr>\n<tr>\n<td style=\"height: 24px; width: 64px; text-align: center;\" height=\"24\">15<\/td>\n<td style=\"width: 255px; text-align: center;\">Limon<\/td>\n<td style=\"width: 83px; text-align: center;\">IRC<\/td>\n<td style=\"width: 167px; text-align: center;\">1,114<\/td>\n<td style=\"width: 99px; text-align: center;\">Evet<\/td>\n<td style=\"width: 256px; text-align: center;\">Mustafa\u00a0Anbarc\u0131<\/td>\n<\/tr>\n<tr>\n<td style=\"height: 24px; width: 64px; text-align: center;\" height=\"24\">16<\/td>\n<td style=\"width: 255px; text-align: center;\">Joy Lemon<\/td>\n<td style=\"width: 83px; text-align: center;\">IRC<\/td>\n<td style=\"width: 167px; text-align: center;\">1,024<\/td>\n<td style=\"width: 99px; text-align: center;\">Evet<\/td>\n<td style=\"width: 256px; text-align: center;\">Peyvend \u00d6ks\u00fcz<\/td>\n<\/tr>\n<tr>\n<td style=\"height: 24px; width: 64px; text-align: center;\" height=\"24\">17<\/td>\n<td style=\"width: 255px; text-align: center;\">Mare<\/td>\n<td style=\"width: 83px; text-align: center;\">IRC<\/td>\n<td style=\"width: 167px; text-align: center;\">0,998<\/td>\n<td style=\"width: 99px; text-align: center;\">Evet<\/td>\n<td style=\"width: 256px; text-align: center;\">Merih Erkal<\/td>\n<\/tr>\n<tr>\n<td style=\"height: 24px; width: 64px; text-align: center;\" height=\"24\">18<\/td>\n<td style=\"width: 255px; text-align: center;\">Meltemi<\/td>\n<td style=\"width: 83px; text-align: center;\">IRC<\/td>\n<td style=\"width: 167px; text-align: center;\">1,050<\/td>\n<td style=\"width: 99px; text-align: center;\">Evet<\/td>\n<td style=\"width: 256px; text-align: center;\">Fahri Kartal<\/td>\n<\/tr>\n<tr>\n<td style=\"height: 24px; width: 64px; text-align: center;\" height=\"24\">19<\/td>\n<td style=\"width: 255px; text-align: center;\">Mercer-Blue Miles<\/td>\n<td style=\"width: 83px; text-align: center;\">IRC<\/td>\n<td style=\"width: 167px; text-align: center;\">0,999<\/td>\n<td style=\"width: 99px; text-align: center;\">Evet<\/td>\n<td style=\"width: 256px; text-align: center;\">Hakan \u00c7apraz<\/td>\n<\/tr>\n<tr>\n<td style=\"height: 24px; width: 64px; text-align: center;\" height=\"24\">20<\/td>\n<td style=\"width: 255px; text-align: center;\">Perlewhite<\/td>\n<td style=\"width: 83px; text-align: center;\">IRC<\/td>\n<td style=\"width: 167px; text-align: center;\">1,116<\/td>\n<td style=\"width: 99px; text-align: center;\">Evet<\/td>\n<td style=\"width: 256px; text-align: center;\">Erkan Bilsev<\/td>\n<\/tr>\n<tr>\n<td style=\"height: 24px; width: 64px; text-align: center;\" height=\"24\">21<\/td>\n<td style=\"width: 255px; text-align: center;\">Rengareng<\/td>\n<td style=\"width: 83px; text-align: center;\">IRC<\/td>\n<td style=\"width: 167px; text-align: center;\"><\/td>\n<td style=\"width: 99px; text-align: center;\">Evet<\/td>\n<td style=\"width: 256px; text-align: center;\">Onur Canl\u0131<\/td>\n<\/tr>\n<tr>\n<td style=\"height: 24px; width: 64px; text-align: center;\" height=\"24\">22<\/td>\n<td style=\"width: 255px; text-align: center;\">Shakara<\/td>\n<td style=\"width: 83px; text-align: center;\">IRC<\/td>\n<td style=\"width: 167px; text-align: center;\">1,022<\/td>\n<td style=\"width: 99px; text-align: center;\">Evet<\/td>\n<td style=\"width: 256px; text-align: center;\">Ate\u015f\u00a0Okta<\/td>\n<\/tr>\n<tr>\n<td style=\"height: 24px; width: 64px; text-align: center;\" height=\"24\">23<\/td>\n<td style=\"width: 255px; text-align: center;\">Quartet<\/td>\n<td style=\"width: 83px; text-align: center;\">IRC<\/td>\n<td style=\"width: 167px; text-align: center;\">0,977<\/td>\n<td style=\"width: 99px; text-align: center;\">Evet<\/td>\n<td style=\"width: 256px; text-align: center;\">Can\u00a0Murat U\u011furcan<\/td>\n<\/tr>\n<tr>\n<td style=\"height: 24px; width: 64px; text-align: center;\" height=\"24\">24<\/td>\n<td style=\"width: 255px; text-align: center;\">Team Linea Rossa<\/td>\n<td style=\"width: 83px; text-align: center;\">IRC<\/td>\n<td style=\"width: 167px; text-align: center;\">1,080<\/td>\n<td style=\"width: 99px; text-align: center;\">Evet<\/td>\n<td style=\"width: 256px; text-align: center;\">Onur Tok<\/td>\n<\/tr>\n<tr>\n<td style=\"height: 24px; width: 64px; text-align: center;\" height=\"24\">25<\/td>\n<td style=\"width: 255px; text-align: center;\">Team Spirit<\/td>\n<td style=\"width: 83px; text-align: center;\">IRC<\/td>\n<td style=\"width: 167px; text-align: center;\">1,196<\/td>\n<td style=\"width: 99px; text-align: center;\">Evet<\/td>\n<td style=\"width: 256px; text-align: center;\">Haluk Buzluk<\/td>\n<\/tr>\n<tr>\n<td style=\"height: 24px; width: 64px; text-align: center;\" height=\"24\">26<\/td>\n<td style=\"width: 255px; text-align: center;\">Trinity<\/td>\n<td style=\"width: 83px; text-align: center;\">IRC<\/td>\n<td style=\"width: 167px; text-align: center;\">0,963<\/td>\n<td style=\"width: 99px; text-align: center;\">Evet<\/td>\n<td style=\"width: 256px; text-align: center;\">Mehmet Altan \u0130briko\u011flu<\/td>\n<\/tr>\n<tr>\n<td style=\"height: 24px; width: 64px; text-align: center;\" height=\"24\">27<\/td>\n<td style=\"width: 255px; text-align: center;\">Uyan\u00a0Sailing School<\/td>\n<td style=\"width: 83px; text-align: center;\">IRC<\/td>\n<td style=\"width: 167px; text-align: center;\">1,011<\/td>\n<td style=\"width: 99px; text-align: center;\">Evet<\/td>\n<td style=\"width: 256px; text-align: center;\">Erhan Uyan<\/td>\n<\/tr>\n<tr>\n<td style=\"height: 24px; width: 64px; text-align: center;\" height=\"24\">28<\/td>\n<td style=\"width: 255px; text-align: center;\">Yar\u0131\u015f \u2013 ati<\/td>\n<td style=\"width: 83px; text-align: center;\">IRC<\/td>\n<td style=\"width: 167px; text-align: center;\">1,096<\/td>\n<td style=\"width: 99px; text-align: center;\">Evet<\/td>\n<td style=\"width: 256px; text-align: center;\">Atilla G\u00f6kova<\/td>\n<\/tr>\n<tr>\n<td style=\"height: 24px; width: 64px; text-align: center;\" height=\"24\">29<\/td>\n<td style=\"width: 255px; text-align: center;\">Yedi\u00e7eriler<\/td>\n<td style=\"width: 83px; text-align: center;\">IRC<\/td>\n<td style=\"width: 167px; text-align: center;\">0,981<\/td>\n<td style=\"width: 99px; text-align: center;\">Evet<\/td>\n<td style=\"width: 256px; text-align: center;\">Feyyaz \u00dcnal<\/td>\n<\/tr>\n<tr>\n<td style=\"height: 24px; width: 64px; text-align: center;\" height=\"24\">30<\/td>\n<td style=\"width: 255px; text-align: center;\">Aruna ODT\u00dc<\/td>\n<td style=\"width: 83px; text-align: center;\">Destek<\/td>\n<td style=\"width: 167px; text-align: center;\"><\/td>\n<td style=\"width: 99px; text-align: center;\">Evet<\/td>\n<td style=\"width: 256px; text-align: center;\">Mert Yi\u011fit \u00d6zkan<\/td>\n<\/tr>\n<tr>\n<td style=\"height: 24px; width: 64px; text-align: center;\" height=\"24\">31<\/td>\n<td style=\"width: 255px; text-align: center;\">Aurelia<\/td>\n<td style=\"width: 83px; text-align: center;\">Destek<\/td>\n<td style=\"width: 167px; text-align: center;\"><\/td>\n<td style=\"width: 99px; text-align: center;\">Hay\u0131r<\/td>\n<td style=\"width: 256px; text-align: center;\">Olcay Barlas Alphan<\/td>\n<\/tr>\n<tr>\n<td style=\"height: 24px; width: 64px; text-align: center;\" height=\"24\">32<\/td>\n<td style=\"width: 255px; text-align: center;\">Aurora<\/td>\n<td style=\"width: 83px; text-align: center;\">Destek<\/td>\n<td style=\"width: 167px; text-align: center;\"><\/td>\n<td style=\"width: 99px; text-align: center;\">Hay\u0131r<\/td>\n<td style=\"width: 256px; text-align: center;\">Herman Van Lierde<\/td>\n<\/tr>\n<tr>\n<td style=\"height: 24px; width: 64px; text-align: center;\" height=\"24\">33<\/td>\n<td style=\"width: 255px; text-align: center;\">Capoeira<\/td>\n<td style=\"width: 83px; text-align: center;\">Destek<\/td>\n<td style=\"width: 167px; text-align: center;\"><\/td>\n<td style=\"width: 99px; text-align: center;\">Hay\u0131r<\/td>\n<td style=\"width: 256px; text-align: center;\">Erdil Bedran Tinkut<\/td>\n<\/tr>\n<tr>\n<td style=\"height: 24px; width: 64px; text-align: center;\" height=\"24\">34<\/td>\n<td style=\"width: 255px; text-align: center;\">Defne<\/td>\n<td style=\"width: 83px; text-align: center;\">Destek<\/td>\n<td style=\"width: 167px; text-align: center;\"><\/td>\n<td style=\"width: 99px; text-align: center;\">Evet<\/td>\n<td style=\"width: 256px; text-align: center;\">Nevzat K\u0131yak<\/td>\n<\/tr>\n<tr>\n<td style=\"height: 24px; width: 64px; text-align: center;\" height=\"24\">35<\/td>\n<td style=\"width: 255px; text-align: center;\">Demireks Lina<\/td>\n<td style=\"width: 83px; text-align: center;\">Destek<\/td>\n<td style=\"width: 167px; text-align: center;\"><\/td>\n<td style=\"width: 99px; text-align: center;\">Evet<\/td>\n<td style=\"width: 256px; text-align: center;\">\u00d6zg\u00fcr \u0130nam<\/td>\n<\/tr>\n<tr>\n<td style=\"height: 24px; width: 64px; text-align: center;\" height=\"24\">36<\/td>\n<td style=\"width: 255px; text-align: center;\">Dokuz Eyl\u00fcl 1982<\/td>\n<td style=\"width: 83px; text-align: center;\">Destek<\/td>\n<td style=\"width: 167px; text-align: center;\"><\/td>\n<td style=\"width: 99px; text-align: center;\">Hay\u0131r<\/td>\n<td style=\"width: 256px; text-align: center;\">Zeynep Karada\u011f<\/td>\n<\/tr>\n<tr>\n<td style=\"height: 24px; width: 64px; text-align: center;\" height=\"24\">37<\/td>\n<td style=\"width: 255px; text-align: center;\">Elisa<\/td>\n<td style=\"width: 83px; text-align: center;\">Destek<\/td>\n<td style=\"width: 167px; text-align: center;\"><\/td>\n<td style=\"width: 99px; text-align: center;\">Hay\u0131r<\/td>\n<td style=\"width: 256px; text-align: center;\">Erhan Abay<\/td>\n<\/tr>\n<tr>\n<td style=\"height: 24px; width: 64px; text-align: center;\" height=\"24\">38<\/td>\n<td style=\"width: 255px; text-align: center;\">Fun Lemon<\/td>\n<td style=\"width: 83px; text-align: center;\">Destek<\/td>\n<td style=\"width: 167px; text-align: center;\"><\/td>\n<td style=\"width: 99px; text-align: center;\">Evet<\/td>\n<td style=\"width: 256px; text-align: center;\">Bar\u0131\u015f Bulu\u011f<\/td>\n<\/tr>\n<tr>\n<td style=\"height: 24px; width: 64px; text-align: center;\" height=\"24\">39<\/td>\n<td style=\"width: 255px; text-align: center;\">Happy Lemon<\/td>\n<td style=\"width: 83px; text-align: center;\">Destek<\/td>\n<td style=\"width: 167px; text-align: center;\"><\/td>\n<td style=\"width: 99px; text-align: center;\">Evet<\/td>\n<td style=\"width: 256px; text-align: center;\">Tolga Ku\u015f<\/td>\n<\/tr>\n<tr>\n<td style=\"height: 24px; width: 64px; text-align: center;\" height=\"24\">40<\/td>\n<td style=\"width: 255px; text-align: center;\">Mr Steel<\/td>\n<td style=\"width: 83px; text-align: center;\">Destek<\/td>\n<td style=\"width: 167px; text-align: center;\"><\/td>\n<td style=\"width: 99px; text-align: center;\">Hay\u0131r<\/td>\n<td style=\"width: 256px; text-align: center;\">\u00c7\u0131nar\u00a0Atag\u00fcn<\/td>\n<\/tr>\n<tr>\n<td style=\"height: 24px; width: 64px; text-align: center;\" height=\"24\">41<\/td>\n<td style=\"width: 255px; text-align: center;\">Nomia<\/td>\n<td style=\"width: 83px; text-align: center;\">Destek<\/td>\n<td style=\"width: 167px; text-align: center;\"><\/td>\n<td style=\"width: 99px; text-align: center;\">Hay\u0131r<\/td>\n<td style=\"width: 256px; text-align: center;\">Tolga Ekener<\/td>\n<\/tr>\n<tr>\n<td style=\"height: 24px; width: 64px; text-align: center;\" height=\"24\">42<\/td>\n<td style=\"width: 255px; text-align: center;\">Pearl M<\/td>\n<td style=\"width: 83px; text-align: center;\">Destek<\/td>\n<td style=\"width: 167px; text-align: center;\"><\/td>\n<td style=\"width: 99px; text-align: center;\">Evet<\/td>\n<td style=\"width: 256px; text-align: center;\">Tolga Tun\u00e7er<\/td>\n<\/tr>\n<tr>\n<td style=\"height: 24px; width: 64px; text-align: center;\" height=\"24\">43<\/td>\n<td style=\"width: 255px; text-align: center;\">She<\/td>\n<td style=\"width: 83px; text-align: center;\">Destek<\/td>\n<td style=\"width: 167px; text-align: center;\"><\/td>\n<td style=\"width: 99px; text-align: center;\">Hay\u0131r<\/td>\n<td style=\"width: 256px; text-align: center;\">H. Murat T\u00fcrkeli<\/td>\n<\/tr>\n<tr>\n<td style=\"height: 24px; width: 64px; text-align: center;\" height=\"24\">44<\/td>\n<td style=\"width: 255px; text-align: center;\">SunFlyer<\/td>\n<td style=\"width: 83px; text-align: center;\">Destek<\/td>\n<td style=\"width: 167px; text-align: center;\"><\/td>\n<td style=\"width: 99px; text-align: center;\">Hay\u0131r<\/td>\n<td style=\"width: 256px; text-align: center;\">Mert Kiray<\/td>\n<\/tr>\n<\/tbody>\n<\/table>\n<p>[\/vc_column_text][\/vc_column][\/vc_row]<\/p>\n","protected":false},"excerpt":{"rendered":"<p>[vc_row rt_row_background_width=&#8221;fullwidth&#8221; rt_row_content_width=&#8221;fullwidth&#8221; rt_row_style=&#8221;default-style&#8221; rt_row_height=&#8221;&#8221; rt_row_borders=&#8221;&#8221; rt_row_shadows=&#8221;&#8221; rt_column_gaps=&#8221;&#8221; rt_row_paddings=&#8221;true&#8221; rt_bg_effect=&#8221;classic&#8221; rt_transparent_bg=&#8221;&#8221; rt_bg_image_repeat=&#8221;repeat&#8221; rt_bg_size=&#8221;cover&#8221; rt_bg_position=&#8221;right top&#8221; rt_bg_attachment=&#8221;scroll&#8221; rt_bg_video_format=&#8221;self-hosted&#8221;][vc_column rt_col_paddings=&#8221;true&#8221; rt_wrp_col_paddings=&#8221;false&#8221; rt_column_shadow=&#8221;&#8221; rt_border_top=&#8221;&#8221; rt_border_bottom=&#8221;&#8221; rt_border_left=&#8221;&#8221; rt_border_right=&#8221;&#8221; rt_border_top_mobile=&#8221;&#8221; rt_border_bottom_mobile=&#8221;&#8221; rt_border_left_mobile=&#8221;&#8221; rt_border_right_mobile=&#8221;&#8221; rt_bg_image_repeat=&#8221;repeat&#8221; rt_bg_size=&#8221;auto auto&#8221; rt_bg_position=&#8221;right top&#8221; rt_bg_attachment=&#8221;scroll&#8221;][vc_column_text] 44 Participant [\/vc_column_text][vc_column_text] SAYI TEKNE ADI SINIFI IRC RATING BALON SORUMLU 1 27 IRC 1,062 Evet Teoman K\u0131l\u0131\u00e7 2 Across The &#8230; <a class=\"more-link\" href=\"https:\/\/arkasaegeanlinkregatta.com\/en\/2021-participant-list\/\">Devam\u0131n\u0131 Oku<\/a><\/p>\n","protected":false},"author":1,"featured_media":0,"parent":0,"menu_order":0,"comment_status":"closed","ping_status":"closed","template":"","meta":{"footnotes":""},"class_list":["post-5938","page","type-page","status-publish","hentry"],"_links":{"self":[{"href":"https:\/\/arkasaegeanlinkregatta.com\/en\/wp-json\/wp\/v2\/pages\/5938","targetHints":{"allow":["GET"]}}],"collection":[{"href":"https:\/\/arkasaegeanlinkregatta.com\/en\/wp-json\/wp\/v2\/pages"}],"about":[{"href":"https:\/\/arkasaegeanlinkregatta.com\/en\/wp-json\/wp\/v2\/types\/page"}],"author":[{"embeddable":true,"href":"https:\/\/arkasaegeanlinkregatta.com\/en\/wp-json\/wp\/v2\/users\/1"}],"replies":[{"embeddable":true,"href":"https:\/\/arkasaegeanlinkregatta.com\/en\/wp-json\/wp\/v2\/comments?post=5938"}],"version-history":[{"count":17,"href":"https:\/\/arkasaegeanlinkregatta.com\/en\/wp-json\/wp\/v2\/pages\/5938\/revisions"}],"predecessor-version":[{"id":6332,"href":"https:\/\/arkasaegeanlinkregatta.com\/en\/wp-json\/wp\/v2\/pages\/5938\/revisions\/6332"}],"wp:attachment":[{"href":"https:\/\/arkasaegeanlinkregatta.com\/en\/wp-json\/wp\/v2\/media?parent=5938"}],"curies":[{"name":"wp","href":"https:\/\/api.w.org\/{rel}","templated":true}]}}