{"id":6115,"date":"2022-07-21T15:30:09","date_gmt":"2022-07-21T12:30:09","guid":{"rendered":"http:\/\/arkasaegeanlinkregatta.com\/?page_id=6115"},"modified":"2023-05-09T15:49:16","modified_gmt":"2023-05-09T12:49:16","slug":"2022-participant-list","status":"publish","type":"page","link":"https:\/\/arkasaegeanlinkregatta.com\/en\/2022-participant-list\/","title":{"rendered":"2022 Participant List"},"content":{"rendered":"<p>[vc_row rt_row_background_width=&#8221;fullwidth&#8221; rt_row_content_width=&#8221;fullwidth&#8221; rt_row_style=&#8221;default-style&#8221; rt_row_height=&#8221;&#8221; rt_row_borders=&#8221;&#8221; rt_row_shadows=&#8221;&#8221; rt_column_gaps=&#8221;&#8221; rt_row_paddings=&#8221;true&#8221; rt_bg_effect=&#8221;classic&#8221; rt_transparent_bg=&#8221;&#8221; rt_bg_image_repeat=&#8221;repeat&#8221; rt_bg_size=&#8221;cover&#8221; rt_bg_position=&#8221;right top&#8221; rt_bg_attachment=&#8221;scroll&#8221; rt_bg_video_format=&#8221;self-hosted&#8221;][vc_column rt_col_paddings=&#8221;true&#8221; rt_wrp_col_paddings=&#8221;false&#8221; rt_column_shadow=&#8221;&#8221; rt_border_top=&#8221;&#8221; rt_border_bottom=&#8221;&#8221; rt_border_left=&#8221;&#8221; rt_border_right=&#8221;&#8221; rt_border_top_mobile=&#8221;&#8221; rt_border_bottom_mobile=&#8221;&#8221; rt_border_left_mobile=&#8221;&#8221; rt_border_right_mobile=&#8221;&#8221; rt_bg_image_repeat=&#8221;repeat&#8221; rt_bg_size=&#8221;auto auto&#8221; rt_bg_position=&#8221;right top&#8221; rt_bg_attachment=&#8221;scroll&#8221;][vc_column_text]<\/p>\n<h2 style=\"text-align: center;\"><strong>38 Participant<\/strong><\/h2>\n<p>[\/vc_column_text][vc_column_text]<\/p>\n<table width=\"738\">\n<tbody>\n<tr>\n<td style=\"text-align: center;\" width=\"64\"><strong>NUMBER<\/strong><\/td>\n<td style=\"text-align: center;\" width=\"237\"><strong>BOAT NAME<\/strong><\/td>\n<td style=\"text-align: center;\" width=\"84\"><strong>CLASS<\/strong><\/td>\n<td style=\"text-align: center;\" width=\"96\"><strong>IRC RATING<\/strong><\/td>\n<td style=\"text-align: center;\" width=\"64\"><strong>BALOON<\/strong><\/td>\n<td style=\"text-align: center;\" width=\"193\"><strong>BOAT OFFICER<\/strong><\/td>\n<\/tr>\n<tr>\n<td width=\"64\">1<\/td>\n<td width=\"237\">27<\/td>\n<td width=\"84\">IRC<\/td>\n<td width=\"96\">1,065<\/td>\n<td width=\"64\">Yes<\/td>\n<td width=\"193\">Bar\u0131\u015f \u00d6zdemir<\/td>\n<\/tr>\n<tr>\n<td width=\"64\">2<\/td>\n<td width=\"237\">Allegro<\/td>\n<td width=\"84\">IRC<\/td>\n<td width=\"96\">0,953<\/td>\n<td width=\"64\">Yes<\/td>\n<td width=\"193\">Esat Kard\u0131\u00e7al\u0131<\/td>\n<\/tr>\n<tr>\n<td width=\"64\">3<\/td>\n<td width=\"237\">Anything<\/td>\n<td width=\"84\">IRC<\/td>\n<td width=\"96\">1,254<\/td>\n<td width=\"64\">Yes<\/td>\n<td width=\"193\">Yi\u011fit \u00c7ula<\/td>\n<\/tr>\n<tr>\n<td width=\"64\">4<\/td>\n<td width=\"237\">Atiye<\/td>\n<td width=\"84\">IRC<\/td>\n<td width=\"96\">1,05<\/td>\n<td width=\"64\">Yes<\/td>\n<td width=\"193\">Atilla G\u00f6kova<\/td>\n<\/tr>\n<tr>\n<td width=\"64\">5<\/td>\n<td width=\"237\">Baby Dracula<\/td>\n<td width=\"84\">IRC<\/td>\n<td width=\"96\">1,046<\/td>\n<td width=\"64\">Yes<\/td>\n<td width=\"193\">Vedat Tezman<\/td>\n<\/tr>\n<tr>\n<td width=\"64\">6<\/td>\n<td width=\"237\">BlueMoon<\/td>\n<td width=\"84\">IRC<\/td>\n<td width=\"96\"><\/td>\n<td width=\"64\">Yes<\/td>\n<td width=\"193\">Bernard Arkas<\/td>\n<\/tr>\n<tr>\n<td width=\"64\">7<\/td>\n<td width=\"237\">Borusan Racing Evolution<\/td>\n<td width=\"84\">IRC<\/td>\n<td width=\"96\">1,055<\/td>\n<td width=\"64\">Yes<\/td>\n<td width=\"193\">Ali Tezdiker<\/td>\n<\/tr>\n<tr>\n<td width=\"64\">8<\/td>\n<td width=\"237\">Corendon Cheese<\/td>\n<td width=\"84\">IRC<\/td>\n<td width=\"96\">1,024<\/td>\n<td width=\"64\">Yes<\/td>\n<td width=\"193\">G\u00fcney Kaptan<\/td>\n<\/tr>\n<tr>\n<td width=\"64\">9<\/td>\n<td width=\"237\">Cygnus<\/td>\n<td width=\"84\">IRC<\/td>\n<td width=\"96\">0,997<\/td>\n<td width=\"64\">Yes<\/td>\n<td width=\"193\">Kaan Parlas<\/td>\n<\/tr>\n<tr>\n<td width=\"64\">10<\/td>\n<td width=\"237\">Dawn<\/td>\n<td width=\"84\">IRC<\/td>\n<td width=\"96\">0,999<\/td>\n<td width=\"64\">Yes<\/td>\n<td width=\"193\">G\u00fcven \u0130ltir<\/td>\n<\/tr>\n<tr>\n<td width=\"64\">11<\/td>\n<td width=\"237\">Eshquia \u2013 VMG Yelken<\/td>\n<td width=\"84\">IRC<\/td>\n<td width=\"96\">1,036<\/td>\n<td width=\"64\">Yes<\/td>\n<td width=\"193\">Haktan Ta\u015f<\/td>\n<\/tr>\n<tr>\n<td width=\"64\">12<\/td>\n<td width=\"237\">Good Day Sunshine<\/td>\n<td width=\"84\">IRC<\/td>\n<td width=\"96\">0,974<\/td>\n<td width=\"64\">Yes<\/td>\n<td width=\"193\">Ahmet Murat Tan<\/td>\n<\/tr>\n<tr>\n<td width=\"64\">13<\/td>\n<td width=\"237\">G\u00f6ztepe A\u011fanlar 1925<\/td>\n<td width=\"84\">IRC<\/td>\n<td width=\"96\">1,193<\/td>\n<td width=\"64\">Yes<\/td>\n<td width=\"193\">Derya Yenig\u00fcn<\/td>\n<\/tr>\n<tr>\n<td width=\"64\">14<\/td>\n<td width=\"237\">Jazz<\/td>\n<td width=\"84\">IRC<\/td>\n<td width=\"96\">0,966<\/td>\n<td width=\"64\">Yes<\/td>\n<td width=\"193\">U\u011fur Kayran<\/td>\n<\/tr>\n<tr>\n<td width=\"64\">15<\/td>\n<td width=\"237\">Kairos Ankara Yelken Kul\u00fcb\u00fc<\/td>\n<td width=\"84\">IRC<\/td>\n<td width=\"96\"><\/td>\n<td width=\"64\">Yes<\/td>\n<td width=\"193\">Mehmet Nardal\u0131<\/td>\n<\/tr>\n<tr>\n<td width=\"64\">16<\/td>\n<td width=\"237\">K\u0131rm\u0131z\u01311<\/td>\n<td width=\"84\">IRC<\/td>\n<td width=\"96\">1,029<\/td>\n<td width=\"64\">Yes<\/td>\n<td width=\"193\">Murat Taner<\/td>\n<\/tr>\n<tr>\n<td width=\"64\">17<\/td>\n<td width=\"237\">Lemon<\/td>\n<td width=\"84\">IRC<\/td>\n<td width=\"96\">1,113<\/td>\n<td width=\"64\">Yes<\/td>\n<td width=\"193\">Mustafa Anbarc\u0131<\/td>\n<\/tr>\n<tr>\n<td width=\"64\">18<\/td>\n<td width=\"237\">Mercer-Blue Miles<\/td>\n<td width=\"84\">IRC<\/td>\n<td width=\"96\">0,999<\/td>\n<td width=\"64\">Yes<\/td>\n<td width=\"193\">Hakan \u00c7apraz<\/td>\n<\/tr>\n<tr>\n<td width=\"64\">19<\/td>\n<td width=\"237\">Pearl M<\/td>\n<td width=\"84\">IRC<\/td>\n<td width=\"96\">1.019<\/td>\n<td width=\"64\">Yes<\/td>\n<td width=\"193\">Tolga Tun\u00e7er<\/td>\n<\/tr>\n<tr>\n<td width=\"64\">20<\/td>\n<td width=\"237\">Planeta X<\/td>\n<td width=\"84\">IRC<\/td>\n<td width=\"96\">1,014<\/td>\n<td width=\"64\">Yes<\/td>\n<td width=\"193\">Sergey Savin<\/td>\n<\/tr>\n<tr>\n<td width=\"64\">21<\/td>\n<td width=\"237\">Rainbow followers<\/td>\n<td width=\"84\">IRC<\/td>\n<td width=\"96\">1,004<\/td>\n<td width=\"64\">Yes<\/td>\n<td width=\"193\">Ufuk C\u00fcc\u00fc<\/td>\n<\/tr>\n<tr>\n<td width=\"64\">22<\/td>\n<td width=\"237\">Rengareng<\/td>\n<td width=\"84\">IRC<\/td>\n<td width=\"96\">0,971<\/td>\n<td width=\"64\">Yes<\/td>\n<td width=\"193\">Onur Canl\u0131<\/td>\n<\/tr>\n<tr>\n<td width=\"64\">23<\/td>\n<td width=\"237\">Shakara<\/td>\n<td width=\"84\">IRC<\/td>\n<td width=\"96\">1,022<\/td>\n<td width=\"64\">Yes<\/td>\n<td width=\"193\">Ate\u015f\u00a0Okta<\/td>\n<\/tr>\n<tr>\n<td width=\"64\">24<\/td>\n<td width=\"237\">Team L R<\/td>\n<td width=\"84\">IRC<\/td>\n<td width=\"96\">1,078<\/td>\n<td width=\"64\">Yes<\/td>\n<td width=\"193\">Onur Tok<\/td>\n<\/tr>\n<tr>\n<td width=\"64\">25<\/td>\n<td width=\"237\">Team Spirit<\/td>\n<td width=\"84\">IRC<\/td>\n<td width=\"96\">1,196<\/td>\n<td width=\"64\">Yes<\/td>\n<td width=\"193\">Haluk Buzluk<\/td>\n<\/tr>\n<tr>\n<td width=\"64\">26<\/td>\n<td width=\"237\">The Code<\/td>\n<td width=\"84\">IRC<\/td>\n<td width=\"96\">1,029<\/td>\n<td width=\"64\">Yes<\/td>\n<td width=\"193\">Erdem Taylan<\/td>\n<\/tr>\n<tr>\n<td width=\"64\">27<\/td>\n<td width=\"237\">Trinity<\/td>\n<td width=\"84\">IRC<\/td>\n<td width=\"96\">0,963<\/td>\n<td width=\"64\">Yes<\/td>\n<td width=\"193\">Mehmet Altan \u0130briko\u011flu<\/td>\n<\/tr>\n<tr>\n<td width=\"64\">28<\/td>\n<td width=\"237\">UYAN Sailing School<\/td>\n<td width=\"84\">IRC<\/td>\n<td width=\"96\">1,011<\/td>\n<td width=\"64\">Yes<\/td>\n<td width=\"193\">Erhan Uyan<\/td>\n<\/tr>\n<tr>\n<td width=\"64\">29<\/td>\n<td width=\"237\">Zamazingo<\/td>\n<td width=\"84\">IRC<\/td>\n<td width=\"96\">0,998<\/td>\n<td width=\"64\">Yes<\/td>\n<td width=\"193\">Halil Do\u011fan G\u00fczeli\u015f<\/td>\n<\/tr>\n<tr>\n<td width=\"64\">30<\/td>\n<td width=\"237\">Auriga<\/td>\n<td width=\"84\">Support<\/td>\n<td width=\"96\"><\/td>\n<td width=\"64\">Yes<\/td>\n<td width=\"193\">\u0130brahim Akku\u015f<\/td>\n<\/tr>\n<tr>\n<td width=\"64\">31<\/td>\n<td width=\"237\">Callista<\/td>\n<td width=\"84\">Support<\/td>\n<td width=\"96\"><\/td>\n<td width=\"64\">Yes<\/td>\n<td width=\"193\">Herman Vanlierde<\/td>\n<\/tr>\n<tr>\n<td width=\"64\">32<\/td>\n<td width=\"237\">Duygu7<\/td>\n<td width=\"84\">Support<\/td>\n<td width=\"96\"><\/td>\n<td width=\"64\">Yes<\/td>\n<td width=\"193\">Halil Akman<\/td>\n<\/tr>\n<tr>\n<td width=\"64\">33<\/td>\n<td width=\"237\">Hanse 430 \/ Alexandre Dreams<\/td>\n<td width=\"84\">Support<\/td>\n<td width=\"96\"><\/td>\n<td width=\"64\">Yes<\/td>\n<td width=\"193\">Dmitry Maximov<\/td>\n<\/tr>\n<tr>\n<td width=\"64\">34<\/td>\n<td width=\"237\">Ilibilly<\/td>\n<td width=\"84\">Support<\/td>\n<td width=\"96\"><\/td>\n<td width=\"64\">Yes<\/td>\n<td width=\"193\">Nevzat K\u0131yak<\/td>\n<\/tr>\n<tr>\n<td width=\"64\">35<\/td>\n<td width=\"237\">Izmir Shipyard Lina<\/td>\n<td width=\"84\">Support<\/td>\n<td width=\"96\"><\/td>\n<td width=\"64\">Yes<\/td>\n<td width=\"193\">\u00d6zg\u00fcr \u0130nam<\/td>\n<\/tr>\n<tr>\n<td width=\"64\">36<\/td>\n<td width=\"237\">Tayfun<\/td>\n<td width=\"84\">Support<\/td>\n<td width=\"96\"><\/td>\n<td width=\"64\">No<\/td>\n<td width=\"193\">\u00dcm\u00fct \u00dcsk\u00fcp<\/td>\n<\/tr>\n<tr>\n<td width=\"64\">37<\/td>\n<td width=\"237\">Tophaneli \u0130smail Hakk\u0131<\/td>\n<td width=\"84\">Support<\/td>\n<td width=\"96\"><\/td>\n<td width=\"64\">No<\/td>\n<td width=\"193\">Mehmet Suha Mankalyal\u0131<\/td>\n<\/tr>\n<tr>\n<td width=\"64\">38<\/td>\n<td width=\"237\">Yank\u0131 2<\/td>\n<td width=\"84\">Support<\/td>\n<td width=\"96\"><\/td>\n<td width=\"64\">Yes<\/td>\n<td width=\"193\">\u00dcmit \u00d6zdo\u011fan<\/td>\n<\/tr>\n<\/tbody>\n<\/table>\n<p>[\/vc_column_text][\/vc_column][\/vc_row]<\/p>\n","protected":false},"excerpt":{"rendered":"<p>[vc_row rt_row_background_width=&#8221;fullwidth&#8221; rt_row_content_width=&#8221;fullwidth&#8221; rt_row_style=&#8221;default-style&#8221; rt_row_height=&#8221;&#8221; rt_row_borders=&#8221;&#8221; rt_row_shadows=&#8221;&#8221; rt_column_gaps=&#8221;&#8221; rt_row_paddings=&#8221;true&#8221; rt_bg_effect=&#8221;classic&#8221; rt_transparent_bg=&#8221;&#8221; rt_bg_image_repeat=&#8221;repeat&#8221; rt_bg_size=&#8221;cover&#8221; rt_bg_position=&#8221;right top&#8221; rt_bg_attachment=&#8221;scroll&#8221; rt_bg_video_format=&#8221;self-hosted&#8221;][vc_column rt_col_paddings=&#8221;true&#8221; rt_wrp_col_paddings=&#8221;false&#8221; rt_column_shadow=&#8221;&#8221; rt_border_top=&#8221;&#8221; rt_border_bottom=&#8221;&#8221; rt_border_left=&#8221;&#8221; rt_border_right=&#8221;&#8221; rt_border_top_mobile=&#8221;&#8221; rt_border_bottom_mobile=&#8221;&#8221; rt_border_left_mobile=&#8221;&#8221; rt_border_right_mobile=&#8221;&#8221; rt_bg_image_repeat=&#8221;repeat&#8221; rt_bg_size=&#8221;auto auto&#8221; rt_bg_position=&#8221;right top&#8221; rt_bg_attachment=&#8221;scroll&#8221;][vc_column_text] 38 Participant [\/vc_column_text][vc_column_text] NUMBER BOAT NAME CLASS IRC RATING BALOON BOAT OFFICER 1 27 IRC 1,065 Yes Bar\u0131\u015f \u00d6zdemir 2 Allegro &#8230; <a class=\"more-link\" href=\"https:\/\/arkasaegeanlinkregatta.com\/en\/2022-participant-list\/\">Devam\u0131n\u0131 Oku<\/a><\/p>\n","protected":false},"author":1,"featured_media":0,"parent":0,"menu_order":0,"comment_status":"closed","ping_status":"closed","template":"","meta":{"footnotes":""},"class_list":["post-6115","page","type-page","status-publish","hentry"],"_links":{"self":[{"href":"https:\/\/arkasaegeanlinkregatta.com\/en\/wp-json\/wp\/v2\/pages\/6115","targetHints":{"allow":["GET"]}}],"collection":[{"href":"https:\/\/arkasaegeanlinkregatta.com\/en\/wp-json\/wp\/v2\/pages"}],"about":[{"href":"https:\/\/arkasaegeanlinkregatta.com\/en\/wp-json\/wp\/v2\/types\/page"}],"author":[{"embeddable":true,"href":"https:\/\/arkasaegeanlinkregatta.com\/en\/wp-json\/wp\/v2\/users\/1"}],"replies":[{"embeddable":true,"href":"https:\/\/arkasaegeanlinkregatta.com\/en\/wp-json\/wp\/v2\/comments?post=6115"}],"version-history":[{"count":14,"href":"https:\/\/arkasaegeanlinkregatta.com\/en\/wp-json\/wp\/v2\/pages\/6115\/revisions"}],"predecessor-version":[{"id":6326,"href":"https:\/\/arkasaegeanlinkregatta.com\/en\/wp-json\/wp\/v2\/pages\/6115\/revisions\/6326"}],"wp:attachment":[{"href":"https:\/\/arkasaegeanlinkregatta.com\/en\/wp-json\/wp\/v2\/media?parent=6115"}],"curies":[{"name":"wp","href":"https:\/\/api.w.org\/{rel}","templated":true}]}}