{"id":6221,"date":"2023-01-19T14:38:12","date_gmt":"2023-01-19T11:38:12","guid":{"rendered":"http:\/\/arkasaegeanlinkregatta.com\/?page_id=6221"},"modified":"2023-08-22T16:14:38","modified_gmt":"2023-08-22T13:14:38","slug":"2023-participant-list","status":"publish","type":"page","link":"https:\/\/arkasaegeanlinkregatta.com\/en\/2023-participant-list\/","title":{"rendered":"2023 Participant List"},"content":{"rendered":"<p>[vc_row rt_row_background_width=&#8221;fullwidth&#8221; rt_row_content_width=&#8221;fullwidth&#8221; rt_row_style=&#8221;default-style&#8221; rt_row_height=&#8221;&#8221; rt_row_borders=&#8221;&#8221; rt_row_shadows=&#8221;&#8221; rt_column_gaps=&#8221;&#8221; rt_row_paddings=&#8221;true&#8221; rt_bg_effect=&#8221;classic&#8221; rt_transparent_bg=&#8221;&#8221; rt_bg_image_repeat=&#8221;repeat&#8221; rt_bg_size=&#8221;cover&#8221; rt_bg_position=&#8221;right top&#8221; rt_bg_attachment=&#8221;scroll&#8221; rt_bg_video_format=&#8221;self-hosted&#8221;][vc_column rt_col_paddings=&#8221;true&#8221; rt_wrp_col_paddings=&#8221;false&#8221; rt_column_shadow=&#8221;&#8221; rt_border_top=&#8221;&#8221; rt_border_bottom=&#8221;&#8221; rt_border_left=&#8221;&#8221; rt_border_right=&#8221;&#8221; rt_border_top_mobile=&#8221;&#8221; rt_border_bottom_mobile=&#8221;&#8221; rt_border_left_mobile=&#8221;&#8221; rt_border_right_mobile=&#8221;&#8221; rt_bg_image_repeat=&#8221;repeat&#8221; rt_bg_size=&#8221;auto auto&#8221; rt_bg_position=&#8221;right top&#8221; rt_bg_attachment=&#8221;scroll&#8221;][vc_column_text]<\/p>\n<h2 style=\"text-align: center;\">39 Participant<\/h2>\n<p>[\/vc_column_text][vc_column_text]<\/p>\n<table width=\"911\">\n<tbody>\n<tr>\n<td style=\"text-align: center;\" width=\"85\"><strong>NUMBER<\/strong><\/td>\n<td style=\"text-align: center;\" width=\"281\"><strong>BOAT NAME<\/strong><\/td>\n<td style=\"text-align: center;\" width=\"86\"><strong>CLASS<\/strong><\/td>\n<td style=\"text-align: center;\" width=\"116\"><strong>IRC RATING<\/strong><\/td>\n<td style=\"text-align: center;\" width=\"94\"><strong>BALLOON<\/strong><\/td>\n<td style=\"text-align: center;\" width=\"249\"><strong>BOAT OFFICER<\/strong><\/td>\n<\/tr>\n<tr>\n<td width=\"85\">1<\/td>\n<td width=\"281\">ANYTHING<\/td>\n<td width=\"86\">IRC<\/td>\n<td width=\"116\">1.252<\/td>\n<td width=\"94\">Yes<\/td>\n<td width=\"249\">Yi\u011fit \u00c7ula<\/td>\n<\/tr>\n<tr>\n<td width=\"85\">2<\/td>\n<td width=\"281\">AUR\u0130GA<\/td>\n<td width=\"86\">IRC<\/td>\n<td width=\"116\">0.983<\/td>\n<td width=\"94\">Yes<\/td>\n<td width=\"249\">Behl\u00fcl Usluo\u011flu<\/td>\n<\/tr>\n<tr>\n<td width=\"85\">3<\/td>\n<td width=\"281\">AVOLARE<\/td>\n<td width=\"86\">IRC<\/td>\n<td width=\"116\">1.031<\/td>\n<td width=\"94\">Yes<\/td>\n<td width=\"249\">Da\u011fhan Ba\u015fp\u0131nar<\/td>\n<\/tr>\n<tr>\n<td width=\"85\">4<\/td>\n<td width=\"281\">BLUEMOON<\/td>\n<td width=\"86\">IRC<\/td>\n<td width=\"116\">1.162<\/td>\n<td width=\"94\">Yes<\/td>\n<td width=\"249\">Bernard Arkas<\/td>\n<\/tr>\n<tr>\n<td width=\"85\">5<\/td>\n<td width=\"281\">CALLISTA<\/td>\n<td width=\"86\">IRC<\/td>\n<td width=\"116\">B1<\/td>\n<td width=\"94\">Yes<\/td>\n<td width=\"249\">Herman Van Lierde<\/td>\n<\/tr>\n<tr>\n<td width=\"85\">6<\/td>\n<td width=\"281\">CORENDON CHEESE<\/td>\n<td width=\"86\">IRC<\/td>\n<td width=\"116\">1.022<\/td>\n<td width=\"94\">Yes<\/td>\n<td width=\"249\">G\u00fcney Kaptan<\/td>\n<\/tr>\n<tr>\n<td width=\"85\">7<\/td>\n<td width=\"281\">COURRIER DU COEUR<\/td>\n<td width=\"86\">IRC<\/td>\n<td width=\"116\">1.094<\/td>\n<td width=\"94\">Yes<\/td>\n<td width=\"249\">Arbuzov Andrey<\/td>\n<\/tr>\n<tr>\n<td width=\"85\">8<\/td>\n<td width=\"281\">CYGNUS<\/td>\n<td width=\"86\">IRC<\/td>\n<td width=\"116\">0.995<\/td>\n<td width=\"94\">Yes<\/td>\n<td width=\"249\">Kaan Parlas<\/td>\n<\/tr>\n<tr>\n<td width=\"85\">9<\/td>\n<td width=\"281\">\u00c7ILGIN S\u0130GMA 2<\/td>\n<td width=\"86\">IRC<\/td>\n<td width=\"116\">1.165<\/td>\n<td width=\"94\">Yes<\/td>\n<td width=\"249\">M\u00fcnir Can \u00d6z<\/td>\n<\/tr>\n<tr>\n<td width=\"85\">10<\/td>\n<td width=\"281\">DALAN QUATTRO 4<\/td>\n<td width=\"86\">IRC<\/td>\n<td width=\"116\">0.967<\/td>\n<td width=\"94\">Yes<\/td>\n<td width=\"249\">Mahmut Toprak<\/td>\n<\/tr>\n<tr>\n<td width=\"85\">11<\/td>\n<td width=\"281\">DAWN<\/td>\n<td width=\"86\">IRC<\/td>\n<td width=\"116\">0.999<\/td>\n<td width=\"94\">Yes<\/td>\n<td width=\"249\">G\u00fcven \u0130ltir<\/td>\n<\/tr>\n<tr>\n<td width=\"85\">12<\/td>\n<td width=\"281\">DEN\u0130Z KIZI 13<\/td>\n<td width=\"86\">IRC<\/td>\n<td width=\"116\">0.953<\/td>\n<td width=\"94\">Yes<\/td>\n<td width=\"249\">Ahmet Onur \u00d6z\u00e7etin<\/td>\n<\/tr>\n<tr>\n<td width=\"85\">13<\/td>\n<td width=\"281\">ESHQUIA<\/td>\n<td width=\"86\">IRC<\/td>\n<td width=\"116\"><\/td>\n<td width=\"94\">Yes<\/td>\n<td width=\"249\">G\u00fcl \u00c7al\u0131k<\/td>\n<\/tr>\n<tr>\n<td width=\"85\">14<\/td>\n<td width=\"281\">G\u00d6ZTEPE A\u011eANLAR 1925<\/td>\n<td width=\"86\">IRC<\/td>\n<td width=\"116\">1.193<\/td>\n<td width=\"94\">Yes<\/td>\n<td width=\"249\">Derya Yenig\u00fcn<\/td>\n<\/tr>\n<tr>\n<td width=\"85\">15<\/td>\n<td width=\"281\">JOY LEMON<\/td>\n<td width=\"86\">IRC<\/td>\n<td width=\"116\">1.029<\/td>\n<td width=\"94\">Yes<\/td>\n<td width=\"249\">Mustafa Anbarc\u0131<\/td>\n<\/tr>\n<tr>\n<td width=\"85\">16<\/td>\n<td width=\"281\">JUMBO JET<\/td>\n<td width=\"86\">IRC<\/td>\n<td width=\"116\">1.002<\/td>\n<td width=\"94\">Yes<\/td>\n<td width=\"249\">G\u00f6rkem T\u00fcfek\u00e7io\u011flu<\/td>\n<\/tr>\n<tr>\n<td width=\"85\">17<\/td>\n<td width=\"281\">J\u00dcP\u0130TER<\/td>\n<td width=\"86\">IRC<\/td>\n<td width=\"116\">0.973<\/td>\n<td width=\"94\">Yes<\/td>\n<td width=\"249\">Emre \u00dcst\u00fcn<\/td>\n<\/tr>\n<tr>\n<td width=\"85\">18<\/td>\n<td width=\"281\">LADY SUN<\/td>\n<td width=\"86\">IRC<\/td>\n<td width=\"116\"><\/td>\n<td width=\"94\">Yes<\/td>\n<td width=\"249\">Serdar Lale<\/td>\n<\/tr>\n<tr>\n<td width=\"85\">19<\/td>\n<td width=\"281\">MERS\u0130N YELKEN AKADEM\u0130S\u0130<\/td>\n<td width=\"86\">IRC<\/td>\n<td width=\"116\">1.118<\/td>\n<td width=\"94\">Yes<\/td>\n<td width=\"249\">Oytun \u00c7al\u0131\u015flar<\/td>\n<\/tr>\n<tr>\n<td width=\"85\">20<\/td>\n<td width=\"281\">M\u0130STRAL<\/td>\n<td width=\"86\">IRC<\/td>\n<td width=\"116\">1.064<\/td>\n<td width=\"94\">Yes<\/td>\n<td width=\"249\">\u00c7a\u011flayan Sevin\u00e7er<\/td>\n<\/tr>\n<tr>\n<td width=\"85\">21<\/td>\n<td width=\"281\">OZAY SAILING TEAM<\/td>\n<td width=\"86\">IRC<\/td>\n<td width=\"116\"><\/td>\n<td width=\"94\">Yes<\/td>\n<td width=\"249\">Bartu \u00d6zsoy<\/td>\n<\/tr>\n<tr>\n<td width=\"85\">22<\/td>\n<td width=\"281\">PASSION TWO<\/td>\n<td width=\"86\">IRC<\/td>\n<td width=\"116\">1.078<\/td>\n<td width=\"94\">Yes<\/td>\n<td width=\"249\">Ersen Din\u00e7<\/td>\n<\/tr>\n<tr>\n<td width=\"85\">23<\/td>\n<td width=\"281\">PLANETA X<\/td>\n<td width=\"86\">IRC<\/td>\n<td width=\"116\">1.012<\/td>\n<td width=\"94\">Yes<\/td>\n<td width=\"249\">Sergey Savin<\/td>\n<\/tr>\n<tr>\n<td width=\"85\">24<\/td>\n<td width=\"281\">STORMY<\/td>\n<td width=\"86\">IRC<\/td>\n<td width=\"116\">1.022<\/td>\n<td width=\"94\">Yes<\/td>\n<td width=\"249\">Tunca \u00c7al\u0131\u015fkan<\/td>\n<\/tr>\n<tr>\n<td width=\"85\">25<\/td>\n<td width=\"281\">TEAM LINEA ROSSA<\/td>\n<td width=\"86\">IRC<\/td>\n<td width=\"116\"><\/td>\n<td width=\"94\">Yes<\/td>\n<td width=\"249\">Onur Tok<\/td>\n<\/tr>\n<tr>\n<td width=\"85\">26<\/td>\n<td width=\"281\">TEAM SPIRIT<\/td>\n<td width=\"86\">IRC<\/td>\n<td width=\"116\">1.193<\/td>\n<td width=\"94\">Yes<\/td>\n<td width=\"249\">Haluk Buzluk<\/td>\n<\/tr>\n<tr>\n<td width=\"85\">27<\/td>\n<td width=\"281\">THE CODE<\/td>\n<td width=\"86\">IRC<\/td>\n<td width=\"116\">1.029<\/td>\n<td width=\"94\">Yes<\/td>\n<td width=\"249\">Erdem Taylan<\/td>\n<\/tr>\n<tr>\n<td width=\"85\">28<\/td>\n<td width=\"281\">VMG YELKEN<\/td>\n<td width=\"86\">IRC<\/td>\n<td width=\"116\">1.066<\/td>\n<td width=\"94\">Yes<\/td>\n<td width=\"249\">Do\u011fukan Kandemir<\/td>\n<\/tr>\n<tr>\n<td width=\"85\">29<\/td>\n<td width=\"281\">WIND RIDER<\/td>\n<td width=\"86\">IRC<\/td>\n<td width=\"116\">1.077<\/td>\n<td width=\"94\">Yes<\/td>\n<td width=\"249\">Erol Alg\u00fcl<\/td>\n<\/tr>\n<tr>\n<td width=\"85\">30<\/td>\n<td width=\"281\">YANKI 2<\/td>\n<td width=\"86\">IRC<\/td>\n<td width=\"116\">0.960<\/td>\n<td width=\"94\">Yes<\/td>\n<td width=\"249\">\u00dcmit \u00d6zdo\u011fan<\/td>\n<\/tr>\n<tr>\n<td width=\"85\">31<\/td>\n<td width=\"281\">HANSE 430 \/ ALEXANDRA DREAMS<\/td>\n<td width=\"86\">SUPPORT<\/td>\n<td width=\"116\"><\/td>\n<td width=\"94\">Yes<\/td>\n<td width=\"249\">Dmitry Maximov<\/td>\n<\/tr>\n<tr>\n<td width=\"85\">32<\/td>\n<td width=\"281\">HAPPY LIFE<\/td>\n<td width=\"86\">SUPPORT<\/td>\n<td width=\"116\"><\/td>\n<td width=\"94\">Yes<\/td>\n<td width=\"249\">Erg\u00fcn Nalbanto\u011flu<\/td>\n<\/tr>\n<tr>\n<td width=\"85\">33<\/td>\n<td width=\"281\">JAZZ<\/td>\n<td width=\"86\">SUPPORT<\/td>\n<td width=\"116\"><\/td>\n<td width=\"94\">Yes<\/td>\n<td width=\"249\">U\u011fur Kayran<\/td>\n<\/tr>\n<tr>\n<td width=\"85\">34<\/td>\n<td width=\"281\">MOHAIR ANGORA B-52<\/td>\n<td width=\"86\">SUPPORT<\/td>\n<td width=\"116\"><\/td>\n<td width=\"94\">Yes<\/td>\n<td width=\"249\">Nevzat K\u0131yak<\/td>\n<\/tr>\n<tr>\n<td width=\"85\">35<\/td>\n<td width=\"281\">MY FIRST<\/td>\n<td width=\"86\">SUPPORT<\/td>\n<td width=\"116\"><\/td>\n<td width=\"94\">Yes<\/td>\n<td width=\"249\">Batuhan Malko\u00e7<\/td>\n<\/tr>\n<tr>\n<td width=\"85\">36<\/td>\n<td width=\"281\">PERGAMON<\/td>\n<td width=\"86\">SUPPORT<\/td>\n<td width=\"116\">1.034<\/td>\n<td width=\"94\">No<\/td>\n<td width=\"249\">Denem Orhun<\/td>\n<\/tr>\n<tr>\n<td width=\"85\">37<\/td>\n<td width=\"281\">P\u0130TANEM<\/td>\n<td width=\"86\">SUPPORT<\/td>\n<td width=\"116\"><\/td>\n<td width=\"94\">No<\/td>\n<td width=\"249\">Fikri Eray Dayan\u0131r<\/td>\n<\/tr>\n<tr>\n<td width=\"85\">38<\/td>\n<td width=\"281\">RAINBOW FOLLOWERS<\/td>\n<td width=\"86\">SUPPORT<\/td>\n<td width=\"116\">1.004<\/td>\n<td width=\"94\">Yes<\/td>\n<td width=\"249\">Ufuk C\u00fcc\u00fc<\/td>\n<\/tr>\n<tr>\n<td width=\"85\">39<\/td>\n<td width=\"281\">TOPHANEL\u0130 \u0130SMA\u0130L HAKKI<\/td>\n<td width=\"86\">SUPPORT<\/td>\n<td width=\"116\"><\/td>\n<td width=\"94\">No<\/td>\n<td width=\"249\">Mehmet Suha Mankalyal\u0131<\/td>\n<\/tr>\n<\/tbody>\n<\/table>\n<p>[\/vc_column_text][\/vc_column][\/vc_row]<\/p>\n","protected":false},"excerpt":{"rendered":"<p>[vc_row rt_row_background_width=&#8221;fullwidth&#8221; rt_row_content_width=&#8221;fullwidth&#8221; rt_row_style=&#8221;default-style&#8221; rt_row_height=&#8221;&#8221; rt_row_borders=&#8221;&#8221; rt_row_shadows=&#8221;&#8221; rt_column_gaps=&#8221;&#8221; rt_row_paddings=&#8221;true&#8221; rt_bg_effect=&#8221;classic&#8221; rt_transparent_bg=&#8221;&#8221; rt_bg_image_repeat=&#8221;repeat&#8221; rt_bg_size=&#8221;cover&#8221; rt_bg_position=&#8221;right top&#8221; rt_bg_attachment=&#8221;scroll&#8221; rt_bg_video_format=&#8221;self-hosted&#8221;][vc_column rt_col_paddings=&#8221;true&#8221; rt_wrp_col_paddings=&#8221;false&#8221; rt_column_shadow=&#8221;&#8221; rt_border_top=&#8221;&#8221; rt_border_bottom=&#8221;&#8221; rt_border_left=&#8221;&#8221; rt_border_right=&#8221;&#8221; rt_border_top_mobile=&#8221;&#8221; rt_border_bottom_mobile=&#8221;&#8221; rt_border_left_mobile=&#8221;&#8221; rt_border_right_mobile=&#8221;&#8221; rt_bg_image_repeat=&#8221;repeat&#8221; rt_bg_size=&#8221;auto auto&#8221; rt_bg_position=&#8221;right top&#8221; rt_bg_attachment=&#8221;scroll&#8221;][vc_column_text] 39 Participant [\/vc_column_text][vc_column_text] NUMBER BOAT NAME CLASS IRC RATING BALLOON BOAT OFFICER 1 ANYTHING IRC 1.252 Yes Yi\u011fit \u00c7ula 2 AUR\u0130GA &#8230; <a class=\"more-link\" href=\"https:\/\/arkasaegeanlinkregatta.com\/en\/2023-participant-list\/\">Devam\u0131n\u0131 Oku<\/a><\/p>\n","protected":false},"author":1,"featured_media":0,"parent":0,"menu_order":0,"comment_status":"closed","ping_status":"closed","template":"","meta":{"footnotes":""},"class_list":["post-6221","page","type-page","status-publish","hentry"],"_links":{"self":[{"href":"https:\/\/arkasaegeanlinkregatta.com\/en\/wp-json\/wp\/v2\/pages\/6221","targetHints":{"allow":["GET"]}}],"collection":[{"href":"https:\/\/arkasaegeanlinkregatta.com\/en\/wp-json\/wp\/v2\/pages"}],"about":[{"href":"https:\/\/arkasaegeanlinkregatta.com\/en\/wp-json\/wp\/v2\/types\/page"}],"author":[{"embeddable":true,"href":"https:\/\/arkasaegeanlinkregatta.com\/en\/wp-json\/wp\/v2\/users\/1"}],"replies":[{"embeddable":true,"href":"https:\/\/arkasaegeanlinkregatta.com\/en\/wp-json\/wp\/v2\/comments?post=6221"}],"version-history":[{"count":19,"href":"https:\/\/arkasaegeanlinkregatta.com\/en\/wp-json\/wp\/v2\/pages\/6221\/revisions"}],"predecessor-version":[{"id":6422,"href":"https:\/\/arkasaegeanlinkregatta.com\/en\/wp-json\/wp\/v2\/pages\/6221\/revisions\/6422"}],"wp:attachment":[{"href":"https:\/\/arkasaegeanlinkregatta.com\/en\/wp-json\/wp\/v2\/media?parent=6221"}],"curies":[{"name":"wp","href":"https:\/\/api.w.org\/{rel}","templated":true}]}}