{"id":6476,"date":"2024-06-20T13:42:36","date_gmt":"2024-06-20T10:42:36","guid":{"rendered":"https:\/\/arkasaegeanlinkregatta.com\/en\/?page_id=6476"},"modified":"2024-08-07T16:31:52","modified_gmt":"2024-08-07T13:31:52","slug":"race-details-2024","status":"publish","type":"page","link":"https:\/\/arkasaegeanlinkregatta.com\/en\/race-details-2024\/","title":{"rendered":"Race Details 2024"},"content":{"rendered":"<p>[vc_row rt_row_background_width=&#8221;fullwidth&#8221; rt_row_content_width=&#8221;fullwidth&#8221; rt_row_style=&#8221;default-style&#8221; rt_row_height=&#8221;min_height&#8221; rt_holder_placement=&#8221;bottom&#8221; rt_row_borders=&#8221;&#8221; rt_row_shadows=&#8221;&#8221; rt_column_gaps=&#8221;&#8221; rt_row_paddings=&#8221;false&#8221; rt_bg_effect=&#8221;parallax&#8221; rt_bg_parallax_effect=&#8221;3&#8243; rt_transparent_bg=&#8221;&#8221; rt_bg_image_repeat=&#8221;no-repeat&#8221; rt_bg_size=&#8221;cover&#8221; rt_bg_position=&#8221;center top&#8221; rt_bg_video_format=&#8221;self-hosted&#8221; rt_bg_image=&#8221;4596&#8243; rt_min_row_height=&#8221;700&#8243;][vc_column width=&#8221;1\/2&#8243; rt_col_paddings=&#8221;true&#8221; rt_wrp_col_paddings=&#8221;false&#8221; rt_column_shadow=&#8221;&#8221; rt_border_top=&#8221;&#8221; rt_border_bottom=&#8221;&#8221; rt_border_left=&#8221;&#8221; rt_border_right=&#8221;&#8221; rt_border_top_mobile=&#8221;&#8221; rt_border_bottom_mobile=&#8221;&#8221; rt_border_left_mobile=&#8221;&#8221; rt_border_right_mobile=&#8221;&#8221; rt_bg_image_repeat=&#8221;repeat&#8221; rt_bg_size=&#8221;auto auto&#8221; rt_bg_position=&#8221;right top&#8221; rt_bg_attachment=&#8221;scroll&#8221; rt_padding_top=&#8221;40&#8243; rt_padding_bottom=&#8221;40&#8243; rt_padding_left=&#8221;40&#8243; rt_padding_right=&#8221;40&#8243; rt_margin_top=&#8221;-50&#8243; rt_bg_color=&#8221;&#8221; rt_bg_overlay_color=&#8221;&#8221;][\/vc_column][vc_column width=&#8221;1\/2&#8243; rt_color_set=&#8221;alt-style-1&#8243; rt_col_paddings=&#8221;true&#8221; rt_wrp_col_paddings=&#8221;false&#8221; rt_column_shadow=&#8221;&#8221; rt_border_top=&#8221;&#8221; rt_border_bottom=&#8221;&#8221; rt_border_left=&#8221;&#8221; rt_border_right=&#8221;&#8221; rt_border_top_mobile=&#8221;&#8221; rt_border_bottom_mobile=&#8221;&#8221; rt_border_left_mobile=&#8221;&#8221; rt_border_right_mobile=&#8221;&#8221; rt_bg_image_repeat=&#8221;repeat&#8221; rt_bg_size=&#8221;auto auto&#8221; rt_bg_position=&#8221;right top&#8221; rt_bg_attachment=&#8221;scroll&#8221; rt_bg_color=&#8221;&#8221; rt_bg_overlay_color=&#8221;&#8221; rt_padding_top=&#8221;100px&#8221; rt_padding_bottom=&#8221;100px&#8221; rt_padding_left=&#8221;15%&#8221; rt_padding_right=&#8221;50px&#8221;]<div class=\"rt_heading_wrapper style-5\">\n\t\t\t\t\t\t<h1 class=\"rt_heading  style-5\" >RACE DETAILS<\/h1> \n\t\t\t\t\t<\/div><div class=\"rt_heading_wrapper no-style\">\n\t\t\t\t\t\t<span class=\"rt_heading  secondary-font no-style\"  style=\"font-size:22px;\">It&#8217;s time to set sail for the championship!<\/span> \n\t\t\t\t\t<\/div>[\/vc_column][\/vc_row][vc_row rt_row_background_width=&#8221;fullwidth&#8221; rt_row_content_width=&#8221;fullwidth&#8221; rt_row_style=&#8221;default-style&#8221; rt_row_height=&#8221;&#8221; rt_column_placement=&#8221;middle&#8221; rt_row_borders=&#8221;&#8221; rt_row_shadows=&#8221;&#8221; rt_column_gaps=&#8221;&#8221; rt_row_paddings=&#8221;true&#8221; rt_bg_effect=&#8221;classic&#8221; rt_transparent_bg=&#8221;&#8221; rt_bg_image_repeat=&#8221;repeat&#8221; rt_bg_size=&#8221;cover&#8221; rt_bg_position=&#8221;right top&#8221; rt_bg_attachment=&#8221;scroll&#8221; rt_bg_video_format=&#8221;self-hosted&#8221; rt_padding_bottom=&#8221;0&#8243; rt_padding_top=&#8221;0&#8243;][vc_column width=&#8221;1\/2&#8243; rt_col_paddings=&#8221;true&#8221; rt_wrp_col_paddings=&#8221;false&#8221; rt_column_shadow=&#8221;&#8221; rt_border_top=&#8221;&#8221; rt_border_bottom=&#8221;&#8221; rt_border_left=&#8221;&#8221; rt_border_right=&#8221;&#8221; rt_border_top_mobile=&#8221;&#8221; rt_border_bottom_mobile=&#8221;&#8221; rt_border_left_mobile=&#8221;&#8221; rt_border_right_mobile=&#8221;&#8221; rt_bg_image_repeat=&#8221;repeat&#8221; rt_bg_size=&#8221;auto auto&#8221; rt_bg_position=&#8221;right top&#8221; rt_bg_attachment=&#8221;scroll&#8221; force_content_width=&#8221;yes&#8221; column_align=&#8221;right&#8221; rt_bg_color=&#8221;&#8221; rt_bg_overlay_color=&#8221;&#8221; rt_padding_left=&#8221;15%&#8221; rt_padding_right=&#8221;15%&#8221; rt_padding_top=&#8221;50px&#8221; rt_padding_bottom=&#8221;50px&#8221;]<div class=\"rt_heading_wrapper no-style\">\n\t\t\t\t\t\t<h4 class=\"rt_heading  no-style\" >ARKAS AEGEAN LINK <em>REGATTA<\/em> <\/h4> \n\t\t\t\t\t<\/div>[vc_separator style=&#8221;style-2&#8243;][vc_column_text]We will set off with the wind and waves in the blue waters of the Aegean for the Arkas Aegean Link Regatta, organized in collaboration with EAYK (Aegean Open Sea Yacht Club), Cesme Marina and Arkas with the support of the Turkish Sailing Federation and municipalities of Cesme.<\/p>\n<p>Along our 4-day route, we will breathe in Cesme&#8217;s energy and then carry the warmth of the friendly competition into the cool waters of the Aegean.<\/p>\n<p>While 39 boats participated in the Regatta in 2023, more boats are expected to participate this year.[\/vc_column_text][\/vc_column][vc_column width=&#8221;1\/2&#8243; rt_col_paddings=&#8221;true&#8221; rt_wrp_col_paddings=&#8221;false&#8221; rt_column_shadow=&#8221;&#8221; rt_border_top=&#8221;&#8221; rt_border_bottom=&#8221;&#8221; rt_border_left=&#8221;&#8221; rt_border_right=&#8221;&#8221; rt_border_top_mobile=&#8221;&#8221; rt_border_bottom_mobile=&#8221;&#8221; rt_border_left_mobile=&#8221;&#8221; rt_border_right_mobile=&#8221;&#8221; rt_bg_image_repeat=&#8221;repeat&#8221; rt_bg_size=&#8221;auto auto&#8221; rt_bg_position=&#8221;right top&#8221; rt_bg_attachment=&#8221;scroll&#8221; rt_padding_top=&#8221;0&#8243; rt_padding_bottom=&#8221;0&#8243; rt_padding_left=&#8221;0&#8243; rt_padding_right=&#8221;0&#8243; rt_bg_color=&#8221;&#8221; rt_bg_overlay_color=&#8221;&#8221;]\r\n\t\t\t\t<div id=\"image-carousel-221346\" class=\"rt-carousel carousel-holder clearfix rt_lightbox_gallery\" data-item-width=\"1\" data-nav=\"true\" data-dots=\"false\" data-margin=\"0\" data-autoplay=\"true\" data-timeout=\"12000\" data-thumbnails=\"false\" data-boxed=\"false\" data-min-height=\"\" data-padding=\"0\" data-loop=\"false\" data-mobile-item-width=\"1\">\r\n\t\t\t\t\t<div class=\"owl-carousel\">\r\n\t\t\t\t\t\t<div><img decoding=\"async\" src=\"https:\/\/arkasaegeanlinkregatta.com\/en\/wp-content\/uploads\/2019\/07\/EMRE6546_low-980x653.jpg\" alt=\"\"><\/div>\r\n\t\t\t\t\t<\/div>\r\n\t\t\t\t\t\r\n\t\t\t\t\t\r\n\t\t\t\t<\/div>\r\n\t\t\t[\/vc_column][\/vc_row][vc_row rt_row_background_width=&#8221;fullwidth&#8221; rt_row_content_width=&#8221;fullwidth&#8221; rt_row_style=&#8221;default-style&#8221; rt_row_height=&#8221;&#8221; rt_column_placement=&#8221;middle&#8221; rt_row_borders=&#8221;&#8221; rt_row_shadows=&#8221;&#8221; rt_column_gaps=&#8221;&#8221; rt_row_paddings=&#8221;false&#8221; rt_bg_effect=&#8221;classic&#8221; rt_transparent_bg=&#8221;&#8221; rt_bg_image_repeat=&#8221;repeat&#8221; rt_bg_size=&#8221;cover&#8221; rt_bg_position=&#8221;right top&#8221; rt_bg_attachment=&#8221;scroll&#8221; rt_bg_video_format=&#8221;self-hosted&#8221;][vc_column width=&#8221;1\/2&#8243; rt_col_paddings=&#8221;true&#8221; rt_wrp_col_paddings=&#8221;false&#8221; rt_column_shadow=&#8221;&#8221; rt_border_top=&#8221;&#8221; rt_border_bottom=&#8221;&#8221; rt_border_left=&#8221;&#8221; rt_border_right=&#8221;&#8221; rt_border_top_mobile=&#8221;&#8221; rt_border_bottom_mobile=&#8221;&#8221; rt_border_left_mobile=&#8221;&#8221; rt_border_right_mobile=&#8221;&#8221; rt_bg_image_repeat=&#8221;repeat&#8221; rt_bg_size=&#8221;auto auto&#8221; rt_bg_position=&#8221;right top&#8221; rt_bg_attachment=&#8221;scroll&#8221; rt_padding_top=&#8221;0&#8243; rt_padding_bottom=&#8221;0&#8243; rt_padding_left=&#8221;0&#8243; rt_padding_right=&#8221;0&#8243; rt_bg_color=&#8221;&#8221; rt_bg_overlay_color=&#8221;&#8221;]\r\n\t\t\t\t<div id=\"image-carousel-795998\" class=\"rt-carousel carousel-holder clearfix rt_lightbox_gallery\" data-item-width=\"1\" data-nav=\"true\" data-dots=\"false\" data-margin=\"0\" data-autoplay=\"true\" data-timeout=\"15000\" data-thumbnails=\"false\" data-boxed=\"false\" data-min-height=\"\" data-padding=\"0\" data-loop=\"false\" data-mobile-item-width=\"1\">\r\n\t\t\t\t\t<div class=\"owl-carousel\">\r\n\t\t\t\t\t\t<div><img decoding=\"async\" src=\"https:\/\/arkasaegeanlinkregatta.com\/en\/wp-content\/uploads\/2023\/01\/ARK_6161_low-750x500-1-750x500.jpg\" alt=\"\"><\/div>\r\n\t\t\t\t\t<\/div>\r\n\t\t\t\t\t\r\n\t\t\t\t\t\r\n\t\t\t\t<\/div>\r\n\t\t\t[\/vc_column][vc_column width=&#8221;1\/2&#8243; rt_col_paddings=&#8221;true&#8221; rt_wrp_col_paddings=&#8221;false&#8221; rt_column_shadow=&#8221;&#8221; rt_border_top=&#8221;&#8221; rt_border_bottom=&#8221;&#8221; rt_border_left=&#8221;&#8221; rt_border_right=&#8221;&#8221; rt_border_top_mobile=&#8221;&#8221; rt_border_bottom_mobile=&#8221;&#8221; rt_border_left_mobile=&#8221;&#8221; rt_border_right_mobile=&#8221;&#8221; rt_bg_image_repeat=&#8221;repeat&#8221; rt_bg_size=&#8221;auto auto&#8221; rt_bg_position=&#8221;right top&#8221; rt_bg_attachment=&#8221;scroll&#8221; force_content_width=&#8221;yes&#8221; rt_bg_color=&#8221;&#8221; rt_bg_overlay_color=&#8221;&#8221; rt_padding_left=&#8221;15%&#8221; rt_padding_right=&#8221;15%&#8221; rt_padding_top=&#8221;50px&#8221; rt_padding_bottom=&#8221;50px&#8221;]<div class=\"rt_heading_wrapper no-style\">\n\t\t\t\t\t\t<h4 class=\"rt_heading  no-style\" >OPEN RACE <em>CLASSES <\/em><\/h4> \n\t\t\t\t\t<\/div>[vc_separator style=&#8221;style-2&#8243;][vc_column_text]Open to IRC and Support Boats.<\/p>\n<p><strong>Class Ranges:<\/strong><\/p>\n<p>IRC A 0<br \/>\nIRC A 1<br \/>\nIRC A 2<br \/>\nIRC A 3<br \/>\nIRC A 4<\/p>\n<p>IRC B 1<br \/>\nIRC B 2<br \/>\nIRC B 3<\/p>\n<p>SUPPORT 1<br \/>\nSUPPORT 2<br \/>\nSUPPORT 3[\/vc_column_text][\/vc_column][\/vc_row][vc_row rt_row_background_width=&#8221;fullwidth&#8221; rt_row_content_width=&#8221;fullwidth&#8221; rt_row_style=&#8221;default-style&#8221; rt_row_height=&#8221;&#8221; rt_column_placement=&#8221;middle&#8221; rt_row_borders=&#8221;&#8221; rt_row_shadows=&#8221;&#8221; rt_column_gaps=&#8221;&#8221; rt_row_paddings=&#8221;false&#8221; rt_bg_effect=&#8221;classic&#8221; rt_transparent_bg=&#8221;&#8221; rt_bg_image_repeat=&#8221;repeat&#8221; rt_bg_size=&#8221;cover&#8221; rt_bg_position=&#8221;right top&#8221; rt_bg_attachment=&#8221;scroll&#8221; rt_bg_video_format=&#8221;self-hosted&#8221;][vc_column width=&#8221;1\/2&#8243; rt_col_paddings=&#8221;true&#8221; rt_wrp_col_paddings=&#8221;false&#8221; rt_column_shadow=&#8221;&#8221; rt_border_top=&#8221;&#8221; rt_border_bottom=&#8221;&#8221; rt_border_left=&#8221;&#8221; rt_border_right=&#8221;&#8221; rt_border_top_mobile=&#8221;&#8221; rt_border_bottom_mobile=&#8221;&#8221; rt_border_left_mobile=&#8221;&#8221; rt_border_right_mobile=&#8221;&#8221; rt_bg_image_repeat=&#8221;repeat&#8221; rt_bg_size=&#8221;auto auto&#8221; rt_bg_position=&#8221;right top&#8221; rt_bg_attachment=&#8221;scroll&#8221; force_content_width=&#8221;yes&#8221; column_align=&#8221;right&#8221; rt_bg_color=&#8221;&#8221; rt_bg_overlay_color=&#8221;&#8221; rt_padding_left=&#8221;15%&#8221; rt_padding_right=&#8221;15%&#8221; rt_padding_top=&#8221;50px&#8221; rt_padding_bottom=&#8221;50px&#8221;]<div class=\"rt_heading_wrapper no-style\">\n\t\t\t\t\t\t<h4 class=\"rt_heading  no-style\" >CALENDAR OF <em>EVENTS<\/em><\/h4> \n\t\t\t\t\t<\/div>[vc_separator style=&#8221;style-2&#8243;][vc_column_text]<strong>ARKAS AEGEAN LINK REGATTA RACE PROGRAM 2024<\/strong><\/p>\n<p><strong>Tuesday, August 13, 2024<\/strong><br \/>\n20:30 Arkas Aegean Link Regatta Opening Party, \u00c7e\u015fme Marina Yacht Club<br \/>\n21:00 Arkas Aegean Link Regatta 2023 Overall Cup handover<br \/>\n21:05 Live music, Sedat Y\u00fcce<\/p>\n<p><strong>Wednesday, August 14, 2024<\/strong><br \/>\n12:00 Race start, Arkas Aegean Link Regatta 2024 Cevher Cup<br \/>\nSingle race \u00c7e\u015fme- Ala\u00e7at\u0131<br \/>\n19:00 Cevher Cup Award Ceremony, \u00c7e\u015fme Municipality Observation Terrace<br \/>\n19:30 \u00c7e\u015fme street food with Gevrek and Ginger selection<br \/>\n19:30 \u2013 22:30 DJ Luca Zagaia performance<\/p>\n<p><strong>Thursday, August 15, 2024<\/strong><br \/>\n12:00 Race start, Arkas Aegean Link Regatta 2024 Corendon Airlines Cup Race<br \/>\nTwo races \u00c7e\u015fme Buoy and \u00c7e\u015fme Geographic<\/p>\n<p><strong>Friday, August 16, 2024<\/strong><br \/>\nJ70 Races and Corendon Airlines Festival, Dilaila Beach Club<br \/>\n10:00 \u2013 11:00 Racers gather, registration<br \/>\n11:00 Race start<br \/>\nArkas \u00c7e\u015fme Site Sports children&#8217;s workshops<br \/>\nCorendon Airlines aircraft workshop<br \/>\nMusical instrument making workshop from waste<br \/>\n16:30 \u2013 17:00 Corendon Airlines Race Cup Ceremony<br \/>\n17:00 Fungi Istanbul performance<br \/>\n17:30 \u2013 17:45 J70 Award Ceremony<\/p>\n<p><strong>Saturday, August 17, 2024<\/strong><br \/>\n12:00 Race start, Arkas Aegean Link Regatta 2024<br \/>\ntwo races Il\u0131ca buoy and Il\u0131ca Geographic<\/p>\n<p><strong>Sunday, August 18, 2024<\/strong><br \/>\n12:00 Race start, Arkas Aegean Link Regatta 2024<br \/>\nOne race \u00c7e\u015fme buoy<br \/>\n18:00 \u2013 19:00 Arkas Aegean Link Regatta 2024 Award Ceremony, \u00c7e\u015fme Marina, in front of Captain House<br \/>\n20:00 \u2013 20:45 Arkas Aegean Link Regatta 2024 Overall Award Ceremony, Y\u0131ld\u0131zburnu Stone Pier<br \/>\n21:00 \u2013 23:00 Mirkelam Concert[\/vc_column_text][\/vc_column][vc_column width=&#8221;1\/2&#8243; rt_col_paddings=&#8221;true&#8221; rt_wrp_col_paddings=&#8221;false&#8221; rt_column_shadow=&#8221;&#8221; rt_border_top=&#8221;&#8221; rt_border_bottom=&#8221;&#8221; rt_border_left=&#8221;&#8221; rt_border_right=&#8221;&#8221; rt_border_top_mobile=&#8221;&#8221; rt_border_bottom_mobile=&#8221;&#8221; rt_border_left_mobile=&#8221;&#8221; rt_border_right_mobile=&#8221;&#8221; rt_bg_image_repeat=&#8221;repeat&#8221; rt_bg_size=&#8221;auto auto&#8221; rt_bg_position=&#8221;right top&#8221; rt_bg_attachment=&#8221;scroll&#8221; rt_padding_top=&#8221;0&#8243; rt_padding_bottom=&#8221;0&#8243; rt_padding_left=&#8221;0&#8243; rt_padding_right=&#8221;0&#8243; rt_bg_color=&#8221;&#8221; rt_bg_overlay_color=&#8221;&#8221;]\r\n\t\t\t\t<div id=\"image-carousel-517419\" class=\"rt-carousel carousel-holder clearfix rt_lightbox_gallery\" data-item-width=\"1\" data-nav=\"true\" data-dots=\"false\" data-margin=\"0\" data-autoplay=\"true\" data-timeout=\"9000\" data-thumbnails=\"false\" data-boxed=\"false\" data-min-height=\"\" data-padding=\"0\" data-loop=\"false\" data-mobile-item-width=\"1\">\r\n\t\t\t\t\t<div class=\"owl-carousel\">\r\n\t\t\t\t\t\t<div><img decoding=\"async\" src=\"https:\/\/arkasaegeanlinkregatta.com\/en\/wp-content\/uploads\/2018\/06\/EMRE8618-2-729x980.jpg\" alt=\"\"><\/div>\r\n\t\t\t\t\t<\/div>\r\n\t\t\t\t\t\r\n\t\t\t\t\t\r\n\t\t\t\t<\/div>\r\n\t\t\t[\/vc_column][\/vc_row][vc_row rt_row_background_width=&#8221;fullwidth&#8221; rt_row_content_width=&#8221;fullwidth&#8221; rt_row_style=&#8221;default-style&#8221; rt_row_height=&#8221;&#8221; rt_column_placement=&#8221;middle&#8221; rt_row_borders=&#8221;&#8221; rt_row_shadows=&#8221;&#8221; rt_column_gaps=&#8221;&#8221; rt_row_paddings=&#8221;false&#8221; rt_bg_effect=&#8221;classic&#8221; rt_transparent_bg=&#8221;&#8221; rt_bg_image_repeat=&#8221;repeat&#8221; rt_bg_size=&#8221;cover&#8221; rt_bg_position=&#8221;right top&#8221; rt_bg_attachment=&#8221;scroll&#8221; rt_bg_video_format=&#8221;self-hosted&#8221;][vc_column width=&#8221;1\/2&#8243; rt_col_paddings=&#8221;true&#8221; rt_wrp_col_paddings=&#8221;false&#8221; rt_column_shadow=&#8221;&#8221; rt_border_top=&#8221;&#8221; rt_border_bottom=&#8221;&#8221; rt_border_left=&#8221;&#8221; rt_border_right=&#8221;&#8221; rt_border_top_mobile=&#8221;&#8221; rt_border_bottom_mobile=&#8221;&#8221; rt_border_left_mobile=&#8221;&#8221; rt_border_right_mobile=&#8221;&#8221; rt_bg_image_repeat=&#8221;repeat&#8221; rt_bg_size=&#8221;auto auto&#8221; rt_bg_position=&#8221;right top&#8221; rt_bg_attachment=&#8221;scroll&#8221; rt_padding_top=&#8221;0&#8243; rt_padding_bottom=&#8221;0&#8243; rt_padding_left=&#8221;0&#8243; rt_padding_right=&#8221;0&#8243; rt_bg_color=&#8221;&#8221; rt_bg_overlay_color=&#8221;&#8221;]\r\n\t\t\t\t<div id=\"image-carousel-859399\" class=\"rt-carousel carousel-holder clearfix rt_lightbox_gallery\" data-item-width=\"1\" data-nav=\"true\" data-dots=\"false\" data-margin=\"0\" data-autoplay=\"true\" data-timeout=\"15000\" data-thumbnails=\"false\" data-boxed=\"false\" data-min-height=\"\" data-padding=\"0\" data-loop=\"false\" data-mobile-item-width=\"1\">\r\n\t\t\t\t\t<div class=\"owl-carousel\">\r\n\t\t\t\t\t\t<div><img decoding=\"async\" src=\"https:\/\/arkasaegeanlinkregatta.com\/en\/wp-content\/uploads\/2017\/06\/cesme-kupa.jpg\" alt=\"\"><\/div>\r\n\t\t\t\t\t<\/div>\r\n\t\t\t\t\t\r\n\t\t\t\t\t\r\n\t\t\t\t<\/div>\r\n\t\t\t[\/vc_column][vc_column width=&#8221;1\/2&#8243; rt_col_paddings=&#8221;true&#8221; rt_wrp_col_paddings=&#8221;false&#8221; rt_column_shadow=&#8221;&#8221; rt_border_top=&#8221;&#8221; rt_border_bottom=&#8221;&#8221; rt_border_left=&#8221;&#8221; rt_border_right=&#8221;&#8221; rt_border_top_mobile=&#8221;&#8221; rt_border_bottom_mobile=&#8221;&#8221; rt_border_left_mobile=&#8221;&#8221; rt_border_right_mobile=&#8221;&#8221; rt_bg_image_repeat=&#8221;repeat&#8221; rt_bg_size=&#8221;auto auto&#8221; rt_bg_position=&#8221;right top&#8221; rt_bg_attachment=&#8221;scroll&#8221; force_content_width=&#8221;yes&#8221; rt_bg_color=&#8221;&#8221; rt_bg_overlay_color=&#8221;&#8221; rt_padding_left=&#8221;15%&#8221; rt_padding_right=&#8221;15%&#8221; rt_padding_top=&#8221;50px&#8221; rt_padding_bottom=&#8221;50px&#8221;]<div class=\"rt_heading_wrapper no-style\">\n\t\t\t\t\t\t<h4 class=\"rt_heading  no-style\" >OVERALL <em>&amp;<\/em> IRC CUP<\/h4> \n\t\t\t\t\t<\/div>[vc_separator style=&#8221;style-2&#8243;][vc_column_text]A design workshop was organized at Dokuz Eylul University Faculty of Fine Arts for the trophies that will be presented to the winners of the Arkas Aegean Link Regatta in the overall and other classes.<\/p>\n<p>Under the guidance of the Dean of the Faculty of Fine Arts of Dokuz Eylul University and faculty members, 60 students from the Faculties of Fine Arts, Art and Design of Yasar University, Izmir University of Economics and Dokuz Eylul University participated in the workshop where they let their creativity flow.<\/p>\n<p><strong>The boat that wins the Arkas Aegean Link Regatta becomes the owner of the trophy for 1 year. At the next race to be held one year later, the trophy is awarded to the new champion. The boat that wins the race 5 years in a row shall become the permanent owner of the trophy.<\/strong>[\/vc_column_text][vc_gallery type=&#8221;image_grid&#8221; images=&#8221;3723,3301,3296,3729,3341,3342&#8243;][\/vc_column][\/vc_row]<\/p>\n","protected":false},"excerpt":{"rendered":"<p>[vc_row rt_row_background_width=&#8221;fullwidth&#8221; rt_row_content_width=&#8221;fullwidth&#8221; rt_row_style=&#8221;default-style&#8221; rt_row_height=&#8221;min_height&#8221; rt_holder_placement=&#8221;bottom&#8221; rt_row_borders=&#8221;&#8221; rt_row_shadows=&#8221;&#8221; rt_column_gaps=&#8221;&#8221; rt_row_paddings=&#8221;false&#8221; rt_bg_effect=&#8221;parallax&#8221; rt_bg_parallax_effect=&#8221;3&#8243; rt_transparent_bg=&#8221;&#8221; rt_bg_image_repeat=&#8221;no-repeat&#8221; rt_bg_size=&#8221;cover&#8221; rt_bg_position=&#8221;center top&#8221; rt_bg_video_format=&#8221;self-hosted&#8221; rt_bg_image=&#8221;4596&#8243; rt_min_row_height=&#8221;700&#8243;][vc_column width=&#8221;1\/2&#8243; rt_col_paddings=&#8221;true&#8221; rt_wrp_col_paddings=&#8221;false&#8221; rt_column_shadow=&#8221;&#8221; rt_border_top=&#8221;&#8221; rt_border_bottom=&#8221;&#8221; rt_border_left=&#8221;&#8221; rt_border_right=&#8221;&#8221; rt_border_top_mobile=&#8221;&#8221; rt_border_bottom_mobile=&#8221;&#8221; rt_border_left_mobile=&#8221;&#8221; rt_border_right_mobile=&#8221;&#8221; rt_bg_image_repeat=&#8221;repeat&#8221; rt_bg_size=&#8221;auto auto&#8221; rt_bg_position=&#8221;right top&#8221; rt_bg_attachment=&#8221;scroll&#8221; rt_padding_top=&#8221;40&#8243; rt_padding_bottom=&#8221;40&#8243; rt_padding_left=&#8221;40&#8243; rt_padding_right=&#8221;40&#8243; rt_margin_top=&#8221;-50&#8243; rt_bg_color=&#8221;&#8221; rt_bg_overlay_color=&#8221;&#8221;][\/vc_column][vc_column width=&#8221;1\/2&#8243; rt_color_set=&#8221;alt-style-1&#8243; rt_col_paddings=&#8221;true&#8221; rt_wrp_col_paddings=&#8221;false&#8221; rt_column_shadow=&#8221;&#8221; rt_border_top=&#8221;&#8221; rt_border_bottom=&#8221;&#8221; rt_border_left=&#8221;&#8221; rt_border_right=&#8221;&#8221; rt_border_top_mobile=&#8221;&#8221; &#8230; <a class=\"more-link\" href=\"https:\/\/arkasaegeanlinkregatta.com\/en\/race-details-2024\/\">Devam\u0131n\u0131 Oku<\/a><\/p>\n","protected":false},"author":1,"featured_media":0,"parent":0,"menu_order":0,"comment_status":"closed","ping_status":"closed","template":"","meta":{"footnotes":""},"class_list":["post-6476","page","type-page","status-publish","hentry"],"_links":{"self":[{"href":"https:\/\/arkasaegeanlinkregatta.com\/en\/wp-json\/wp\/v2\/pages\/6476","targetHints":{"allow":["GET"]}}],"collection":[{"href":"https:\/\/arkasaegeanlinkregatta.com\/en\/wp-json\/wp\/v2\/pages"}],"about":[{"href":"https:\/\/arkasaegeanlinkregatta.com\/en\/wp-json\/wp\/v2\/types\/page"}],"author":[{"embeddable":true,"href":"https:\/\/arkasaegeanlinkregatta.com\/en\/wp-json\/wp\/v2\/users\/1"}],"replies":[{"embeddable":true,"href":"https:\/\/arkasaegeanlinkregatta.com\/en\/wp-json\/wp\/v2\/comments?post=6476"}],"version-history":[{"count":4,"href":"https:\/\/arkasaegeanlinkregatta.com\/en\/wp-json\/wp\/v2\/pages\/6476\/revisions"}],"predecessor-version":[{"id":6537,"href":"https:\/\/arkasaegeanlinkregatta.com\/en\/wp-json\/wp\/v2\/pages\/6476\/revisions\/6537"}],"wp:attachment":[{"href":"https:\/\/arkasaegeanlinkregatta.com\/en\/wp-json\/wp\/v2\/media?parent=6476"}],"curies":[{"name":"wp","href":"https:\/\/api.w.org\/{rel}","templated":true}]}}