{"id":6501,"date":"2024-06-21T13:44:38","date_gmt":"2024-06-21T10:44:38","guid":{"rendered":"https:\/\/arkasaegeanlinkregatta.com\/en\/?page_id=6501"},"modified":"2024-08-12T15:39:24","modified_gmt":"2024-08-12T12:39:24","slug":"2024-participant-list","status":"publish","type":"page","link":"https:\/\/arkasaegeanlinkregatta.com\/en\/2024-participant-list\/","title":{"rendered":"2024 Participant List"},"content":{"rendered":"<p>[vc_row rt_row_background_width=&#8221;fullwidth&#8221; rt_row_content_width=&#8221;fullwidth&#8221; rt_row_style=&#8221;default-style&#8221; rt_row_height=&#8221;&#8221; rt_row_borders=&#8221;&#8221; rt_row_shadows=&#8221;&#8221; rt_column_gaps=&#8221;&#8221; rt_row_paddings=&#8221;true&#8221; rt_bg_effect=&#8221;classic&#8221; rt_transparent_bg=&#8221;&#8221; rt_bg_image_repeat=&#8221;repeat&#8221; rt_bg_size=&#8221;cover&#8221; rt_bg_position=&#8221;right top&#8221; rt_bg_attachment=&#8221;scroll&#8221; rt_bg_video_format=&#8221;self-hosted&#8221;][vc_column rt_col_paddings=&#8221;true&#8221; rt_wrp_col_paddings=&#8221;false&#8221; rt_column_shadow=&#8221;&#8221; rt_border_top=&#8221;&#8221; rt_border_bottom=&#8221;&#8221; rt_border_left=&#8221;&#8221; rt_border_right=&#8221;&#8221; rt_border_top_mobile=&#8221;&#8221; rt_border_bottom_mobile=&#8221;&#8221; rt_border_left_mobile=&#8221;&#8221; rt_border_right_mobile=&#8221;&#8221; rt_bg_image_repeat=&#8221;repeat&#8221; rt_bg_size=&#8221;auto auto&#8221; rt_bg_position=&#8221;right top&#8221; rt_bg_attachment=&#8221;scroll&#8221;][vc_column_text]<\/p>\n<h2 style=\"text-align: center;\">32 Participant<\/h2>\n<p>[\/vc_column_text][vc_column_text]<\/p>\n<table width=\"835\">\n<tbody>\n<tr>\n<td style=\"text-align: center;\" width=\"80\"><strong>NUMBER<\/strong><\/td>\n<td style=\"text-align: center;\" width=\"267\"><strong>BOAT NAME<\/strong><\/td>\n<td style=\"text-align: center;\" width=\"88\"><strong>CLASS<\/strong><\/td>\n<td style=\"text-align: center;\" width=\"114\"><strong>IRC RATING<\/strong><\/td>\n<td style=\"text-align: center;\" width=\"88\"><strong>BALLOON<\/strong><\/td>\n<td style=\"text-align: center;\" width=\"198\"><strong>BOAT OFFICER<\/strong><\/td>\n<\/tr>\n<tr>\n<td width=\"80\">1<\/td>\n<td width=\"267\">AURORA X<\/td>\n<td width=\"88\">IRC<\/td>\n<td width=\"114\">1,028<\/td>\n<td width=\"88\">Yes<\/td>\n<td width=\"198\">Burak Algon<\/td>\n<\/tr>\n<tr>\n<td width=\"80\">2<\/td>\n<td width=\"267\">BEYMETAL TEAM LR \u2013 TOK SAILING<\/td>\n<td width=\"88\">IRC<\/td>\n<td width=\"114\">0,977<\/td>\n<td width=\"88\">Yes<\/td>\n<td width=\"198\">Onur Tok<\/td>\n<\/tr>\n<tr>\n<td width=\"80\">3<\/td>\n<td width=\"267\">ARKAS BLUEMOON<\/td>\n<td width=\"88\">IRC<\/td>\n<td width=\"114\">1,395<\/td>\n<td width=\"88\">Yes<\/td>\n<td width=\"198\">Serhat Altay<\/td>\n<\/tr>\n<tr>\n<td width=\"80\">4<\/td>\n<td width=\"267\">ARKAS BLUEMOON 2<\/td>\n<td width=\"88\">IRC<\/td>\n<td width=\"114\">1,166<\/td>\n<td width=\"88\">Yes<\/td>\n<td width=\"198\">\u0130pek K\u0131rkavak<\/td>\n<\/tr>\n<tr>\n<td width=\"80\">5<\/td>\n<td width=\"267\">BOREAS<\/td>\n<td width=\"88\">IRC<\/td>\n<td width=\"114\">1,164<\/td>\n<td width=\"88\">Yes<\/td>\n<td width=\"198\">Erkan Bilsev<\/td>\n<\/tr>\n<tr>\n<td width=\"80\">6<\/td>\n<td width=\"267\">CALLISTA<\/td>\n<td width=\"88\">IRC<\/td>\n<td width=\"114\">1,047<\/td>\n<td width=\"88\">Yes<\/td>\n<td width=\"198\">Heman Vanl\u0131erde<\/td>\n<\/tr>\n<tr>\n<td width=\"80\">7<\/td>\n<td width=\"267\">CORENDON CHEESE<\/td>\n<td width=\"88\">IRC<\/td>\n<td width=\"114\">1,020<\/td>\n<td width=\"88\">Yes<\/td>\n<td width=\"198\">G\u00fcney Kaptan<\/td>\n<\/tr>\n<tr>\n<td width=\"80\">8<\/td>\n<td width=\"267\">DAWN<\/td>\n<td width=\"88\">IRC<\/td>\n<td width=\"114\">0,999<\/td>\n<td width=\"88\">Yes<\/td>\n<td width=\"198\">G\u00f6ven \u0130ltir<\/td>\n<\/tr>\n<tr>\n<td width=\"80\">9<\/td>\n<td width=\"267\">ESHQUIA<\/td>\n<td width=\"88\">IRC<\/td>\n<td width=\"114\"><\/td>\n<td width=\"88\">Yes<\/td>\n<td width=\"198\">Bar\u0131\u015f \u00c7al\u0131k<\/td>\n<\/tr>\n<tr>\n<td width=\"80\">10<\/td>\n<td width=\"267\">G\u00d6ZTEPE A\u011eANLAR 1925<\/td>\n<td width=\"88\">IRC<\/td>\n<td width=\"114\">1,188<\/td>\n<td width=\"88\">Yes<\/td>\n<td width=\"198\">Derya Yenig\u00fcn<\/td>\n<\/tr>\n<tr>\n<td width=\"80\">11<\/td>\n<td width=\"267\">HIT X<\/td>\n<td width=\"88\">IRC<\/td>\n<td width=\"114\"><\/td>\n<td width=\"88\">Yes<\/td>\n<td width=\"198\">Haktan Ta\u015f<\/td>\n<\/tr>\n<tr>\n<td width=\"80\">12<\/td>\n<td width=\"267\">JUMBOJET<\/td>\n<td width=\"88\">IRC<\/td>\n<td width=\"114\">1.003<\/td>\n<td width=\"88\">Yes<\/td>\n<td width=\"198\">G\u00f6rkem T\u00fcfek\u00e7io\u011flu<\/td>\n<\/tr>\n<tr>\n<td width=\"80\">13<\/td>\n<td width=\"267\">KAYK APAZ<\/td>\n<td width=\"88\">IRC<\/td>\n<td width=\"114\">0,960<\/td>\n<td width=\"88\">Yes<\/td>\n<td width=\"198\">Nihat Sel\u00e7uk<\/td>\n<\/tr>\n<tr>\n<td width=\"80\">14<\/td>\n<td width=\"267\">KIRMIZI 1<\/td>\n<td width=\"88\">IRC<\/td>\n<td width=\"114\"><\/td>\n<td width=\"88\">Yes<\/td>\n<td width=\"198\">Erhan Keskinaslan<\/td>\n<\/tr>\n<tr>\n<td width=\"80\">15<\/td>\n<td width=\"267\">LAGERTHA<\/td>\n<td width=\"88\">IRC<\/td>\n<td width=\"114\"><\/td>\n<td width=\"88\">Yes<\/td>\n<td width=\"198\">Petr Kochnev<\/td>\n<\/tr>\n<tr>\n<td width=\"80\">16<\/td>\n<td width=\"267\">MERS\u0130N YELKEN AKADEM\u0130S\u0130<\/td>\n<td width=\"88\">IRC<\/td>\n<td width=\"114\">1,114<\/td>\n<td width=\"88\">Yes<\/td>\n<td width=\"198\">Oytun \u00c7al\u0131\u015flar<\/td>\n<\/tr>\n<tr>\n<td width=\"80\">17<\/td>\n<td width=\"267\">MERS\u0130N YELKEN AKADEM\u0130S\u0130 2<\/td>\n<td width=\"88\">IRC<\/td>\n<td width=\"114\">1,040<\/td>\n<td width=\"88\">Yes<\/td>\n<td width=\"198\">Oytun \u00c7al\u0131\u015flar<\/td>\n<\/tr>\n<tr>\n<td width=\"80\">18<\/td>\n<td width=\"267\">OZAY SAILING TEAM<\/td>\n<td width=\"88\">IRC<\/td>\n<td width=\"114\"><\/td>\n<td width=\"88\">Yes<\/td>\n<td width=\"198\">Bartu \u00d6zsoy<\/td>\n<\/tr>\n<tr>\n<td width=\"80\">19<\/td>\n<td width=\"267\">PASSION TWO<\/td>\n<td width=\"88\">IRC<\/td>\n<td width=\"114\">1,077<\/td>\n<td width=\"88\">Yes<\/td>\n<td width=\"198\">Ersen Din\u00e7<\/td>\n<\/tr>\n<tr>\n<td width=\"80\">20<\/td>\n<td width=\"267\">PLANETA X<\/td>\n<td width=\"88\">IRC<\/td>\n<td width=\"114\">1,012<\/td>\n<td width=\"88\">Yes<\/td>\n<td width=\"198\">Sergey Savin<\/td>\n<\/tr>\n<tr>\n<td width=\"80\">21<\/td>\n<td width=\"267\">TOPER &amp; RAINBOW FOLLOWERS<\/td>\n<td width=\"88\">IRC<\/td>\n<td width=\"114\">1,004<\/td>\n<td width=\"88\">Yes<\/td>\n<td width=\"198\">Ufuk C\u00fcc\u00fc<\/td>\n<\/tr>\n<tr>\n<td width=\"80\">22<\/td>\n<td width=\"267\">QUATTRO 4<\/td>\n<td width=\"88\">IRC<\/td>\n<td width=\"114\">0,967<\/td>\n<td width=\"88\">Yes<\/td>\n<td width=\"198\">Mustafa \u00c7elebi<\/td>\n<\/tr>\n<tr>\n<td width=\"80\">23<\/td>\n<td width=\"267\">TOXIC<\/td>\n<td width=\"88\">IRC<\/td>\n<td width=\"114\">1,038<\/td>\n<td width=\"88\">Yes<\/td>\n<td width=\"198\">Akif Sezer<\/td>\n<\/tr>\n<tr>\n<td width=\"80\">24<\/td>\n<td width=\"267\">YOGI BEAR \u2013 RUNNER<\/td>\n<td width=\"88\">IRC<\/td>\n<td width=\"114\">1,076<\/td>\n<td width=\"88\">Yes<\/td>\n<td width=\"198\">Ey\u00fcp Zafer \u00c7\u0131nar<\/td>\n<\/tr>\n<tr>\n<td width=\"80\">25<\/td>\n<td width=\"267\">ZAMAZINGO<\/td>\n<td width=\"88\">IRC<\/td>\n<td width=\"114\">0,996<\/td>\n<td width=\"88\">Yes<\/td>\n<td width=\"198\">Celal Y\u0131lmaz \u0130\u015f\u00e7imenler<\/td>\n<\/tr>\n<tr>\n<td width=\"80\">26<\/td>\n<td width=\"267\">ARUNA ODT\u00dc<\/td>\n<td width=\"88\">SUPPORT<\/td>\n<td width=\"114\">1,602<\/td>\n<td width=\"88\">Yes<\/td>\n<td width=\"198\">Mert Yi\u011fit \u00d6zkan<\/td>\n<\/tr>\n<tr>\n<td width=\"80\">27<\/td>\n<td width=\"267\">KSK YELKEN ELISA<\/td>\n<td width=\"88\">SUPPORT<\/td>\n<td width=\"114\"><\/td>\n<td width=\"88\">Yes<\/td>\n<td width=\"198\">Erhan Abay<\/td>\n<\/tr>\n<tr>\n<td width=\"80\">28<\/td>\n<td width=\"267\">MY FIRST<\/td>\n<td width=\"88\">SUPPORT<\/td>\n<td width=\"114\"><\/td>\n<td width=\"88\">Yes<\/td>\n<td width=\"198\">C\u00fcneyt Malko\u00e7<\/td>\n<\/tr>\n<tr>\n<td width=\"80\">29<\/td>\n<td width=\"267\">NO NAME<\/td>\n<td width=\"88\">SUPPORT<\/td>\n<td width=\"114\"><\/td>\n<td width=\"88\">No<\/td>\n<td width=\"198\">Denem Orhun<\/td>\n<\/tr>\n<tr>\n<td width=\"80\">30<\/td>\n<td width=\"267\">PEN BOREAS<\/td>\n<td width=\"88\">SUPPORT<\/td>\n<td width=\"114\"><\/td>\n<td width=\"88\">No<\/td>\n<td width=\"198\">Ersin Kirbulut<\/td>\n<\/tr>\n<tr>\n<td width=\"80\">31<\/td>\n<td width=\"267\">P\u0130TANEM<\/td>\n<td width=\"88\">SUPPORT<\/td>\n<td width=\"114\"><\/td>\n<td width=\"88\">No<\/td>\n<td width=\"198\">Fikri Eray Dayan\u0131r<\/td>\n<\/tr>\n<tr>\n<td width=\"80\">32<\/td>\n<td width=\"267\">TOPHANELI \u0130SMAIL HAKKI<\/td>\n<td width=\"88\">SUPPORT<\/td>\n<td width=\"114\"><\/td>\n<td width=\"88\">No<\/td>\n<td width=\"198\">Mehmet S\u00fcha Mankalyal\u0131<\/td>\n<\/tr>\n<\/tbody>\n<\/table>\n<p>[\/vc_column_text][\/vc_column][\/vc_row]<\/p>\n","protected":false},"excerpt":{"rendered":"<p>[vc_row rt_row_background_width=&#8221;fullwidth&#8221; rt_row_content_width=&#8221;fullwidth&#8221; rt_row_style=&#8221;default-style&#8221; rt_row_height=&#8221;&#8221; rt_row_borders=&#8221;&#8221; rt_row_shadows=&#8221;&#8221; rt_column_gaps=&#8221;&#8221; rt_row_paddings=&#8221;true&#8221; rt_bg_effect=&#8221;classic&#8221; rt_transparent_bg=&#8221;&#8221; rt_bg_image_repeat=&#8221;repeat&#8221; rt_bg_size=&#8221;cover&#8221; rt_bg_position=&#8221;right top&#8221; rt_bg_attachment=&#8221;scroll&#8221; rt_bg_video_format=&#8221;self-hosted&#8221;][vc_column rt_col_paddings=&#8221;true&#8221; rt_wrp_col_paddings=&#8221;false&#8221; rt_column_shadow=&#8221;&#8221; rt_border_top=&#8221;&#8221; rt_border_bottom=&#8221;&#8221; rt_border_left=&#8221;&#8221; rt_border_right=&#8221;&#8221; rt_border_top_mobile=&#8221;&#8221; rt_border_bottom_mobile=&#8221;&#8221; rt_border_left_mobile=&#8221;&#8221; rt_border_right_mobile=&#8221;&#8221; rt_bg_image_repeat=&#8221;repeat&#8221; rt_bg_size=&#8221;auto auto&#8221; rt_bg_position=&#8221;right top&#8221; rt_bg_attachment=&#8221;scroll&#8221;][vc_column_text] 32 Participant [\/vc_column_text][vc_column_text] NUMBER BOAT NAME CLASS IRC RATING BALLOON BOAT OFFICER 1 AURORA X IRC 1,028 Yes Burak Algon 2 &#8230; <a class=\"more-link\" href=\"https:\/\/arkasaegeanlinkregatta.com\/en\/2024-participant-list\/\">Devam\u0131n\u0131 Oku<\/a><\/p>\n","protected":false},"author":1,"featured_media":0,"parent":0,"menu_order":0,"comment_status":"closed","ping_status":"closed","template":"","meta":{"footnotes":""},"class_list":["post-6501","page","type-page","status-publish","hentry"],"_links":{"self":[{"href":"https:\/\/arkasaegeanlinkregatta.com\/en\/wp-json\/wp\/v2\/pages\/6501","targetHints":{"allow":["GET"]}}],"collection":[{"href":"https:\/\/arkasaegeanlinkregatta.com\/en\/wp-json\/wp\/v2\/pages"}],"about":[{"href":"https:\/\/arkasaegeanlinkregatta.com\/en\/wp-json\/wp\/v2\/types\/page"}],"author":[{"embeddable":true,"href":"https:\/\/arkasaegeanlinkregatta.com\/en\/wp-json\/wp\/v2\/users\/1"}],"replies":[{"embeddable":true,"href":"https:\/\/arkasaegeanlinkregatta.com\/en\/wp-json\/wp\/v2\/comments?post=6501"}],"version-history":[{"count":28,"href":"https:\/\/arkasaegeanlinkregatta.com\/en\/wp-json\/wp\/v2\/pages\/6501\/revisions"}],"predecessor-version":[{"id":6543,"href":"https:\/\/arkasaegeanlinkregatta.com\/en\/wp-json\/wp\/v2\/pages\/6501\/revisions\/6543"}],"wp:attachment":[{"href":"https:\/\/arkasaegeanlinkregatta.com\/en\/wp-json\/wp\/v2\/media?parent=6501"}],"curies":[{"name":"wp","href":"https:\/\/api.w.org\/{rel}","templated":true}]}}